{"id":6131,"date":"2025-11-30T10:32:59","date_gmt":"2025-11-30T09:32:59","guid":{"rendered":"https:\/\/streetballstore.com\/?post_type=product&#038;p=6131"},"modified":"2025-11-30T10:43:17","modified_gmt":"2025-11-30T09:43:17","slug":"echantillon-ballon","status":"publish","type":"product","link":"https:\/\/streetballstore.com\/en\/product\/echantillon-ballon\/","title":{"rendered":"Echantillon Ballon"},"content":{"rendered":"","protected":false},"excerpt":{"rendered":"<p class=\"p1\"><span class=\"s1\">\u00c9chantillon \u2013 Ballon de Basket ou Ballon de Football<\/span><\/p>\n<p class=\"p1\"><span class=\"s1\">Recevez un \u00e9chantillon de votre futur ballon personnalis\u00e9. Que ce soit un ballon de football classique, Futsal ou un ballon de basketball (taille 5, 6, 7, format 3vs3 ou format 1vs1), nous vous envoyons un mod\u00e8le repr\u00e9sentatif de la qualit\u00e9 finale.<\/span><\/p>\n<p class=\"p1\"><span class=\"s1\">Le tarif inclut d\u00e9j\u00e0 la fabrication du ballon d\u2019\u00e9chantillon.<\/span><\/p>","protected":false},"featured_media":6110,"comment_status":"open","ping_status":"closed","template":"","meta":{"_acf_changed":false},"product_cat":[89],"product_tag":[],"class_list":{"0":"post-6131","1":"product","2":"type-product","3":"status-publish","4":"has-post-thumbnail","6":"product_cat-echantillon","8":"first","9":"instock","10":"taxable","11":"shipping-taxable","12":"purchasable","13":"product-type-variable","swatches":"rey-swatches","show_selected":"","stretch_labels":"rey-swatches--stretch-labels"},"acf":[],"yoast_head":"<!-- This site is optimized with the Yoast SEO plugin v26.4 - https:\/\/yoast.com\/wordpress\/plugins\/seo\/ -->\n<title>Echantillon Ballon - StreetBall Store<\/title>\n<meta name=\"robots\" content=\"index, follow, max-snippet:-1, max-image-preview:large, max-video-preview:-1\" \/>\n<link rel=\"canonical\" href=\"https:\/\/streetballstore.com\/en\/product\/echantillon-ballon\/\" \/>\n<meta property=\"og:locale\" content=\"en_US\" \/>\n<meta property=\"og:type\" content=\"article\" \/>\n<meta property=\"og:title\" content=\"Echantillon Ballon - StreetBall Store\" \/>\n<meta property=\"og:description\" content=\"\u00c9chantillon \u2013 Ballon de Basket ou Ballon de Football Recevez un \u00e9chantillon de votre futur ballon personnalis\u00e9. Que ce soit un ballon de football classique, Futsal ou un ballon de basketball (taille 5, 6, 7, format 3vs3 ou format 1vs1), nous vous envoyons un mod\u00e8le repr\u00e9sentatif de la qualit\u00e9 finale. Le tarif inclut d\u00e9j\u00e0 la fabrication du ballon d\u2019\u00e9chantillon.\" \/>\n<meta property=\"og:url\" content=\"https:\/\/streetballstore.com\/en\/product\/echantillon-ballon\/\" \/>\n<meta property=\"og:site_name\" content=\"StreetBall Store\" \/>\n<meta property=\"article:modified_time\" content=\"2025-11-30T09:43:17+00:00\" \/>\n<meta property=\"og:image\" content=\"https:\/\/streetballstore.com\/wp-content\/uploads\/2025\/11\/echantillon-ballon-foot-basket.jpg\" \/>\n\t<meta property=\"og:image:width\" content=\"1180\" \/>\n\t<meta property=\"og:image:height\" content=\"1377\" \/>\n\t<meta property=\"og:image:type\" content=\"image\/jpeg\" \/>\n<meta name=\"twitter:card\" content=\"summary_large_image\" \/>\n<meta name=\"twitter:label1\" content=\"Est. reading time\" \/>\n\t<meta name=\"twitter:data1\" content=\"1 minute\" \/>\n<script type=\"application\/ld+json\" class=\"yoast-schema-graph\">{\"@context\":\"https:\/\/schema.org\",\"@graph\":[{\"@type\":\"WebPage\",\"@id\":\"https:\/\/streetballstore.com\/produit\/echantillon-ballon\/\",\"url\":\"https:\/\/streetballstore.com\/produit\/echantillon-ballon\/\",\"name\":\"Echantillon Ballon - StreetBall Store\",\"isPartOf\":{\"@id\":\"https:\/\/streetballstore.com\/#website\"},\"primaryImageOfPage\":{\"@id\":\"https:\/\/streetballstore.com\/produit\/echantillon-ballon\/#primaryimage\"},\"image\":{\"@id\":\"https:\/\/streetballstore.com\/produit\/echantillon-ballon\/#primaryimage\"},\"thumbnailUrl\":\"https:\/\/streetballstore.com\/wp-content\/uploads\/2025\/11\/echantillon-ballon-foot-basket.jpg\",\"datePublished\":\"2025-11-30T09:32:59+00:00\",\"dateModified\":\"2025-11-30T09:43:17+00:00\",\"breadcrumb\":{\"@id\":\"https:\/\/streetballstore.com\/produit\/echantillon-ballon\/#breadcrumb\"},\"inLanguage\":\"en-US\",\"potentialAction\":[{\"@type\":\"ReadAction\",\"target\":[\"https:\/\/streetballstore.com\/produit\/echantillon-ballon\/\"]}]},{\"@type\":\"ImageObject\",\"inLanguage\":\"en-US\",\"@id\":\"https:\/\/streetballstore.com\/produit\/echantillon-ballon\/#primaryimage\",\"url\":\"https:\/\/streetballstore.com\/wp-content\/uploads\/2025\/11\/echantillon-ballon-foot-basket.jpg\",\"contentUrl\":\"https:\/\/streetballstore.com\/wp-content\/uploads\/2025\/11\/echantillon-ballon-foot-basket.jpg\",\"width\":1180,\"height\":1377},{\"@type\":\"BreadcrumbList\",\"@id\":\"https:\/\/streetballstore.com\/produit\/echantillon-ballon\/#breadcrumb\",\"itemListElement\":[{\"@type\":\"ListItem\",\"position\":1,\"name\":\"Accueil\",\"item\":\"https:\/\/streetballstore.com\/\"},{\"@type\":\"ListItem\",\"position\":2,\"name\":\"Shop\",\"item\":\"https:\/\/streetballstore.com\/shop\/\"},{\"@type\":\"ListItem\",\"position\":3,\"name\":\"Echantillon Ballon\"}]},{\"@type\":\"WebSite\",\"@id\":\"https:\/\/streetballstore.com\/#website\",\"url\":\"https:\/\/streetballstore.com\/\",\"name\":\"StreetBall Store \u2013 Boutique de sport et streetwear\",\"description\":\"Where Others Don\u2019t!\",\"publisher\":{\"@id\":\"https:\/\/streetballstore.com\/#organization\"},\"potentialAction\":[{\"@type\":\"SearchAction\",\"target\":{\"@type\":\"EntryPoint\",\"urlTemplate\":\"https:\/\/streetballstore.com\/?s={search_term_string}\"},\"query-input\":{\"@type\":\"PropertyValueSpecification\",\"valueRequired\":true,\"valueName\":\"search_term_string\"}}],\"inLanguage\":\"en-US\"},{\"@type\":\"Organization\",\"@id\":\"https:\/\/streetballstore.com\/#organization\",\"name\":\"StreetBall Store\",\"url\":\"https:\/\/streetballstore.com\/\",\"logo\":{\"@type\":\"ImageObject\",\"inLanguage\":\"en-US\",\"@id\":\"https:\/\/streetballstore.com\/#\/schema\/logo\/image\/\",\"url\":\"https:\/\/streetballstore.com\/wp-content\/uploads\/2025\/09\/cropped-streetball-store-logo_.png\",\"contentUrl\":\"https:\/\/streetballstore.com\/wp-content\/uploads\/2025\/09\/cropped-streetball-store-logo_.png\",\"width\":520,\"height\":520,\"caption\":\"StreetBall Store\"},\"image\":{\"@id\":\"https:\/\/streetballstore.com\/#\/schema\/logo\/image\/\"},\"sameAs\":[\"https:\/\/www.instagram.com\/streetballstore?igsh=MTJqOGloaHlhNGZ2NQ&utm_source=qr\"]}]}<\/script>\n<!-- \/ Yoast SEO plugin. -->","yoast_head_json":{"title":"Echantillon Ballon - StreetBall Store","robots":{"index":"index","follow":"follow","max-snippet":"max-snippet:-1","max-image-preview":"max-image-preview:large","max-video-preview":"max-video-preview:-1"},"canonical":"https:\/\/streetballstore.com\/en\/product\/echantillon-ballon\/","og_locale":"en_US","og_type":"article","og_title":"Echantillon Ballon - StreetBall Store","og_description":"\u00c9chantillon \u2013 Ballon de Basket ou Ballon de Football Recevez un \u00e9chantillon de votre futur ballon personnalis\u00e9. Que ce soit un ballon de football classique, Futsal ou un ballon de basketball (taille 5, 6, 7, format 3vs3 ou format 1vs1), nous vous envoyons un mod\u00e8le repr\u00e9sentatif de la qualit\u00e9 finale. Le tarif inclut d\u00e9j\u00e0 la fabrication du ballon d\u2019\u00e9chantillon.","og_url":"https:\/\/streetballstore.com\/en\/product\/echantillon-ballon\/","og_site_name":"StreetBall Store","article_modified_time":"2025-11-30T09:43:17+00:00","og_image":[{"width":1180,"height":1377,"url":"https:\/\/streetballstore.com\/wp-content\/uploads\/2025\/11\/echantillon-ballon-foot-basket.jpg","type":"image\/jpeg"}],"twitter_card":"summary_large_image","twitter_misc":{"Est. reading time":"1 minute"},"schema":{"@context":"https:\/\/schema.org","@graph":[{"@type":"WebPage","@id":"https:\/\/streetballstore.com\/produit\/echantillon-ballon\/","url":"https:\/\/streetballstore.com\/produit\/echantillon-ballon\/","name":"Echantillon Ballon - StreetBall Store","isPartOf":{"@id":"https:\/\/streetballstore.com\/#website"},"primaryImageOfPage":{"@id":"https:\/\/streetballstore.com\/produit\/echantillon-ballon\/#primaryimage"},"image":{"@id":"https:\/\/streetballstore.com\/produit\/echantillon-ballon\/#primaryimage"},"thumbnailUrl":"https:\/\/streetballstore.com\/wp-content\/uploads\/2025\/11\/echantillon-ballon-foot-basket.jpg","datePublished":"2025-11-30T09:32:59+00:00","dateModified":"2025-11-30T09:43:17+00:00","breadcrumb":{"@id":"https:\/\/streetballstore.com\/produit\/echantillon-ballon\/#breadcrumb"},"inLanguage":"en-US","potentialAction":[{"@type":"ReadAction","target":["https:\/\/streetballstore.com\/produit\/echantillon-ballon\/"]}]},{"@type":"ImageObject","inLanguage":"en-US","@id":"https:\/\/streetballstore.com\/produit\/echantillon-ballon\/#primaryimage","url":"https:\/\/streetballstore.com\/wp-content\/uploads\/2025\/11\/echantillon-ballon-foot-basket.jpg","contentUrl":"https:\/\/streetballstore.com\/wp-content\/uploads\/2025\/11\/echantillon-ballon-foot-basket.jpg","width":1180,"height":1377},{"@type":"BreadcrumbList","@id":"https:\/\/streetballstore.com\/produit\/echantillon-ballon\/#breadcrumb","itemListElement":[{"@type":"ListItem","position":1,"name":"Accueil","item":"https:\/\/streetballstore.com\/"},{"@type":"ListItem","position":2,"name":"Shop","item":"https:\/\/streetballstore.com\/shop\/"},{"@type":"ListItem","position":3,"name":"Echantillon Ballon"}]},{"@type":"WebSite","@id":"https:\/\/streetballstore.com\/#website","url":"https:\/\/streetballstore.com\/","name":"StreetBall Store \u2013 Boutique de sport et streetwear","description":"Where Others Don't!","publisher":{"@id":"https:\/\/streetballstore.com\/#organization"},"potentialAction":[{"@type":"SearchAction","target":{"@type":"EntryPoint","urlTemplate":"https:\/\/streetballstore.com\/?s={search_term_string}"},"query-input":{"@type":"PropertyValueSpecification","valueRequired":true,"valueName":"search_term_string"}}],"inLanguage":"en-US"},{"@type":"Organization","@id":"https:\/\/streetballstore.com\/#organization","name":"StreetBall Store","url":"https:\/\/streetballstore.com\/","logo":{"@type":"ImageObject","inLanguage":"en-US","@id":"https:\/\/streetballstore.com\/#\/schema\/logo\/image\/","url":"https:\/\/streetballstore.com\/wp-content\/uploads\/2025\/09\/cropped-streetball-store-logo_.png","contentUrl":"https:\/\/streetballstore.com\/wp-content\/uploads\/2025\/09\/cropped-streetball-store-logo_.png","width":520,"height":520,"caption":"StreetBall Store"},"image":{"@id":"https:\/\/streetballstore.com\/#\/schema\/logo\/image\/"},"sameAs":["https:\/\/www.instagram.com\/streetballstore?igsh=MTJqOGloaHlhNGZ2NQ&utm_source=qr"]}]}},"_links":{"self":[{"href":"https:\/\/streetballstore.com\/en\/wp-json\/wp\/v2\/product\/6131","targetHints":{"allow":["GET"]}}],"collection":[{"href":"https:\/\/streetballstore.com\/en\/wp-json\/wp\/v2\/product"}],"about":[{"href":"https:\/\/streetballstore.com\/en\/wp-json\/wp\/v2\/types\/product"}],"replies":[{"embeddable":true,"href":"https:\/\/streetballstore.com\/en\/wp-json\/wp\/v2\/comments?post=6131"}],"version-history":[{"count":1,"href":"https:\/\/streetballstore.com\/en\/wp-json\/wp\/v2\/product\/6131\/revisions"}],"predecessor-version":[{"id":6134,"href":"https:\/\/streetballstore.com\/en\/wp-json\/wp\/v2\/product\/6131\/revisions\/6134"}],"wp:featuredmedia":[{"embeddable":true,"href":"https:\/\/streetballstore.com\/en\/wp-json\/wp\/v2\/media\/6110"}],"wp:attachment":[{"href":"https:\/\/streetballstore.com\/en\/wp-json\/wp\/v2\/media?parent=6131"}],"wp:term":[{"taxonomy":"product_cat","embeddable":true,"href":"https:\/\/streetballstore.com\/en\/wp-json\/wp\/v2\/product_cat?post=6131"},{"taxonomy":"product_tag","embeddable":true,"href":"https:\/\/streetballstore.com\/en\/wp-json\/wp\/v2\/product_tag?post=6131"}],"curies":[{"name":"wp","href":"https:\/\/api.w.org\/{rel}","templated":true}]}}