{"id":3430,"date":"2025-04-03T20:15:07","date_gmt":"2025-04-03T18:15:07","guid":{"rendered":"https:\/\/streetballstore.com\/?post_type=product&#038;p=3430"},"modified":"2025-11-30T10:50:30","modified_gmt":"2025-11-30T09:50:30","slug":"ballon-streetball-king-1x1","status":"publish","type":"product","link":"https:\/\/streetballstore.com\/en\/product\/ballon-streetball-king-1x1\/","title":{"rendered":"Ballon streetball king 1&#215;1"},"content":{"rendered":"<p class=\"p1\"><span class=\"s1\">Con\u00e7u pour les duels intenses et les playgrounds du monde entier, le <\/span><span class=\"s2\">ballon King 1X1<\/span><span class=\"s1\"> allie performance et style avec une finition haut de gamme.<\/span><\/p>\n<p class=\"p2\"><span class=\"s1\">\u2022 <\/span><span class=\"s2\">Mati\u00e8re :<\/span><span class=\"s1\"> cuir de haute qualit\u00e9, offrant durabilit\u00e9 et toucher optimal.<\/span><\/p>\n<p class=\"p2\"><span class=\"s1\">\u2022 <\/span><span class=\"s2\">Polyvalence :<\/span><span class=\"s1\"> id\u00e9al pour une utilisation en <\/span><span class=\"s2\">outdoor<\/span><span class=\"s1\"> comme en <\/span><span class=\"s2\">indoor<\/span><span class=\"s1\">.<\/span><\/p>\n<p class=\"p2\"><span class=\"s1\">\u2022 <\/span><span class=\"s2\">Grip exceptionnel :<\/span><span class=\"s1\"> con\u00e7u pour assurer un contr\u00f4le pr\u00e9cis et une adh\u00e9rence parfaite lors des matchs en 1vs1.<\/span><\/p>\n<p class=\"p2\"><span class=\"s1\">\u2022 <\/span><span class=\"s2\">Code couleur iconique :<\/span><span class=\"s1\"> noir et jaune, en accord avec l\u2019identit\u00e9 visuelle de la collection <\/span><span class=\"s2\">King 1X1<\/span><span class=\"s1\">.<\/span><\/p>\n<p class=\"p2\"><span class=\"s1\">\u2022 <\/span><span class=\"s2\">D\u00e9tails graphiques :<\/span><\/p>\n<p class=\"p3\"><span class=\"s1\">\u2022 <\/span><span class=\"s2\">Logo King<\/span><span class=\"s1\"> imprim\u00e9 sur la partie noire du ballon.<\/span><\/p>\n<p class=\"p3\"><span class=\"s1\">\u2022 <\/span><span class=\"s2\">Marquage \u201cStreetball\u201d<\/span><span class=\"s1\"> sur la section jaune, affirmant son ADN urbain.<\/span><\/p>\n<p class=\"p3\"><span class=\"s1\">\u2022 <\/span><span class=\"s2\">Inscription \u201cWorld Championships 1X1\u201d<\/span><span class=\"s1\"> sur l\u2019autre face, soulignant son caract\u00e8re comp\u00e9titif et international.<\/span><\/p>","protected":false},"excerpt":{"rendered":"<p class=\"p1\"><strong><span class=\"s1\">Ballon King 1X1 \u2013 L\u2019Excellence du Streetball<\/span><\/strong><\/p>\n<p class=\"p1\"><span class=\"s1\">Un ballon con\u00e7u pour \u00e9lever le <\/span><span class=\"s2\">1 contre 1<\/span><span class=\"s1\"> \u00e0 son plus haut niveau, sur tous les terrains du globe.<\/span><\/p>","protected":false},"featured_media":3432,"comment_status":"open","ping_status":"closed","template":"","meta":{"_acf_changed":false},"product_cat":[44,69],"product_tag":[],"class_list":{"0":"post-3430","1":"product","2":"type-product","3":"status-publish","4":"has-post-thumbnail","6":"product_cat-accessories","7":"product_cat-king1x1","9":"first","10":"instock","11":"taxable","12":"shipping-taxable","13":"purchasable","14":"product-type-simple","swatches":"rey-swatches","show_selected":"","stretch_labels":"rey-swatches--stretch-labels"},"acf":[],"yoast_head":"<!-- This site is optimized with the Yoast SEO plugin v26.4 - https:\/\/yoast.com\/wordpress\/plugins\/seo\/ -->\n<title>Ballon streetball king 1x1 - StreetBall Store<\/title>\n<meta name=\"description\" content=\"Ballon sp\u00e9cialis\u00e9 pour le streetball et 1vs1, cuir de tres bonne qualit\u00e9. Id\u00e9al pour outside comme indoor. Couleur jaune et noir\" \/>\n<meta name=\"robots\" content=\"index, follow, max-snippet:-1, max-image-preview:large, max-video-preview:-1\" \/>\n<link rel=\"canonical\" href=\"https:\/\/streetballstore.com\/en\/product\/ballon-streetball-king-1x1\/\" \/>\n<meta property=\"og:locale\" content=\"en_US\" \/>\n<meta property=\"og:type\" content=\"article\" \/>\n<meta property=\"og:title\" content=\"Ballon streetball king 1x1 - StreetBall Store\" \/>\n<meta property=\"og:description\" content=\"Ballon sp\u00e9cialis\u00e9 pour le streetball et 1vs1, cuir de tres bonne qualit\u00e9. Id\u00e9al pour outside comme indoor. Couleur jaune et noir\" \/>\n<meta property=\"og:url\" content=\"https:\/\/streetballstore.com\/en\/product\/ballon-streetball-king-1x1\/\" \/>\n<meta property=\"og:site_name\" content=\"StreetBall Store\" \/>\n<meta property=\"article:modified_time\" content=\"2025-11-30T09:50:30+00:00\" \/>\n<meta property=\"og:image\" content=\"https:\/\/streetballstore.com\/wp-content\/uploads\/2025\/04\/ballon-streetball-king1x1.jpg\" \/>\n\t<meta property=\"og:image:width\" content=\"1180\" \/>\n\t<meta property=\"og:image:height\" content=\"1377\" \/>\n\t<meta property=\"og:image:type\" content=\"image\/jpeg\" \/>\n<meta name=\"twitter:card\" content=\"summary_large_image\" \/>\n<meta name=\"twitter:label1\" content=\"Est. reading time\" \/>\n\t<meta name=\"twitter:data1\" content=\"1 minute\" \/>\n<script type=\"application\/ld+json\" class=\"yoast-schema-graph\">{\"@context\":\"https:\/\/schema.org\",\"@graph\":[{\"@type\":\"WebPage\",\"@id\":\"https:\/\/streetballstore.com\/produit\/ballon-streetball-king-1x1\/\",\"url\":\"https:\/\/streetballstore.com\/produit\/ballon-streetball-king-1x1\/\",\"name\":\"Ballon streetball king 1x1 - StreetBall Store\",\"isPartOf\":{\"@id\":\"https:\/\/streetballstore.com\/#website\"},\"primaryImageOfPage\":{\"@id\":\"https:\/\/streetballstore.com\/produit\/ballon-streetball-king-1x1\/#primaryimage\"},\"image\":{\"@id\":\"https:\/\/streetballstore.com\/produit\/ballon-streetball-king-1x1\/#primaryimage\"},\"thumbnailUrl\":\"https:\/\/streetballstore.com\/wp-content\/uploads\/2025\/04\/ballon-streetball-king1x1.jpg\",\"datePublished\":\"2025-04-03T18:15:07+00:00\",\"dateModified\":\"2025-11-30T09:50:30+00:00\",\"description\":\"Ballon sp\u00e9cialis\u00e9 pour le streetball et 1vs1, cuir de tres bonne qualit\u00e9. Id\u00e9al pour outside comme indoor. Couleur jaune et noir\",\"breadcrumb\":{\"@id\":\"https:\/\/streetballstore.com\/produit\/ballon-streetball-king-1x1\/#breadcrumb\"},\"inLanguage\":\"en-US\",\"potentialAction\":[{\"@type\":\"ReadAction\",\"target\":[\"https:\/\/streetballstore.com\/produit\/ballon-streetball-king-1x1\/\"]}]},{\"@type\":\"ImageObject\",\"inLanguage\":\"en-US\",\"@id\":\"https:\/\/streetballstore.com\/produit\/ballon-streetball-king-1x1\/#primaryimage\",\"url\":\"https:\/\/streetballstore.com\/wp-content\/uploads\/2025\/04\/ballon-streetball-king1x1.jpg\",\"contentUrl\":\"https:\/\/streetballstore.com\/wp-content\/uploads\/2025\/04\/ballon-streetball-king1x1.jpg\",\"width\":1180,\"height\":1377},{\"@type\":\"BreadcrumbList\",\"@id\":\"https:\/\/streetballstore.com\/produit\/ballon-streetball-king-1x1\/#breadcrumb\",\"itemListElement\":[{\"@type\":\"ListItem\",\"position\":1,\"name\":\"Accueil\",\"item\":\"https:\/\/streetballstore.com\/\"},{\"@type\":\"ListItem\",\"position\":2,\"name\":\"Shop\",\"item\":\"https:\/\/streetballstore.com\/shop\/\"},{\"@type\":\"ListItem\",\"position\":3,\"name\":\"Ballon streetball king 1&#215;1\"}]},{\"@type\":\"WebSite\",\"@id\":\"https:\/\/streetballstore.com\/#website\",\"url\":\"https:\/\/streetballstore.com\/\",\"name\":\"StreetBall Store \u2013 Boutique de sport et streetwear\",\"description\":\"Where Others Don\u2019t!\",\"publisher\":{\"@id\":\"https:\/\/streetballstore.com\/#organization\"},\"potentialAction\":[{\"@type\":\"SearchAction\",\"target\":{\"@type\":\"EntryPoint\",\"urlTemplate\":\"https:\/\/streetballstore.com\/?s={search_term_string}\"},\"query-input\":{\"@type\":\"PropertyValueSpecification\",\"valueRequired\":true,\"valueName\":\"search_term_string\"}}],\"inLanguage\":\"en-US\"},{\"@type\":\"Organization\",\"@id\":\"https:\/\/streetballstore.com\/#organization\",\"name\":\"StreetBall Store\",\"url\":\"https:\/\/streetballstore.com\/\",\"logo\":{\"@type\":\"ImageObject\",\"inLanguage\":\"en-US\",\"@id\":\"https:\/\/streetballstore.com\/#\/schema\/logo\/image\/\",\"url\":\"https:\/\/streetballstore.com\/wp-content\/uploads\/2025\/09\/cropped-streetball-store-logo_.png\",\"contentUrl\":\"https:\/\/streetballstore.com\/wp-content\/uploads\/2025\/09\/cropped-streetball-store-logo_.png\",\"width\":520,\"height\":520,\"caption\":\"StreetBall Store\"},\"image\":{\"@id\":\"https:\/\/streetballstore.com\/#\/schema\/logo\/image\/\"},\"sameAs\":[\"https:\/\/www.instagram.com\/streetballstore?igsh=MTJqOGloaHlhNGZ2NQ&utm_source=qr\"]}]}<\/script>\n<!-- \/ Yoast SEO plugin. -->","yoast_head_json":{"title":"Ballon streetball king 1x1 - StreetBall Store","description":"Ballon sp\u00e9cialis\u00e9 pour le streetball et 1vs1, cuir de tres bonne qualit\u00e9. Id\u00e9al pour outside comme indoor. Couleur jaune et noir","robots":{"index":"index","follow":"follow","max-snippet":"max-snippet:-1","max-image-preview":"max-image-preview:large","max-video-preview":"max-video-preview:-1"},"canonical":"https:\/\/streetballstore.com\/en\/product\/ballon-streetball-king-1x1\/","og_locale":"en_US","og_type":"article","og_title":"Ballon streetball king 1x1 - StreetBall Store","og_description":"Ballon sp\u00e9cialis\u00e9 pour le streetball et 1vs1, cuir de tres bonne qualit\u00e9. Id\u00e9al pour outside comme indoor. Couleur jaune et noir","og_url":"https:\/\/streetballstore.com\/en\/product\/ballon-streetball-king-1x1\/","og_site_name":"StreetBall Store","article_modified_time":"2025-11-30T09:50:30+00:00","og_image":[{"width":1180,"height":1377,"url":"https:\/\/streetballstore.com\/wp-content\/uploads\/2025\/04\/ballon-streetball-king1x1.jpg","type":"image\/jpeg"}],"twitter_card":"summary_large_image","twitter_misc":{"Est. reading time":"1 minute"},"schema":{"@context":"https:\/\/schema.org","@graph":[{"@type":"WebPage","@id":"https:\/\/streetballstore.com\/produit\/ballon-streetball-king-1x1\/","url":"https:\/\/streetballstore.com\/produit\/ballon-streetball-king-1x1\/","name":"Ballon streetball king 1x1 - StreetBall Store","isPartOf":{"@id":"https:\/\/streetballstore.com\/#website"},"primaryImageOfPage":{"@id":"https:\/\/streetballstore.com\/produit\/ballon-streetball-king-1x1\/#primaryimage"},"image":{"@id":"https:\/\/streetballstore.com\/produit\/ballon-streetball-king-1x1\/#primaryimage"},"thumbnailUrl":"https:\/\/streetballstore.com\/wp-content\/uploads\/2025\/04\/ballon-streetball-king1x1.jpg","datePublished":"2025-04-03T18:15:07+00:00","dateModified":"2025-11-30T09:50:30+00:00","description":"Ballon sp\u00e9cialis\u00e9 pour le streetball et 1vs1, cuir de tres bonne qualit\u00e9. Id\u00e9al pour outside comme indoor. Couleur jaune et noir","breadcrumb":{"@id":"https:\/\/streetballstore.com\/produit\/ballon-streetball-king-1x1\/#breadcrumb"},"inLanguage":"en-US","potentialAction":[{"@type":"ReadAction","target":["https:\/\/streetballstore.com\/produit\/ballon-streetball-king-1x1\/"]}]},{"@type":"ImageObject","inLanguage":"en-US","@id":"https:\/\/streetballstore.com\/produit\/ballon-streetball-king-1x1\/#primaryimage","url":"https:\/\/streetballstore.com\/wp-content\/uploads\/2025\/04\/ballon-streetball-king1x1.jpg","contentUrl":"https:\/\/streetballstore.com\/wp-content\/uploads\/2025\/04\/ballon-streetball-king1x1.jpg","width":1180,"height":1377},{"@type":"BreadcrumbList","@id":"https:\/\/streetballstore.com\/produit\/ballon-streetball-king-1x1\/#breadcrumb","itemListElement":[{"@type":"ListItem","position":1,"name":"Accueil","item":"https:\/\/streetballstore.com\/"},{"@type":"ListItem","position":2,"name":"Shop","item":"https:\/\/streetballstore.com\/shop\/"},{"@type":"ListItem","position":3,"name":"Ballon streetball king 1&#215;1"}]},{"@type":"WebSite","@id":"https:\/\/streetballstore.com\/#website","url":"https:\/\/streetballstore.com\/","name":"StreetBall Store \u2013 Boutique de sport et streetwear","description":"Where Others Don't!","publisher":{"@id":"https:\/\/streetballstore.com\/#organization"},"potentialAction":[{"@type":"SearchAction","target":{"@type":"EntryPoint","urlTemplate":"https:\/\/streetballstore.com\/?s={search_term_string}"},"query-input":{"@type":"PropertyValueSpecification","valueRequired":true,"valueName":"search_term_string"}}],"inLanguage":"en-US"},{"@type":"Organization","@id":"https:\/\/streetballstore.com\/#organization","name":"StreetBall Store","url":"https:\/\/streetballstore.com\/","logo":{"@type":"ImageObject","inLanguage":"en-US","@id":"https:\/\/streetballstore.com\/#\/schema\/logo\/image\/","url":"https:\/\/streetballstore.com\/wp-content\/uploads\/2025\/09\/cropped-streetball-store-logo_.png","contentUrl":"https:\/\/streetballstore.com\/wp-content\/uploads\/2025\/09\/cropped-streetball-store-logo_.png","width":520,"height":520,"caption":"StreetBall Store"},"image":{"@id":"https:\/\/streetballstore.com\/#\/schema\/logo\/image\/"},"sameAs":["https:\/\/www.instagram.com\/streetballstore?igsh=MTJqOGloaHlhNGZ2NQ&utm_source=qr"]}]}},"_links":{"self":[{"href":"https:\/\/streetballstore.com\/en\/wp-json\/wp\/v2\/product\/3430","targetHints":{"allow":["GET"]}}],"collection":[{"href":"https:\/\/streetballstore.com\/en\/wp-json\/wp\/v2\/product"}],"about":[{"href":"https:\/\/streetballstore.com\/en\/wp-json\/wp\/v2\/types\/product"}],"replies":[{"embeddable":true,"href":"https:\/\/streetballstore.com\/en\/wp-json\/wp\/v2\/comments?post=3430"}],"version-history":[{"count":3,"href":"https:\/\/streetballstore.com\/en\/wp-json\/wp\/v2\/product\/3430\/revisions"}],"predecessor-version":[{"id":6136,"href":"https:\/\/streetballstore.com\/en\/wp-json\/wp\/v2\/product\/3430\/revisions\/6136"}],"wp:featuredmedia":[{"embeddable":true,"href":"https:\/\/streetballstore.com\/en\/wp-json\/wp\/v2\/media\/3432"}],"wp:attachment":[{"href":"https:\/\/streetballstore.com\/en\/wp-json\/wp\/v2\/media?parent=3430"}],"wp:term":[{"taxonomy":"product_cat","embeddable":true,"href":"https:\/\/streetballstore.com\/en\/wp-json\/wp\/v2\/product_cat?post=3430"},{"taxonomy":"product_tag","embeddable":true,"href":"https:\/\/streetballstore.com\/en\/wp-json\/wp\/v2\/product_tag?post=3430"}],"curies":[{"name":"wp","href":"https:\/\/api.w.org\/{rel}","templated":true}]}}