{"id":3421,"date":"2025-04-03T19:57:23","date_gmt":"2025-04-03T17:57:23","guid":{"rendered":"https:\/\/streetballstore.com\/?post_type=product&#038;p=3421"},"modified":"2025-04-03T20:09:02","modified_gmt":"2025-04-03T18:09:02","slug":"bombers-jacket-king","status":"publish","type":"product","link":"https:\/\/streetballstore.com\/en\/product\/bombers-jacket-king\/","title":{"rendered":"Bombers jacket King"},"content":{"rendered":"<p class=\"p1\"><span class=\"s1\">Le <\/span><span class=\"s2\">bomber King 1X1<\/span><span class=\"s1\"> est une pi\u00e8ce embl\u00e9matique, con\u00e7ue pour allier style et performance, tout en incarnant l\u2019identit\u00e9 visuelle unique de la collection <\/span><span class=\"s2\">King<\/span><span class=\"s1\">.<\/span><\/p>\n<p class=\"p2\"><span class=\"s1\">\u2022 <\/span><span class=\"s2\">Couleur principale :<\/span><span class=\"s1\"> noir profond, sobre et intemporel.<\/span><\/p>\n<p class=\"p2\"><span class=\"s1\">\u2022 <\/span><span class=\"s2\">D\u00e9tails distinctifs :<\/span><span class=\"s1\"> deux lignes jaunes sur les manches et le col, en parfaite harmonie avec le code couleur de la collection King.<\/span><\/p>\n<p class=\"p2\"><span class=\"s1\">\u2022 <\/span><span class=\"s2\">Broderie :<\/span><span class=\"s1\"> le chiffre <\/span><span class=\"s2\">24<\/span><span class=\"s1\"> brod\u00e9 au dos, symbole de l\u2019ann\u00e9e de lancement du King 1X1.<\/span><\/p>\n<p class=\"p2\"><span class=\"s1\">\u2022 <\/span><span class=\"s2\">Fermeture :<\/span><span class=\"s1\"> zip de haute qualit\u00e9 pour une finition soign\u00e9e et une r\u00e9sistance optimale.<\/span><\/p>\n<p class=\"p2\"><span class=\"s1\">\u2022 <\/span><span class=\"s2\">Poche fonctionnelle :<\/span><span class=\"s1\"> une petite poche sur le bras gauche, ajoutant une touche pratique et authentique au design.<\/span><\/p>\n<p class=\"p2\"><span class=\"s1\">\u2022 <\/span><span class=\"s2\">Graphisme arri\u00e8re :<\/span><span class=\"s1\"> le <\/span><span class=\"s2\">gros logo King<\/span><span class=\"s1\"> en jaune, accompagn\u00e9 du slogan <\/span><span class=\"s2\">\u201cWhen the street rises up\u201d<\/span><span class=\"s1\">, renfor\u00e7ant l\u2019esprit streetball et l\u2019ADN du mouvement.<\/span><\/p>\n<p class=\"p2\"><span class=\"s1\">\u2022 <\/span><span class=\"s2\">Finitions int\u00e9rieures :<\/span><span class=\"s1\"> un design exclusif pens\u00e9 pour incarner l\u2019essence de la collection, avec le <\/span><span class=\"s2\">logo King<\/span><span class=\"s1\"> repr\u00e9sent\u00e9 \u00e0 l\u2019int\u00e9rieur.<\/span><\/p>\n<p class=\"p2\"><span class=\"s1\">\u2022 <\/span><span class=\"s2\">Mati\u00e8re :<\/span><span class=\"s1\"> 100% polyester, assurant confort, l\u00e9g\u00e8ret\u00e9 et durabilit\u00e9.<\/span><\/p>","protected":false},"excerpt":{"rendered":"<p class=\"p1\"><strong><span class=\"s1\">Bomber King 1X1 \u2013 L\u2019Essence du Streetball \u00c9lev\u00e9e au Style<\/span><\/strong><\/p>\n<p class=\"p1\"><span class=\"s1\">Un bomber pens\u00e9 pour ceux qui portent fi\u00e8rement l\u2019h\u00e9ritage <\/span><span class=\"s2\">King 1X1<\/span><span class=\"s1\">, \u00e0 la crois\u00e9e du streetwear et de la performance.<\/span><\/p>","protected":false},"featured_media":3341,"comment_status":"open","ping_status":"closed","template":"","meta":{"_acf_changed":false},"product_cat":[69],"product_tag":[77],"class_list":{"0":"post-3421","1":"product","2":"type-product","3":"status-publish","4":"has-post-thumbnail","6":"product_cat-king1x1","7":"product_tag-french-terry","9":"first","10":"instock","11":"taxable","12":"shipping-taxable","13":"purchasable","14":"product-type-variable","swatches":"rey-swatches","show_selected":"","stretch_labels":"rey-swatches--stretch-labels"},"acf":[],"yoast_head":"<!-- This site is optimized with the Yoast SEO plugin v26.4 - https:\/\/yoast.com\/wordpress\/plugins\/seo\/ -->\n<title>Bombers jacket King - StreetBall Store<\/title>\n<meta name=\"robots\" content=\"index, follow, max-snippet:-1, max-image-preview:large, max-video-preview:-1\" \/>\n<link rel=\"canonical\" href=\"https:\/\/streetballstore.com\/en\/product\/bombers-jacket-king\/\" \/>\n<meta property=\"og:locale\" content=\"en_US\" \/>\n<meta property=\"og:type\" content=\"article\" \/>\n<meta property=\"og:title\" content=\"Bombers jacket King - StreetBall Store\" \/>\n<meta property=\"og:description\" content=\"Bomber King 1X1 \u2013 L\u2019Essence du Streetball \u00c9lev\u00e9e au Style Un bomber pens\u00e9 pour ceux qui portent fi\u00e8rement l\u2019h\u00e9ritage King 1X1, \u00e0 la crois\u00e9e du streetwear et de la performance.\" \/>\n<meta property=\"og:url\" content=\"https:\/\/streetballstore.com\/en\/product\/bombers-jacket-king\/\" \/>\n<meta property=\"og:site_name\" content=\"StreetBall Store\" \/>\n<meta property=\"article:modified_time\" content=\"2025-04-03T18:09:02+00:00\" \/>\n<meta property=\"og:image\" content=\"https:\/\/streetballstore.com\/wp-content\/uploads\/2025\/03\/face-bombers-noir-king-.jpg\" \/>\n\t<meta property=\"og:image:width\" content=\"1180\" \/>\n\t<meta property=\"og:image:height\" content=\"1377\" \/>\n\t<meta property=\"og:image:type\" content=\"image\/jpeg\" \/>\n<meta name=\"twitter:card\" content=\"summary_large_image\" \/>\n<meta name=\"twitter:label1\" content=\"Est. reading time\" \/>\n\t<meta name=\"twitter:data1\" content=\"1 minute\" \/>\n<script type=\"application\/ld+json\" class=\"yoast-schema-graph\">{\"@context\":\"https:\/\/schema.org\",\"@graph\":[{\"@type\":\"WebPage\",\"@id\":\"https:\/\/streetballstore.com\/produit\/bombers-jacket-king\/\",\"url\":\"https:\/\/streetballstore.com\/produit\/bombers-jacket-king\/\",\"name\":\"Bombers jacket King - StreetBall Store\",\"isPartOf\":{\"@id\":\"https:\/\/streetballstore.com\/#website\"},\"primaryImageOfPage\":{\"@id\":\"https:\/\/streetballstore.com\/produit\/bombers-jacket-king\/#primaryimage\"},\"image\":{\"@id\":\"https:\/\/streetballstore.com\/produit\/bombers-jacket-king\/#primaryimage\"},\"thumbnailUrl\":\"https:\/\/streetballstore.com\/wp-content\/uploads\/2025\/03\/face-bombers-noir-king-.jpg\",\"datePublished\":\"2025-04-03T17:57:23+00:00\",\"dateModified\":\"2025-04-03T18:09:02+00:00\",\"breadcrumb\":{\"@id\":\"https:\/\/streetballstore.com\/produit\/bombers-jacket-king\/#breadcrumb\"},\"inLanguage\":\"en-US\",\"potentialAction\":[{\"@type\":\"ReadAction\",\"target\":[\"https:\/\/streetballstore.com\/produit\/bombers-jacket-king\/\"]}]},{\"@type\":\"ImageObject\",\"inLanguage\":\"en-US\",\"@id\":\"https:\/\/streetballstore.com\/produit\/bombers-jacket-king\/#primaryimage\",\"url\":\"https:\/\/streetballstore.com\/wp-content\/uploads\/2025\/03\/face-bombers-noir-king-.jpg\",\"contentUrl\":\"https:\/\/streetballstore.com\/wp-content\/uploads\/2025\/03\/face-bombers-noir-king-.jpg\",\"width\":1180,\"height\":1377},{\"@type\":\"BreadcrumbList\",\"@id\":\"https:\/\/streetballstore.com\/produit\/bombers-jacket-king\/#breadcrumb\",\"itemListElement\":[{\"@type\":\"ListItem\",\"position\":1,\"name\":\"Accueil\",\"item\":\"https:\/\/streetballstore.com\/\"},{\"@type\":\"ListItem\",\"position\":2,\"name\":\"Shop\",\"item\":\"https:\/\/streetballstore.com\/shop\/\"},{\"@type\":\"ListItem\",\"position\":3,\"name\":\"Bombers jacket King\"}]},{\"@type\":\"WebSite\",\"@id\":\"https:\/\/streetballstore.com\/#website\",\"url\":\"https:\/\/streetballstore.com\/\",\"name\":\"StreetBall Store \u2013 Boutique de sport et streetwear\",\"description\":\"Where Others Don\u2019t!\",\"publisher\":{\"@id\":\"https:\/\/streetballstore.com\/#organization\"},\"potentialAction\":[{\"@type\":\"SearchAction\",\"target\":{\"@type\":\"EntryPoint\",\"urlTemplate\":\"https:\/\/streetballstore.com\/?s={search_term_string}\"},\"query-input\":{\"@type\":\"PropertyValueSpecification\",\"valueRequired\":true,\"valueName\":\"search_term_string\"}}],\"inLanguage\":\"en-US\"},{\"@type\":\"Organization\",\"@id\":\"https:\/\/streetballstore.com\/#organization\",\"name\":\"StreetBall Store\",\"url\":\"https:\/\/streetballstore.com\/\",\"logo\":{\"@type\":\"ImageObject\",\"inLanguage\":\"en-US\",\"@id\":\"https:\/\/streetballstore.com\/#\/schema\/logo\/image\/\",\"url\":\"https:\/\/streetballstore.com\/wp-content\/uploads\/2025\/09\/cropped-streetball-store-logo_.png\",\"contentUrl\":\"https:\/\/streetballstore.com\/wp-content\/uploads\/2025\/09\/cropped-streetball-store-logo_.png\",\"width\":520,\"height\":520,\"caption\":\"StreetBall Store\"},\"image\":{\"@id\":\"https:\/\/streetballstore.com\/#\/schema\/logo\/image\/\"},\"sameAs\":[\"https:\/\/www.instagram.com\/streetballstore?igsh=MTJqOGloaHlhNGZ2NQ&utm_source=qr\"]}]}<\/script>\n<!-- \/ Yoast SEO plugin. -->","yoast_head_json":{"title":"Bombers jacket King - StreetBall Store","robots":{"index":"index","follow":"follow","max-snippet":"max-snippet:-1","max-image-preview":"max-image-preview:large","max-video-preview":"max-video-preview:-1"},"canonical":"https:\/\/streetballstore.com\/en\/product\/bombers-jacket-king\/","og_locale":"en_US","og_type":"article","og_title":"Bombers jacket King - StreetBall Store","og_description":"Bomber King 1X1 \u2013 L\u2019Essence du Streetball \u00c9lev\u00e9e au Style Un bomber pens\u00e9 pour ceux qui portent fi\u00e8rement l\u2019h\u00e9ritage King 1X1, \u00e0 la crois\u00e9e du streetwear et de la performance.","og_url":"https:\/\/streetballstore.com\/en\/product\/bombers-jacket-king\/","og_site_name":"StreetBall Store","article_modified_time":"2025-04-03T18:09:02+00:00","og_image":[{"width":1180,"height":1377,"url":"https:\/\/streetballstore.com\/wp-content\/uploads\/2025\/03\/face-bombers-noir-king-.jpg","type":"image\/jpeg"}],"twitter_card":"summary_large_image","twitter_misc":{"Est. reading time":"1 minute"},"schema":{"@context":"https:\/\/schema.org","@graph":[{"@type":"WebPage","@id":"https:\/\/streetballstore.com\/produit\/bombers-jacket-king\/","url":"https:\/\/streetballstore.com\/produit\/bombers-jacket-king\/","name":"Bombers jacket King - StreetBall Store","isPartOf":{"@id":"https:\/\/streetballstore.com\/#website"},"primaryImageOfPage":{"@id":"https:\/\/streetballstore.com\/produit\/bombers-jacket-king\/#primaryimage"},"image":{"@id":"https:\/\/streetballstore.com\/produit\/bombers-jacket-king\/#primaryimage"},"thumbnailUrl":"https:\/\/streetballstore.com\/wp-content\/uploads\/2025\/03\/face-bombers-noir-king-.jpg","datePublished":"2025-04-03T17:57:23+00:00","dateModified":"2025-04-03T18:09:02+00:00","breadcrumb":{"@id":"https:\/\/streetballstore.com\/produit\/bombers-jacket-king\/#breadcrumb"},"inLanguage":"en-US","potentialAction":[{"@type":"ReadAction","target":["https:\/\/streetballstore.com\/produit\/bombers-jacket-king\/"]}]},{"@type":"ImageObject","inLanguage":"en-US","@id":"https:\/\/streetballstore.com\/produit\/bombers-jacket-king\/#primaryimage","url":"https:\/\/streetballstore.com\/wp-content\/uploads\/2025\/03\/face-bombers-noir-king-.jpg","contentUrl":"https:\/\/streetballstore.com\/wp-content\/uploads\/2025\/03\/face-bombers-noir-king-.jpg","width":1180,"height":1377},{"@type":"BreadcrumbList","@id":"https:\/\/streetballstore.com\/produit\/bombers-jacket-king\/#breadcrumb","itemListElement":[{"@type":"ListItem","position":1,"name":"Accueil","item":"https:\/\/streetballstore.com\/"},{"@type":"ListItem","position":2,"name":"Shop","item":"https:\/\/streetballstore.com\/shop\/"},{"@type":"ListItem","position":3,"name":"Bombers jacket King"}]},{"@type":"WebSite","@id":"https:\/\/streetballstore.com\/#website","url":"https:\/\/streetballstore.com\/","name":"StreetBall Store \u2013 Boutique de sport et streetwear","description":"Where Others Don't!","publisher":{"@id":"https:\/\/streetballstore.com\/#organization"},"potentialAction":[{"@type":"SearchAction","target":{"@type":"EntryPoint","urlTemplate":"https:\/\/streetballstore.com\/?s={search_term_string}"},"query-input":{"@type":"PropertyValueSpecification","valueRequired":true,"valueName":"search_term_string"}}],"inLanguage":"en-US"},{"@type":"Organization","@id":"https:\/\/streetballstore.com\/#organization","name":"StreetBall Store","url":"https:\/\/streetballstore.com\/","logo":{"@type":"ImageObject","inLanguage":"en-US","@id":"https:\/\/streetballstore.com\/#\/schema\/logo\/image\/","url":"https:\/\/streetballstore.com\/wp-content\/uploads\/2025\/09\/cropped-streetball-store-logo_.png","contentUrl":"https:\/\/streetballstore.com\/wp-content\/uploads\/2025\/09\/cropped-streetball-store-logo_.png","width":520,"height":520,"caption":"StreetBall Store"},"image":{"@id":"https:\/\/streetballstore.com\/#\/schema\/logo\/image\/"},"sameAs":["https:\/\/www.instagram.com\/streetballstore?igsh=MTJqOGloaHlhNGZ2NQ&utm_source=qr"]}]}},"_links":{"self":[{"href":"https:\/\/streetballstore.com\/en\/wp-json\/wp\/v2\/product\/3421","targetHints":{"allow":["GET"]}}],"collection":[{"href":"https:\/\/streetballstore.com\/en\/wp-json\/wp\/v2\/product"}],"about":[{"href":"https:\/\/streetballstore.com\/en\/wp-json\/wp\/v2\/types\/product"}],"replies":[{"embeddable":true,"href":"https:\/\/streetballstore.com\/en\/wp-json\/wp\/v2\/comments?post=3421"}],"version-history":[{"count":1,"href":"https:\/\/streetballstore.com\/en\/wp-json\/wp\/v2\/product\/3421\/revisions"}],"predecessor-version":[{"id":3429,"href":"https:\/\/streetballstore.com\/en\/wp-json\/wp\/v2\/product\/3421\/revisions\/3429"}],"wp:featuredmedia":[{"embeddable":true,"href":"https:\/\/streetballstore.com\/en\/wp-json\/wp\/v2\/media\/3341"}],"wp:attachment":[{"href":"https:\/\/streetballstore.com\/en\/wp-json\/wp\/v2\/media?parent=3421"}],"wp:term":[{"taxonomy":"product_cat","embeddable":true,"href":"https:\/\/streetballstore.com\/en\/wp-json\/wp\/v2\/product_cat?post=3421"},{"taxonomy":"product_tag","embeddable":true,"href":"https:\/\/streetballstore.com\/en\/wp-json\/wp\/v2\/product_tag?post=3421"}],"curies":[{"name":"wp","href":"https:\/\/api.w.org\/{rel}","templated":true}]}}