{"id":3412,"date":"2025-04-03T19:45:55","date_gmt":"2025-04-03T17:45:55","guid":{"rendered":"https:\/\/streetballstore.com\/?post_type=product&#038;p=3412"},"modified":"2025-04-03T19:53:50","modified_gmt":"2025-04-03T17:53:50","slug":"soccer-jersey-king1x1","status":"publish","type":"product","link":"https:\/\/streetballstore.com\/en\/product\/soccer-jersey-king1x1\/","title":{"rendered":"Soccer Jersey king1x1"},"content":{"rendered":"<p class=\"p1\"><span class=\"s1\">Le <\/span><span class=\"s2\">Jersey Soccer King 1X1<\/span><span class=\"s1\"> incarne l\u2019esprit du streetball et du sport de haut niveau avec un design audacieux et premium.<\/span><\/p>\n<p class=\"p2\"><span class=\"s1\">\u2022 <\/span><span class=\"s2\">Couleur principale :<\/span><span class=\"s1\"> noir profond, symbole d\u2019\u00e9l\u00e9gance et de puissance.<\/span><\/p>\n<p class=\"p2\"><span class=\"s1\">\u2022 <\/span><span class=\"s2\">D\u00e9tails :<\/span><span class=\"s1\"> trois bandes jaunes distinctives sur les manches, apportant une touche dynamique et reconnaissable.<\/span><\/p>\n<p class=\"p2\"><span class=\"s1\">\u2022 <\/span><span class=\"s2\">Num\u00e9rotation :<\/span><span class=\"s1\"> le chiffre <\/span><span class=\"s2\">24<\/span><span class=\"s1\"> est mis en avant, repr\u00e9sentant l\u2019ann\u00e9e de lancement du King 1X1. Il est imprim\u00e9 en grand sur le devant et dans une version encore plus imposante \u00e0 l\u2019arri\u00e8re.<\/span><\/p>\n<p class=\"p2\"><span class=\"s1\">\u2022 <\/span><span class=\"s2\">Mati\u00e8re :<\/span><span class=\"s1\"> 100% polyester pour un confort optimal et une r\u00e9sistance adapt\u00e9e \u00e0 l\u2019intensit\u00e9 du jeu.<\/span><\/p>\n<p class=\"p2\"><span class=\"s1\">\u2022 <\/span><span class=\"s2\">A\u00e9ration :<\/span><span class=\"s1\"> des panneaux en m\u00e8che sont int\u00e9gr\u00e9s sur les c\u00f4t\u00e9s du maillot, assurant une meilleure respirabilit\u00e9.<\/span><\/p>\n<p class=\"p2\"><span class=\"s1\">\u2022 <\/span><span class=\"s2\">Finitions :<\/span><span class=\"s1\"> les logos et les chiffres sont dor\u00e9s, apportant une touche premium et une identit\u00e9 visuelle forte.<\/span><\/p>","protected":false},"excerpt":{"rendered":"<p class=\"p1\"><strong><span class=\"s2\">Jersey Soccer King 1X1<\/span><\/strong><\/p>\n<p class=\"p1\"><span class=\"s1\">Un maillot con\u00e7u pour marquer l\u2019histoire du <\/span><span class=\"s2\">King 1X1<\/span><span class=\"s1\"> et s\u2019imposer comme une pi\u00e8ce incontournable du streetball !<\/span><\/p>","protected":false},"featured_media":3408,"comment_status":"open","ping_status":"closed","template":"","meta":{"_acf_changed":false},"product_cat":[69],"product_tag":[77],"class_list":{"0":"post-3412","1":"product","2":"type-product","3":"status-publish","4":"has-post-thumbnail","6":"product_cat-king1x1","7":"product_tag-french-terry","9":"first","10":"instock","11":"taxable","12":"shipping-taxable","13":"purchasable","14":"product-type-variable","swatches":"rey-swatches","show_selected":"","stretch_labels":"rey-swatches--stretch-labels"},"acf":[],"yoast_head":"<!-- This site is optimized with the Yoast SEO plugin v26.4 - https:\/\/yoast.com\/wordpress\/plugins\/seo\/ -->\n<title>Soccer Jersey king1x1 - StreetBall Store<\/title>\n<meta name=\"robots\" content=\"index, follow, max-snippet:-1, max-image-preview:large, max-video-preview:-1\" \/>\n<link rel=\"canonical\" href=\"https:\/\/streetballstore.com\/en\/product\/soccer-jersey-king1x1\/\" \/>\n<meta property=\"og:locale\" content=\"en_US\" \/>\n<meta property=\"og:type\" content=\"article\" \/>\n<meta property=\"og:title\" content=\"Soccer Jersey king1x1 - StreetBall Store\" \/>\n<meta property=\"og:description\" content=\"Jersey Soccer King 1X1 Un maillot con\u00e7u pour marquer l\u2019histoire du King 1X1 et s\u2019imposer comme une pi\u00e8ce incontournable du streetball !\" \/>\n<meta property=\"og:url\" content=\"https:\/\/streetballstore.com\/en\/product\/soccer-jersey-king1x1\/\" \/>\n<meta property=\"og:site_name\" content=\"StreetBall Store\" \/>\n<meta property=\"article:modified_time\" content=\"2025-04-03T17:53:50+00:00\" \/>\n<meta property=\"og:image\" content=\"https:\/\/streetballstore.com\/wp-content\/uploads\/2025\/04\/Jersey-soccer-king-1x1-face.jpg\" \/>\n\t<meta property=\"og:image:width\" content=\"1180\" \/>\n\t<meta property=\"og:image:height\" content=\"1377\" \/>\n\t<meta property=\"og:image:type\" content=\"image\/jpeg\" \/>\n<meta name=\"twitter:card\" content=\"summary_large_image\" \/>\n<meta name=\"twitter:label1\" content=\"Est. reading time\" \/>\n\t<meta name=\"twitter:data1\" content=\"1 minute\" \/>\n<script type=\"application\/ld+json\" class=\"yoast-schema-graph\">{\"@context\":\"https:\/\/schema.org\",\"@graph\":[{\"@type\":\"WebPage\",\"@id\":\"https:\/\/streetballstore.com\/produit\/soccer-jersey-king1x1\/\",\"url\":\"https:\/\/streetballstore.com\/produit\/soccer-jersey-king1x1\/\",\"name\":\"Soccer Jersey king1x1 - StreetBall Store\",\"isPartOf\":{\"@id\":\"https:\/\/streetballstore.com\/#website\"},\"primaryImageOfPage\":{\"@id\":\"https:\/\/streetballstore.com\/produit\/soccer-jersey-king1x1\/#primaryimage\"},\"image\":{\"@id\":\"https:\/\/streetballstore.com\/produit\/soccer-jersey-king1x1\/#primaryimage\"},\"thumbnailUrl\":\"https:\/\/streetballstore.com\/wp-content\/uploads\/2025\/04\/Jersey-soccer-king-1x1-face.jpg\",\"datePublished\":\"2025-04-03T17:45:55+00:00\",\"dateModified\":\"2025-04-03T17:53:50+00:00\",\"breadcrumb\":{\"@id\":\"https:\/\/streetballstore.com\/produit\/soccer-jersey-king1x1\/#breadcrumb\"},\"inLanguage\":\"en-US\",\"potentialAction\":[{\"@type\":\"ReadAction\",\"target\":[\"https:\/\/streetballstore.com\/produit\/soccer-jersey-king1x1\/\"]}]},{\"@type\":\"ImageObject\",\"inLanguage\":\"en-US\",\"@id\":\"https:\/\/streetballstore.com\/produit\/soccer-jersey-king1x1\/#primaryimage\",\"url\":\"https:\/\/streetballstore.com\/wp-content\/uploads\/2025\/04\/Jersey-soccer-king-1x1-face.jpg\",\"contentUrl\":\"https:\/\/streetballstore.com\/wp-content\/uploads\/2025\/04\/Jersey-soccer-king-1x1-face.jpg\",\"width\":1180,\"height\":1377},{\"@type\":\"BreadcrumbList\",\"@id\":\"https:\/\/streetballstore.com\/produit\/soccer-jersey-king1x1\/#breadcrumb\",\"itemListElement\":[{\"@type\":\"ListItem\",\"position\":1,\"name\":\"Accueil\",\"item\":\"https:\/\/streetballstore.com\/\"},{\"@type\":\"ListItem\",\"position\":2,\"name\":\"Shop\",\"item\":\"https:\/\/streetballstore.com\/shop\/\"},{\"@type\":\"ListItem\",\"position\":3,\"name\":\"Soccer Jersey king1x1\"}]},{\"@type\":\"WebSite\",\"@id\":\"https:\/\/streetballstore.com\/#website\",\"url\":\"https:\/\/streetballstore.com\/\",\"name\":\"StreetBall Store \u2013 Boutique de sport et streetwear\",\"description\":\"Where Others Don\u2019t!\",\"publisher\":{\"@id\":\"https:\/\/streetballstore.com\/#organization\"},\"potentialAction\":[{\"@type\":\"SearchAction\",\"target\":{\"@type\":\"EntryPoint\",\"urlTemplate\":\"https:\/\/streetballstore.com\/?s={search_term_string}\"},\"query-input\":{\"@type\":\"PropertyValueSpecification\",\"valueRequired\":true,\"valueName\":\"search_term_string\"}}],\"inLanguage\":\"en-US\"},{\"@type\":\"Organization\",\"@id\":\"https:\/\/streetballstore.com\/#organization\",\"name\":\"StreetBall Store\",\"url\":\"https:\/\/streetballstore.com\/\",\"logo\":{\"@type\":\"ImageObject\",\"inLanguage\":\"en-US\",\"@id\":\"https:\/\/streetballstore.com\/#\/schema\/logo\/image\/\",\"url\":\"https:\/\/streetballstore.com\/wp-content\/uploads\/2025\/09\/cropped-streetball-store-logo_.png\",\"contentUrl\":\"https:\/\/streetballstore.com\/wp-content\/uploads\/2025\/09\/cropped-streetball-store-logo_.png\",\"width\":520,\"height\":520,\"caption\":\"StreetBall Store\"},\"image\":{\"@id\":\"https:\/\/streetballstore.com\/#\/schema\/logo\/image\/\"},\"sameAs\":[\"https:\/\/www.instagram.com\/streetballstore?igsh=MTJqOGloaHlhNGZ2NQ&utm_source=qr\"]}]}<\/script>\n<!-- \/ Yoast SEO plugin. -->","yoast_head_json":{"title":"Soccer Jersey king1x1 - StreetBall Store","robots":{"index":"index","follow":"follow","max-snippet":"max-snippet:-1","max-image-preview":"max-image-preview:large","max-video-preview":"max-video-preview:-1"},"canonical":"https:\/\/streetballstore.com\/en\/product\/soccer-jersey-king1x1\/","og_locale":"en_US","og_type":"article","og_title":"Soccer Jersey king1x1 - StreetBall Store","og_description":"Jersey Soccer King 1X1 Un maillot con\u00e7u pour marquer l\u2019histoire du King 1X1 et s\u2019imposer comme une pi\u00e8ce incontournable du streetball !","og_url":"https:\/\/streetballstore.com\/en\/product\/soccer-jersey-king1x1\/","og_site_name":"StreetBall Store","article_modified_time":"2025-04-03T17:53:50+00:00","og_image":[{"width":1180,"height":1377,"url":"https:\/\/streetballstore.com\/wp-content\/uploads\/2025\/04\/Jersey-soccer-king-1x1-face.jpg","type":"image\/jpeg"}],"twitter_card":"summary_large_image","twitter_misc":{"Est. reading time":"1 minute"},"schema":{"@context":"https:\/\/schema.org","@graph":[{"@type":"WebPage","@id":"https:\/\/streetballstore.com\/produit\/soccer-jersey-king1x1\/","url":"https:\/\/streetballstore.com\/produit\/soccer-jersey-king1x1\/","name":"Soccer Jersey king1x1 - StreetBall Store","isPartOf":{"@id":"https:\/\/streetballstore.com\/#website"},"primaryImageOfPage":{"@id":"https:\/\/streetballstore.com\/produit\/soccer-jersey-king1x1\/#primaryimage"},"image":{"@id":"https:\/\/streetballstore.com\/produit\/soccer-jersey-king1x1\/#primaryimage"},"thumbnailUrl":"https:\/\/streetballstore.com\/wp-content\/uploads\/2025\/04\/Jersey-soccer-king-1x1-face.jpg","datePublished":"2025-04-03T17:45:55+00:00","dateModified":"2025-04-03T17:53:50+00:00","breadcrumb":{"@id":"https:\/\/streetballstore.com\/produit\/soccer-jersey-king1x1\/#breadcrumb"},"inLanguage":"en-US","potentialAction":[{"@type":"ReadAction","target":["https:\/\/streetballstore.com\/produit\/soccer-jersey-king1x1\/"]}]},{"@type":"ImageObject","inLanguage":"en-US","@id":"https:\/\/streetballstore.com\/produit\/soccer-jersey-king1x1\/#primaryimage","url":"https:\/\/streetballstore.com\/wp-content\/uploads\/2025\/04\/Jersey-soccer-king-1x1-face.jpg","contentUrl":"https:\/\/streetballstore.com\/wp-content\/uploads\/2025\/04\/Jersey-soccer-king-1x1-face.jpg","width":1180,"height":1377},{"@type":"BreadcrumbList","@id":"https:\/\/streetballstore.com\/produit\/soccer-jersey-king1x1\/#breadcrumb","itemListElement":[{"@type":"ListItem","position":1,"name":"Accueil","item":"https:\/\/streetballstore.com\/"},{"@type":"ListItem","position":2,"name":"Shop","item":"https:\/\/streetballstore.com\/shop\/"},{"@type":"ListItem","position":3,"name":"Soccer Jersey king1x1"}]},{"@type":"WebSite","@id":"https:\/\/streetballstore.com\/#website","url":"https:\/\/streetballstore.com\/","name":"StreetBall Store \u2013 Boutique de sport et streetwear","description":"Where Others Don't!","publisher":{"@id":"https:\/\/streetballstore.com\/#organization"},"potentialAction":[{"@type":"SearchAction","target":{"@type":"EntryPoint","urlTemplate":"https:\/\/streetballstore.com\/?s={search_term_string}"},"query-input":{"@type":"PropertyValueSpecification","valueRequired":true,"valueName":"search_term_string"}}],"inLanguage":"en-US"},{"@type":"Organization","@id":"https:\/\/streetballstore.com\/#organization","name":"StreetBall Store","url":"https:\/\/streetballstore.com\/","logo":{"@type":"ImageObject","inLanguage":"en-US","@id":"https:\/\/streetballstore.com\/#\/schema\/logo\/image\/","url":"https:\/\/streetballstore.com\/wp-content\/uploads\/2025\/09\/cropped-streetball-store-logo_.png","contentUrl":"https:\/\/streetballstore.com\/wp-content\/uploads\/2025\/09\/cropped-streetball-store-logo_.png","width":520,"height":520,"caption":"StreetBall Store"},"image":{"@id":"https:\/\/streetballstore.com\/#\/schema\/logo\/image\/"},"sameAs":["https:\/\/www.instagram.com\/streetballstore?igsh=MTJqOGloaHlhNGZ2NQ&utm_source=qr"]}]}},"_links":{"self":[{"href":"https:\/\/streetballstore.com\/en\/wp-json\/wp\/v2\/product\/3412","targetHints":{"allow":["GET"]}}],"collection":[{"href":"https:\/\/streetballstore.com\/en\/wp-json\/wp\/v2\/product"}],"about":[{"href":"https:\/\/streetballstore.com\/en\/wp-json\/wp\/v2\/types\/product"}],"replies":[{"embeddable":true,"href":"https:\/\/streetballstore.com\/en\/wp-json\/wp\/v2\/comments?post=3412"}],"version-history":[{"count":1,"href":"https:\/\/streetballstore.com\/en\/wp-json\/wp\/v2\/product\/3412\/revisions"}],"predecessor-version":[{"id":3420,"href":"https:\/\/streetballstore.com\/en\/wp-json\/wp\/v2\/product\/3412\/revisions\/3420"}],"wp:featuredmedia":[{"embeddable":true,"href":"https:\/\/streetballstore.com\/en\/wp-json\/wp\/v2\/media\/3408"}],"wp:attachment":[{"href":"https:\/\/streetballstore.com\/en\/wp-json\/wp\/v2\/media?parent=3412"}],"wp:term":[{"taxonomy":"product_cat","embeddable":true,"href":"https:\/\/streetballstore.com\/en\/wp-json\/wp\/v2\/product_cat?post=3412"},{"taxonomy":"product_tag","embeddable":true,"href":"https:\/\/streetballstore.com\/en\/wp-json\/wp\/v2\/product_tag?post=3412"}],"curies":[{"name":"wp","href":"https:\/\/api.w.org\/{rel}","templated":true}]}}