{"id":3285,"date":"2025-03-23T15:50:11","date_gmt":"2025-03-23T14:50:11","guid":{"rendered":"https:\/\/streetballstore.com\/?post_type=product&#038;p=3285"},"modified":"2025-03-23T17:05:55","modified_gmt":"2025-03-23T16:05:55","slug":"hoodie-manches-courtes-noir","status":"publish","type":"product","link":"https:\/\/streetballstore.com\/en\/product\/hoodie-manches-courtes-noir\/","title":{"rendered":"Hoodie manches courtes noir"},"content":{"rendered":"<p class=\"p1\"><span class=\"s1\">D\u00e9couvrez le <\/span><span class=\"s2\">Hoodie KING \u2013 \u00c9dition 2025<\/span><span class=\"s1\">, une pi\u00e8ce unique au design inspir\u00e9 du tournoi KING1X1. Con\u00e7u en <\/span><span class=\"s2\">cotton French Terry<\/span><span class=\"s1\">, il offre confort et style avec sa <\/span><span class=\"s2\">coupe ample<\/span><span class=\"s1\"> et ses <\/span><span class=\"s2\">manches courtes<\/span><span class=\"s1\">.<\/span><\/p>\n<p class=\"p2\"><span class=\"s1\">\u2022 <\/span><span class=\"s2\">Capuche<\/span><span class=\"s1\"> aux couleurs exclusives KING1X1 2025, avec un cordon assorti.<\/span><\/p>\n<p class=\"p2\"><span class=\"s1\">\u2022 <\/span><span class=\"s2\">Bouts des manches<\/span><span class=\"s1\"> avec un rappel des couleurs de la capuche.<\/span><\/p>\n<p class=\"p2\"><span class=\"s1\">\u2022 <\/span><span class=\"s2\">Logo KING<\/span><span class=\"s1\"> en grand sur le torse.<\/span><\/p>\n<p class=\"p2\"><span class=\"s1\">\u2022 <\/span><span class=\"s2\">Logos NATION OF STREET<\/span><span class=\"s1\"> positionn\u00e9s sur les c\u00f4t\u00e9s.<\/span><\/p>\n<p class=\"p2\"><span class=\"s1\">\u2022 <\/span><span class=\"s2\">Slogan NATION OF STREET<\/span><span class=\"s1\"> inscrit \u00e0 l\u2019arri\u00e8re.<\/span><\/p>\n<p class=\"p1\"><span class=\"s1\">Un hoodie audacieux pour repr\u00e9senter l\u2019esprit KING1X1 et la culture streetwear.<\/span><\/p>","protected":false},"excerpt":{"rendered":"<p class=\"p2\"><strong><span class=\"s2\">Hoodie KING 1&#215;1 \u2013 \u00c9dition 2025<\/span><\/strong><\/p>\n<p class=\"p2\"><span class=\"s1\">Hoodie \u00e0 manches courtes, coupe ample, design exclusif KING1X1 2025.<\/span><\/p>","protected":false},"featured_media":3282,"comment_status":"open","ping_status":"closed","template":"","meta":{"_acf_changed":false},"product_cat":[69],"product_tag":[77],"class_list":{"0":"post-3285","1":"product","2":"type-product","3":"status-publish","4":"has-post-thumbnail","6":"product_cat-king1x1","7":"product_tag-french-terry","9":"first","10":"instock","11":"taxable","12":"shipping-taxable","13":"product-type-variable","swatches":"rey-swatches","show_selected":"","stretch_labels":"rey-swatches--stretch-labels"},"acf":[],"yoast_head":"<!-- This site is optimized with the Yoast SEO plugin v26.4 - https:\/\/yoast.com\/wordpress\/plugins\/seo\/ -->\n<title>Hoodie manches courtes noir - StreetBall Store<\/title>\n<meta name=\"robots\" content=\"index, follow, max-snippet:-1, max-image-preview:large, max-video-preview:-1\" \/>\n<link rel=\"canonical\" href=\"https:\/\/streetballstore.com\/en\/product\/hoodie-manches-courtes-noir\/\" \/>\n<meta property=\"og:locale\" content=\"en_US\" \/>\n<meta property=\"og:type\" content=\"article\" \/>\n<meta property=\"og:title\" content=\"Hoodie manches courtes noir - StreetBall Store\" \/>\n<meta property=\"og:description\" content=\"Hoodie KING 1x1 \u2013 \u00c9dition 2025 Hoodie \u00e0 manches courtes, coupe ample, design exclusif KING1X1 2025.\" \/>\n<meta property=\"og:url\" content=\"https:\/\/streetballstore.com\/en\/product\/hoodie-manches-courtes-noir\/\" \/>\n<meta property=\"og:site_name\" content=\"StreetBall Store\" \/>\n<meta property=\"article:modified_time\" content=\"2025-03-23T16:05:55+00:00\" \/>\n<meta property=\"og:image\" content=\"https:\/\/streetballstore.com\/wp-content\/uploads\/2025\/03\/hoodie-manches-courtes-king-1x1-1.jpg\" \/>\n\t<meta property=\"og:image:width\" content=\"1180\" \/>\n\t<meta property=\"og:image:height\" content=\"1377\" \/>\n\t<meta property=\"og:image:type\" content=\"image\/jpeg\" \/>\n<meta name=\"twitter:card\" content=\"summary_large_image\" \/>\n<script type=\"application\/ld+json\" class=\"yoast-schema-graph\">{\"@context\":\"https:\/\/schema.org\",\"@graph\":[{\"@type\":\"WebPage\",\"@id\":\"https:\/\/streetballstore.com\/produit\/hoodie-manches-courtes-noir\/\",\"url\":\"https:\/\/streetballstore.com\/produit\/hoodie-manches-courtes-noir\/\",\"name\":\"Hoodie manches courtes noir - StreetBall Store\",\"isPartOf\":{\"@id\":\"https:\/\/streetballstore.com\/#website\"},\"primaryImageOfPage\":{\"@id\":\"https:\/\/streetballstore.com\/produit\/hoodie-manches-courtes-noir\/#primaryimage\"},\"image\":{\"@id\":\"https:\/\/streetballstore.com\/produit\/hoodie-manches-courtes-noir\/#primaryimage\"},\"thumbnailUrl\":\"https:\/\/streetballstore.com\/wp-content\/uploads\/2025\/03\/hoodie-manches-courtes-king-1x1-1.jpg\",\"datePublished\":\"2025-03-23T14:50:11+00:00\",\"dateModified\":\"2025-03-23T16:05:55+00:00\",\"breadcrumb\":{\"@id\":\"https:\/\/streetballstore.com\/produit\/hoodie-manches-courtes-noir\/#breadcrumb\"},\"inLanguage\":\"en-US\",\"potentialAction\":[{\"@type\":\"ReadAction\",\"target\":[\"https:\/\/streetballstore.com\/produit\/hoodie-manches-courtes-noir\/\"]}]},{\"@type\":\"ImageObject\",\"inLanguage\":\"en-US\",\"@id\":\"https:\/\/streetballstore.com\/produit\/hoodie-manches-courtes-noir\/#primaryimage\",\"url\":\"https:\/\/streetballstore.com\/wp-content\/uploads\/2025\/03\/hoodie-manches-courtes-king-1x1-1.jpg\",\"contentUrl\":\"https:\/\/streetballstore.com\/wp-content\/uploads\/2025\/03\/hoodie-manches-courtes-king-1x1-1.jpg\",\"width\":1180,\"height\":1377},{\"@type\":\"BreadcrumbList\",\"@id\":\"https:\/\/streetballstore.com\/produit\/hoodie-manches-courtes-noir\/#breadcrumb\",\"itemListElement\":[{\"@type\":\"ListItem\",\"position\":1,\"name\":\"Accueil\",\"item\":\"https:\/\/streetballstore.com\/\"},{\"@type\":\"ListItem\",\"position\":2,\"name\":\"Shop\",\"item\":\"https:\/\/streetballstore.com\/shop\/\"},{\"@type\":\"ListItem\",\"position\":3,\"name\":\"Hoodie manches courtes noir\"}]},{\"@type\":\"WebSite\",\"@id\":\"https:\/\/streetballstore.com\/#website\",\"url\":\"https:\/\/streetballstore.com\/\",\"name\":\"StreetBall Store \u2013 Boutique de sport et streetwear\",\"description\":\"Where Others Don\u2019t!\",\"publisher\":{\"@id\":\"https:\/\/streetballstore.com\/#organization\"},\"potentialAction\":[{\"@type\":\"SearchAction\",\"target\":{\"@type\":\"EntryPoint\",\"urlTemplate\":\"https:\/\/streetballstore.com\/?s={search_term_string}\"},\"query-input\":{\"@type\":\"PropertyValueSpecification\",\"valueRequired\":true,\"valueName\":\"search_term_string\"}}],\"inLanguage\":\"en-US\"},{\"@type\":\"Organization\",\"@id\":\"https:\/\/streetballstore.com\/#organization\",\"name\":\"StreetBall Store\",\"url\":\"https:\/\/streetballstore.com\/\",\"logo\":{\"@type\":\"ImageObject\",\"inLanguage\":\"en-US\",\"@id\":\"https:\/\/streetballstore.com\/#\/schema\/logo\/image\/\",\"url\":\"https:\/\/streetballstore.com\/wp-content\/uploads\/2025\/09\/cropped-streetball-store-logo_.png\",\"contentUrl\":\"https:\/\/streetballstore.com\/wp-content\/uploads\/2025\/09\/cropped-streetball-store-logo_.png\",\"width\":520,\"height\":520,\"caption\":\"StreetBall Store\"},\"image\":{\"@id\":\"https:\/\/streetballstore.com\/#\/schema\/logo\/image\/\"},\"sameAs\":[\"https:\/\/www.instagram.com\/streetballstore?igsh=MTJqOGloaHlhNGZ2NQ&utm_source=qr\"]}]}<\/script>\n<!-- \/ Yoast SEO plugin. -->","yoast_head_json":{"title":"Hoodie manches courtes noir - StreetBall Store","robots":{"index":"index","follow":"follow","max-snippet":"max-snippet:-1","max-image-preview":"max-image-preview:large","max-video-preview":"max-video-preview:-1"},"canonical":"https:\/\/streetballstore.com\/en\/product\/hoodie-manches-courtes-noir\/","og_locale":"en_US","og_type":"article","og_title":"Hoodie manches courtes noir - StreetBall Store","og_description":"Hoodie KING 1x1 \u2013 \u00c9dition 2025 Hoodie \u00e0 manches courtes, coupe ample, design exclusif KING1X1 2025.","og_url":"https:\/\/streetballstore.com\/en\/product\/hoodie-manches-courtes-noir\/","og_site_name":"StreetBall Store","article_modified_time":"2025-03-23T16:05:55+00:00","og_image":[{"width":1180,"height":1377,"url":"https:\/\/streetballstore.com\/wp-content\/uploads\/2025\/03\/hoodie-manches-courtes-king-1x1-1.jpg","type":"image\/jpeg"}],"twitter_card":"summary_large_image","schema":{"@context":"https:\/\/schema.org","@graph":[{"@type":"WebPage","@id":"https:\/\/streetballstore.com\/produit\/hoodie-manches-courtes-noir\/","url":"https:\/\/streetballstore.com\/produit\/hoodie-manches-courtes-noir\/","name":"Hoodie manches courtes noir - StreetBall Store","isPartOf":{"@id":"https:\/\/streetballstore.com\/#website"},"primaryImageOfPage":{"@id":"https:\/\/streetballstore.com\/produit\/hoodie-manches-courtes-noir\/#primaryimage"},"image":{"@id":"https:\/\/streetballstore.com\/produit\/hoodie-manches-courtes-noir\/#primaryimage"},"thumbnailUrl":"https:\/\/streetballstore.com\/wp-content\/uploads\/2025\/03\/hoodie-manches-courtes-king-1x1-1.jpg","datePublished":"2025-03-23T14:50:11+00:00","dateModified":"2025-03-23T16:05:55+00:00","breadcrumb":{"@id":"https:\/\/streetballstore.com\/produit\/hoodie-manches-courtes-noir\/#breadcrumb"},"inLanguage":"en-US","potentialAction":[{"@type":"ReadAction","target":["https:\/\/streetballstore.com\/produit\/hoodie-manches-courtes-noir\/"]}]},{"@type":"ImageObject","inLanguage":"en-US","@id":"https:\/\/streetballstore.com\/produit\/hoodie-manches-courtes-noir\/#primaryimage","url":"https:\/\/streetballstore.com\/wp-content\/uploads\/2025\/03\/hoodie-manches-courtes-king-1x1-1.jpg","contentUrl":"https:\/\/streetballstore.com\/wp-content\/uploads\/2025\/03\/hoodie-manches-courtes-king-1x1-1.jpg","width":1180,"height":1377},{"@type":"BreadcrumbList","@id":"https:\/\/streetballstore.com\/produit\/hoodie-manches-courtes-noir\/#breadcrumb","itemListElement":[{"@type":"ListItem","position":1,"name":"Accueil","item":"https:\/\/streetballstore.com\/"},{"@type":"ListItem","position":2,"name":"Shop","item":"https:\/\/streetballstore.com\/shop\/"},{"@type":"ListItem","position":3,"name":"Hoodie manches courtes noir"}]},{"@type":"WebSite","@id":"https:\/\/streetballstore.com\/#website","url":"https:\/\/streetballstore.com\/","name":"StreetBall Store \u2013 Boutique de sport et streetwear","description":"Where Others Don't!","publisher":{"@id":"https:\/\/streetballstore.com\/#organization"},"potentialAction":[{"@type":"SearchAction","target":{"@type":"EntryPoint","urlTemplate":"https:\/\/streetballstore.com\/?s={search_term_string}"},"query-input":{"@type":"PropertyValueSpecification","valueRequired":true,"valueName":"search_term_string"}}],"inLanguage":"en-US"},{"@type":"Organization","@id":"https:\/\/streetballstore.com\/#organization","name":"StreetBall Store","url":"https:\/\/streetballstore.com\/","logo":{"@type":"ImageObject","inLanguage":"en-US","@id":"https:\/\/streetballstore.com\/#\/schema\/logo\/image\/","url":"https:\/\/streetballstore.com\/wp-content\/uploads\/2025\/09\/cropped-streetball-store-logo_.png","contentUrl":"https:\/\/streetballstore.com\/wp-content\/uploads\/2025\/09\/cropped-streetball-store-logo_.png","width":520,"height":520,"caption":"StreetBall Store"},"image":{"@id":"https:\/\/streetballstore.com\/#\/schema\/logo\/image\/"},"sameAs":["https:\/\/www.instagram.com\/streetballstore?igsh=MTJqOGloaHlhNGZ2NQ&utm_source=qr"]}]}},"_links":{"self":[{"href":"https:\/\/streetballstore.com\/en\/wp-json\/wp\/v2\/product\/3285","targetHints":{"allow":["GET"]}}],"collection":[{"href":"https:\/\/streetballstore.com\/en\/wp-json\/wp\/v2\/product"}],"about":[{"href":"https:\/\/streetballstore.com\/en\/wp-json\/wp\/v2\/types\/product"}],"replies":[{"embeddable":true,"href":"https:\/\/streetballstore.com\/en\/wp-json\/wp\/v2\/comments?post=3285"}],"version-history":[{"count":3,"href":"https:\/\/streetballstore.com\/en\/wp-json\/wp\/v2\/product\/3285\/revisions"}],"predecessor-version":[{"id":3317,"href":"https:\/\/streetballstore.com\/en\/wp-json\/wp\/v2\/product\/3285\/revisions\/3317"}],"wp:featuredmedia":[{"embeddable":true,"href":"https:\/\/streetballstore.com\/en\/wp-json\/wp\/v2\/media\/3282"}],"wp:attachment":[{"href":"https:\/\/streetballstore.com\/en\/wp-json\/wp\/v2\/media?parent=3285"}],"wp:term":[{"taxonomy":"product_cat","embeddable":true,"href":"https:\/\/streetballstore.com\/en\/wp-json\/wp\/v2\/product_cat?post=3285"},{"taxonomy":"product_tag","embeddable":true,"href":"https:\/\/streetballstore.com\/en\/wp-json\/wp\/v2\/product_tag?post=3285"}],"curies":[{"name":"wp","href":"https:\/\/api.w.org\/{rel}","templated":true}]}}