{"id":3117,"date":"2024-11-25T14:14:31","date_gmt":"2024-11-25T13:14:31","guid":{"rendered":"https:\/\/streetballstore.com\/?post_type=product&#038;p=3117"},"modified":"2024-11-25T16:43:48","modified_gmt":"2024-11-25T15:43:48","slug":"bonnet-noir-classique-vandoeuvre-basket","status":"publish","type":"product","link":"https:\/\/streetballstore.com\/en\/product\/bonnet-noir-classique-vandoeuvre-basket\/","title":{"rendered":"Bonnet noir classique Vandoeuvre basket"},"content":{"rendered":"","protected":false},"excerpt":{"rendered":"<p class=\"p1\"><strong><span class=\"s1\">Bonnet noir classique<\/span><\/strong><\/p>\n<p class=\"p1\"><span class=\"s1\">Polyvalent et \u00e9l\u00e9gant, ce bonnet est id\u00e9al aussi bien pour les <\/span><span class=\"s2\">supporters<\/span><span class=\"s1\"> que pour les sportifs en qu\u00eate d\u2019un accessoire pratique et esth\u00e9tique pour les journ\u00e9es fra\u00eeches.<\/span><\/p>\n<ul>\n<li>Coton polyester<\/li>\n<li>logo imprim\u00e9<\/li>\n<\/ul>","protected":false},"featured_media":3009,"comment_status":"open","ping_status":"closed","template":"","meta":{"_acf_changed":false},"product_cat":[73],"product_tag":[],"class_list":{"0":"post-3117","1":"product","2":"type-product","3":"status-publish","4":"has-post-thumbnail","6":"product_cat-vandoeuvre","7":"product_shipping_class-free-shipping","9":"first","10":"instock","11":"taxable","12":"shipping-taxable","13":"purchasable","14":"product-type-simple","swatches":"rey-swatches","show_selected":"","stretch_labels":"rey-swatches--stretch-labels"},"acf":[],"yoast_head":"<!-- This site is optimized with the Yoast SEO plugin v26.4 - https:\/\/yoast.com\/wordpress\/plugins\/seo\/ -->\n<title>Bonnet noir classique Vandoeuvre basket - StreetBall Store<\/title>\n<meta name=\"robots\" content=\"index, follow, max-snippet:-1, max-image-preview:large, max-video-preview:-1\" \/>\n<link rel=\"canonical\" href=\"https:\/\/streetballstore.com\/en\/product\/bonnet-noir-classique-vandoeuvre-basket\/\" \/>\n<meta property=\"og:locale\" content=\"en_US\" \/>\n<meta property=\"og:type\" content=\"article\" \/>\n<meta property=\"og:title\" content=\"Bonnet noir classique Vandoeuvre basket - StreetBall Store\" \/>\n<meta property=\"og:description\" content=\"Bonnet noir classique Polyvalent et \u00e9l\u00e9gant, ce bonnet est id\u00e9al aussi bien pour les supporters que pour les sportifs en qu\u00eate d\u2019un accessoire pratique et esth\u00e9tique pour les journ\u00e9es fra\u00eeches.    Coton polyester  logo imprim\u00e9\" \/>\n<meta property=\"og:url\" content=\"https:\/\/streetballstore.com\/en\/product\/bonnet-noir-classique-vandoeuvre-basket\/\" \/>\n<meta property=\"og:site_name\" content=\"StreetBall Store\" \/>\n<meta property=\"article:modified_time\" content=\"2024-11-25T15:43:48+00:00\" \/>\n<meta property=\"og:image\" content=\"https:\/\/streetballstore.com\/wp-content\/uploads\/2024\/11\/bonnet-vandoeuvre-basket.jpg\" \/>\n\t<meta property=\"og:image:width\" content=\"1180\" \/>\n\t<meta property=\"og:image:height\" content=\"1377\" \/>\n\t<meta property=\"og:image:type\" content=\"image\/jpeg\" \/>\n<meta name=\"twitter:card\" content=\"summary_large_image\" \/>\n<script type=\"application\/ld+json\" class=\"yoast-schema-graph\">{\"@context\":\"https:\/\/schema.org\",\"@graph\":[{\"@type\":\"WebPage\",\"@id\":\"https:\/\/streetballstore.com\/produit\/bonnet-noir-classique-vandoeuvre-basket\/\",\"url\":\"https:\/\/streetballstore.com\/produit\/bonnet-noir-classique-vandoeuvre-basket\/\",\"name\":\"Bonnet noir classique Vandoeuvre basket - StreetBall Store\",\"isPartOf\":{\"@id\":\"https:\/\/streetballstore.com\/#website\"},\"primaryImageOfPage\":{\"@id\":\"https:\/\/streetballstore.com\/produit\/bonnet-noir-classique-vandoeuvre-basket\/#primaryimage\"},\"image\":{\"@id\":\"https:\/\/streetballstore.com\/produit\/bonnet-noir-classique-vandoeuvre-basket\/#primaryimage\"},\"thumbnailUrl\":\"https:\/\/streetballstore.com\/wp-content\/uploads\/2024\/11\/bonnet-vandoeuvre-basket.jpg\",\"datePublished\":\"2024-11-25T13:14:31+00:00\",\"dateModified\":\"2024-11-25T15:43:48+00:00\",\"breadcrumb\":{\"@id\":\"https:\/\/streetballstore.com\/produit\/bonnet-noir-classique-vandoeuvre-basket\/#breadcrumb\"},\"inLanguage\":\"en-US\",\"potentialAction\":[{\"@type\":\"ReadAction\",\"target\":[\"https:\/\/streetballstore.com\/produit\/bonnet-noir-classique-vandoeuvre-basket\/\"]}]},{\"@type\":\"ImageObject\",\"inLanguage\":\"en-US\",\"@id\":\"https:\/\/streetballstore.com\/produit\/bonnet-noir-classique-vandoeuvre-basket\/#primaryimage\",\"url\":\"https:\/\/streetballstore.com\/wp-content\/uploads\/2024\/11\/bonnet-vandoeuvre-basket.jpg\",\"contentUrl\":\"https:\/\/streetballstore.com\/wp-content\/uploads\/2024\/11\/bonnet-vandoeuvre-basket.jpg\",\"width\":1180,\"height\":1377},{\"@type\":\"BreadcrumbList\",\"@id\":\"https:\/\/streetballstore.com\/produit\/bonnet-noir-classique-vandoeuvre-basket\/#breadcrumb\",\"itemListElement\":[{\"@type\":\"ListItem\",\"position\":1,\"name\":\"Accueil\",\"item\":\"https:\/\/streetballstore.com\/\"},{\"@type\":\"ListItem\",\"position\":2,\"name\":\"Shop\",\"item\":\"https:\/\/streetballstore.com\/shop\/\"},{\"@type\":\"ListItem\",\"position\":3,\"name\":\"Bonnet noir classique Vandoeuvre basket\"}]},{\"@type\":\"WebSite\",\"@id\":\"https:\/\/streetballstore.com\/#website\",\"url\":\"https:\/\/streetballstore.com\/\",\"name\":\"StreetBall Store \u2013 Boutique de sport et streetwear\",\"description\":\"Where Others Don\u2019t!\",\"publisher\":{\"@id\":\"https:\/\/streetballstore.com\/#organization\"},\"potentialAction\":[{\"@type\":\"SearchAction\",\"target\":{\"@type\":\"EntryPoint\",\"urlTemplate\":\"https:\/\/streetballstore.com\/?s={search_term_string}\"},\"query-input\":{\"@type\":\"PropertyValueSpecification\",\"valueRequired\":true,\"valueName\":\"search_term_string\"}}],\"inLanguage\":\"en-US\"},{\"@type\":\"Organization\",\"@id\":\"https:\/\/streetballstore.com\/#organization\",\"name\":\"StreetBall Store\",\"url\":\"https:\/\/streetballstore.com\/\",\"logo\":{\"@type\":\"ImageObject\",\"inLanguage\":\"en-US\",\"@id\":\"https:\/\/streetballstore.com\/#\/schema\/logo\/image\/\",\"url\":\"https:\/\/streetballstore.com\/wp-content\/uploads\/2025\/09\/cropped-streetball-store-logo_.png\",\"contentUrl\":\"https:\/\/streetballstore.com\/wp-content\/uploads\/2025\/09\/cropped-streetball-store-logo_.png\",\"width\":520,\"height\":520,\"caption\":\"StreetBall Store\"},\"image\":{\"@id\":\"https:\/\/streetballstore.com\/#\/schema\/logo\/image\/\"},\"sameAs\":[\"https:\/\/www.instagram.com\/streetballstore?igsh=MTJqOGloaHlhNGZ2NQ&utm_source=qr\"]}]}<\/script>\n<!-- \/ Yoast SEO plugin. -->","yoast_head_json":{"title":"Bonnet noir classique Vandoeuvre basket - StreetBall Store","robots":{"index":"index","follow":"follow","max-snippet":"max-snippet:-1","max-image-preview":"max-image-preview:large","max-video-preview":"max-video-preview:-1"},"canonical":"https:\/\/streetballstore.com\/en\/product\/bonnet-noir-classique-vandoeuvre-basket\/","og_locale":"en_US","og_type":"article","og_title":"Bonnet noir classique Vandoeuvre basket - StreetBall Store","og_description":"Bonnet noir classique Polyvalent et \u00e9l\u00e9gant, ce bonnet est id\u00e9al aussi bien pour les supporters que pour les sportifs en qu\u00eate d\u2019un accessoire pratique et esth\u00e9tique pour les journ\u00e9es fra\u00eeches.    Coton polyester  logo imprim\u00e9","og_url":"https:\/\/streetballstore.com\/en\/product\/bonnet-noir-classique-vandoeuvre-basket\/","og_site_name":"StreetBall Store","article_modified_time":"2024-11-25T15:43:48+00:00","og_image":[{"width":1180,"height":1377,"url":"https:\/\/streetballstore.com\/wp-content\/uploads\/2024\/11\/bonnet-vandoeuvre-basket.jpg","type":"image\/jpeg"}],"twitter_card":"summary_large_image","schema":{"@context":"https:\/\/schema.org","@graph":[{"@type":"WebPage","@id":"https:\/\/streetballstore.com\/produit\/bonnet-noir-classique-vandoeuvre-basket\/","url":"https:\/\/streetballstore.com\/produit\/bonnet-noir-classique-vandoeuvre-basket\/","name":"Bonnet noir classique Vandoeuvre basket - StreetBall Store","isPartOf":{"@id":"https:\/\/streetballstore.com\/#website"},"primaryImageOfPage":{"@id":"https:\/\/streetballstore.com\/produit\/bonnet-noir-classique-vandoeuvre-basket\/#primaryimage"},"image":{"@id":"https:\/\/streetballstore.com\/produit\/bonnet-noir-classique-vandoeuvre-basket\/#primaryimage"},"thumbnailUrl":"https:\/\/streetballstore.com\/wp-content\/uploads\/2024\/11\/bonnet-vandoeuvre-basket.jpg","datePublished":"2024-11-25T13:14:31+00:00","dateModified":"2024-11-25T15:43:48+00:00","breadcrumb":{"@id":"https:\/\/streetballstore.com\/produit\/bonnet-noir-classique-vandoeuvre-basket\/#breadcrumb"},"inLanguage":"en-US","potentialAction":[{"@type":"ReadAction","target":["https:\/\/streetballstore.com\/produit\/bonnet-noir-classique-vandoeuvre-basket\/"]}]},{"@type":"ImageObject","inLanguage":"en-US","@id":"https:\/\/streetballstore.com\/produit\/bonnet-noir-classique-vandoeuvre-basket\/#primaryimage","url":"https:\/\/streetballstore.com\/wp-content\/uploads\/2024\/11\/bonnet-vandoeuvre-basket.jpg","contentUrl":"https:\/\/streetballstore.com\/wp-content\/uploads\/2024\/11\/bonnet-vandoeuvre-basket.jpg","width":1180,"height":1377},{"@type":"BreadcrumbList","@id":"https:\/\/streetballstore.com\/produit\/bonnet-noir-classique-vandoeuvre-basket\/#breadcrumb","itemListElement":[{"@type":"ListItem","position":1,"name":"Accueil","item":"https:\/\/streetballstore.com\/"},{"@type":"ListItem","position":2,"name":"Shop","item":"https:\/\/streetballstore.com\/shop\/"},{"@type":"ListItem","position":3,"name":"Bonnet noir classique Vandoeuvre basket"}]},{"@type":"WebSite","@id":"https:\/\/streetballstore.com\/#website","url":"https:\/\/streetballstore.com\/","name":"StreetBall Store \u2013 Boutique de sport et streetwear","description":"Where Others Don't!","publisher":{"@id":"https:\/\/streetballstore.com\/#organization"},"potentialAction":[{"@type":"SearchAction","target":{"@type":"EntryPoint","urlTemplate":"https:\/\/streetballstore.com\/?s={search_term_string}"},"query-input":{"@type":"PropertyValueSpecification","valueRequired":true,"valueName":"search_term_string"}}],"inLanguage":"en-US"},{"@type":"Organization","@id":"https:\/\/streetballstore.com\/#organization","name":"StreetBall Store","url":"https:\/\/streetballstore.com\/","logo":{"@type":"ImageObject","inLanguage":"en-US","@id":"https:\/\/streetballstore.com\/#\/schema\/logo\/image\/","url":"https:\/\/streetballstore.com\/wp-content\/uploads\/2025\/09\/cropped-streetball-store-logo_.png","contentUrl":"https:\/\/streetballstore.com\/wp-content\/uploads\/2025\/09\/cropped-streetball-store-logo_.png","width":520,"height":520,"caption":"StreetBall Store"},"image":{"@id":"https:\/\/streetballstore.com\/#\/schema\/logo\/image\/"},"sameAs":["https:\/\/www.instagram.com\/streetballstore?igsh=MTJqOGloaHlhNGZ2NQ&utm_source=qr"]}]}},"_links":{"self":[{"href":"https:\/\/streetballstore.com\/en\/wp-json\/wp\/v2\/product\/3117","targetHints":{"allow":["GET"]}}],"collection":[{"href":"https:\/\/streetballstore.com\/en\/wp-json\/wp\/v2\/product"}],"about":[{"href":"https:\/\/streetballstore.com\/en\/wp-json\/wp\/v2\/types\/product"}],"replies":[{"embeddable":true,"href":"https:\/\/streetballstore.com\/en\/wp-json\/wp\/v2\/comments?post=3117"}],"version-history":[{"count":1,"href":"https:\/\/streetballstore.com\/en\/wp-json\/wp\/v2\/product\/3117\/revisions"}],"predecessor-version":[{"id":3118,"href":"https:\/\/streetballstore.com\/en\/wp-json\/wp\/v2\/product\/3117\/revisions\/3118"}],"wp:featuredmedia":[{"embeddable":true,"href":"https:\/\/streetballstore.com\/en\/wp-json\/wp\/v2\/media\/3009"}],"wp:attachment":[{"href":"https:\/\/streetballstore.com\/en\/wp-json\/wp\/v2\/media?parent=3117"}],"wp:term":[{"taxonomy":"product_cat","embeddable":true,"href":"https:\/\/streetballstore.com\/en\/wp-json\/wp\/v2\/product_cat?post=3117"},{"taxonomy":"product_tag","embeddable":true,"href":"https:\/\/streetballstore.com\/en\/wp-json\/wp\/v2\/product_tag?post=3117"}],"curies":[{"name":"wp","href":"https:\/\/api.w.org\/{rel}","templated":true}]}}