{"id":3109,"date":"2024-11-25T14:01:10","date_gmt":"2024-11-25T13:01:10","guid":{"rendered":"https:\/\/streetballstore.com\/?post_type=product&#038;p=3109"},"modified":"2024-11-25T16:56:57","modified_gmt":"2024-11-25T15:56:57","slug":"sac-de-sport-vandoeuvre-basketball","status":"publish","type":"product","link":"https:\/\/streetballstore.com\/en\/product\/sac-de-sport-vandoeuvre-basketball\/","title":{"rendered":"Sac de sport Vandoeuvre basketball"},"content":{"rendered":"<p class=\"p1\"><span class=\"s1\">Ce <\/span><span class=\"s2\">sac de sport<\/span><span class=\"s1\"> pratique et styl\u00e9 est con\u00e7u pour r\u00e9pondre aux besoins des sportifs. Avec ses <\/span><span class=\"s2\">deux lani\u00e8res lat\u00e9rales <\/span><span class=\"s1\">pour un port \u00e0 la main et une <\/span><span class=\"s2\">grande bandouli\u00e8re r\u00e9glable<\/span><span class=\"s1\"> pour le porter \u00e0 l\u2019\u00e9paule, il offre un maximum de confort et de flexibilit\u00e9.<\/span><\/p>\n<p class=\"p1\"><span class=\"s1\">\u00c0 l\u2019int\u00e9rieur, on trouve un <\/span><span class=\"s2\">grand compartiment spacieux<\/span><span class=\"s1\">, id\u00e9al pour ranger un <\/span><span class=\"s2\">ballon de basket<\/span><span class=\"s1\">, des v\u00eatements de sport, ou d\u2019autres \u00e9quipements n\u00e9cessaires pour vos entra\u00eenements ou comp\u00e9titions.<\/span><\/p>\n<p class=\"p1\"><span class=\"s1\">Ce sac combine <\/span><span class=\"s2\">design fonctionnel<\/span><span class=\"s1\"> et <\/span><span class=\"s2\">style sportif<\/span><span class=\"s1\">, parfait pour les athl\u00e8tes qui souhaitent transporter leurs affaires avec facilit\u00e9 et \u00e9l\u00e9gance. Que ce soit pour aller \u00e0 l\u2019entra\u00eenement ou pour vos activit\u00e9s sportives, ce sac est l\u2019alli\u00e9 id\u00e9al.<\/span><\/p>","protected":false},"excerpt":{"rendered":"<p><strong><span class=\"s1\">Le sac est \u00e9quip\u00e9 d\u2019une <\/span><span class=\"s2\">fermeture zip\u00a0noire<\/span><span class=\"s1\"> robuste, qui s\u00e9curise son contenu.<\/span><\/strong><\/p>\n<ul>\n<li>Polyester<\/li>\n<li>Sublimation<\/li>\n<\/ul>","protected":false},"featured_media":3015,"comment_status":"open","ping_status":"closed","template":"","meta":{"_acf_changed":false},"product_cat":[73],"product_tag":[75],"class_list":{"0":"post-3109","1":"product","2":"type-product","3":"status-publish","4":"has-post-thumbnail","6":"product_cat-vandoeuvre","7":"product_tag-sac-de-sport","8":"product_shipping_class-free-shipping","10":"first","11":"instock","12":"taxable","13":"shipping-taxable","14":"purchasable","15":"product-type-simple","swatches":"rey-swatches","show_selected":"","stretch_labels":"rey-swatches--stretch-labels"},"acf":[],"yoast_head":"<!-- This site is optimized with the Yoast SEO plugin v26.4 - https:\/\/yoast.com\/wordpress\/plugins\/seo\/ -->\n<title>Sac de sport Vandoeuvre basketball - StreetBall Store<\/title>\n<meta name=\"robots\" content=\"index, follow, max-snippet:-1, max-image-preview:large, max-video-preview:-1\" \/>\n<link rel=\"canonical\" href=\"https:\/\/streetballstore.com\/en\/product\/sac-de-sport-vandoeuvre-basketball\/\" \/>\n<meta property=\"og:locale\" content=\"en_US\" \/>\n<meta property=\"og:type\" content=\"article\" \/>\n<meta property=\"og:title\" content=\"Sac de sport Vandoeuvre basketball - StreetBall Store\" \/>\n<meta property=\"og:description\" content=\"Le sac est \u00e9quip\u00e9 d\u2019une fermeture zip\u00a0noire robuste, qui s\u00e9curise son contenu.   Polyester  Sublimation\" \/>\n<meta property=\"og:url\" content=\"https:\/\/streetballstore.com\/en\/product\/sac-de-sport-vandoeuvre-basketball\/\" \/>\n<meta property=\"og:site_name\" content=\"StreetBall Store\" \/>\n<meta property=\"article:modified_time\" content=\"2024-11-25T15:56:57+00:00\" \/>\n<meta property=\"og:image\" content=\"https:\/\/streetballstore.com\/wp-content\/uploads\/2024\/11\/sac-de-sport-vandoeuvre-basket.jpg\" \/>\n\t<meta property=\"og:image:width\" content=\"1180\" \/>\n\t<meta property=\"og:image:height\" content=\"1377\" \/>\n\t<meta property=\"og:image:type\" content=\"image\/jpeg\" \/>\n<meta name=\"twitter:card\" content=\"summary_large_image\" \/>\n<meta name=\"twitter:label1\" content=\"Est. reading time\" \/>\n\t<meta name=\"twitter:data1\" content=\"1 minute\" \/>\n<script type=\"application\/ld+json\" class=\"yoast-schema-graph\">{\"@context\":\"https:\/\/schema.org\",\"@graph\":[{\"@type\":\"WebPage\",\"@id\":\"https:\/\/streetballstore.com\/produit\/sac-de-sport-vandoeuvre-basketball\/\",\"url\":\"https:\/\/streetballstore.com\/produit\/sac-de-sport-vandoeuvre-basketball\/\",\"name\":\"Sac de sport Vandoeuvre basketball - StreetBall Store\",\"isPartOf\":{\"@id\":\"https:\/\/streetballstore.com\/#website\"},\"primaryImageOfPage\":{\"@id\":\"https:\/\/streetballstore.com\/produit\/sac-de-sport-vandoeuvre-basketball\/#primaryimage\"},\"image\":{\"@id\":\"https:\/\/streetballstore.com\/produit\/sac-de-sport-vandoeuvre-basketball\/#primaryimage\"},\"thumbnailUrl\":\"https:\/\/streetballstore.com\/wp-content\/uploads\/2024\/11\/sac-de-sport-vandoeuvre-basket.jpg\",\"datePublished\":\"2024-11-25T13:01:10+00:00\",\"dateModified\":\"2024-11-25T15:56:57+00:00\",\"breadcrumb\":{\"@id\":\"https:\/\/streetballstore.com\/produit\/sac-de-sport-vandoeuvre-basketball\/#breadcrumb\"},\"inLanguage\":\"en-US\",\"potentialAction\":[{\"@type\":\"ReadAction\",\"target\":[\"https:\/\/streetballstore.com\/produit\/sac-de-sport-vandoeuvre-basketball\/\"]}]},{\"@type\":\"ImageObject\",\"inLanguage\":\"en-US\",\"@id\":\"https:\/\/streetballstore.com\/produit\/sac-de-sport-vandoeuvre-basketball\/#primaryimage\",\"url\":\"https:\/\/streetballstore.com\/wp-content\/uploads\/2024\/11\/sac-de-sport-vandoeuvre-basket.jpg\",\"contentUrl\":\"https:\/\/streetballstore.com\/wp-content\/uploads\/2024\/11\/sac-de-sport-vandoeuvre-basket.jpg\",\"width\":1180,\"height\":1377},{\"@type\":\"BreadcrumbList\",\"@id\":\"https:\/\/streetballstore.com\/produit\/sac-de-sport-vandoeuvre-basketball\/#breadcrumb\",\"itemListElement\":[{\"@type\":\"ListItem\",\"position\":1,\"name\":\"Accueil\",\"item\":\"https:\/\/streetballstore.com\/\"},{\"@type\":\"ListItem\",\"position\":2,\"name\":\"Shop\",\"item\":\"https:\/\/streetballstore.com\/shop\/\"},{\"@type\":\"ListItem\",\"position\":3,\"name\":\"Sac de sport Vandoeuvre basketball\"}]},{\"@type\":\"WebSite\",\"@id\":\"https:\/\/streetballstore.com\/#website\",\"url\":\"https:\/\/streetballstore.com\/\",\"name\":\"StreetBall Store \u2013 Boutique de sport et streetwear\",\"description\":\"Where Others Don\u2019t!\",\"publisher\":{\"@id\":\"https:\/\/streetballstore.com\/#organization\"},\"potentialAction\":[{\"@type\":\"SearchAction\",\"target\":{\"@type\":\"EntryPoint\",\"urlTemplate\":\"https:\/\/streetballstore.com\/?s={search_term_string}\"},\"query-input\":{\"@type\":\"PropertyValueSpecification\",\"valueRequired\":true,\"valueName\":\"search_term_string\"}}],\"inLanguage\":\"en-US\"},{\"@type\":\"Organization\",\"@id\":\"https:\/\/streetballstore.com\/#organization\",\"name\":\"StreetBall Store\",\"url\":\"https:\/\/streetballstore.com\/\",\"logo\":{\"@type\":\"ImageObject\",\"inLanguage\":\"en-US\",\"@id\":\"https:\/\/streetballstore.com\/#\/schema\/logo\/image\/\",\"url\":\"https:\/\/streetballstore.com\/wp-content\/uploads\/2025\/09\/cropped-streetball-store-logo_.png\",\"contentUrl\":\"https:\/\/streetballstore.com\/wp-content\/uploads\/2025\/09\/cropped-streetball-store-logo_.png\",\"width\":520,\"height\":520,\"caption\":\"StreetBall Store\"},\"image\":{\"@id\":\"https:\/\/streetballstore.com\/#\/schema\/logo\/image\/\"},\"sameAs\":[\"https:\/\/www.instagram.com\/streetballstore?igsh=MTJqOGloaHlhNGZ2NQ&utm_source=qr\"]}]}<\/script>\n<!-- \/ Yoast SEO plugin. -->","yoast_head_json":{"title":"Sac de sport Vandoeuvre basketball - StreetBall Store","robots":{"index":"index","follow":"follow","max-snippet":"max-snippet:-1","max-image-preview":"max-image-preview:large","max-video-preview":"max-video-preview:-1"},"canonical":"https:\/\/streetballstore.com\/en\/product\/sac-de-sport-vandoeuvre-basketball\/","og_locale":"en_US","og_type":"article","og_title":"Sac de sport Vandoeuvre basketball - StreetBall Store","og_description":"Le sac est \u00e9quip\u00e9 d\u2019une fermeture zip\u00a0noire robuste, qui s\u00e9curise son contenu.   Polyester  Sublimation","og_url":"https:\/\/streetballstore.com\/en\/product\/sac-de-sport-vandoeuvre-basketball\/","og_site_name":"StreetBall Store","article_modified_time":"2024-11-25T15:56:57+00:00","og_image":[{"width":1180,"height":1377,"url":"https:\/\/streetballstore.com\/wp-content\/uploads\/2024\/11\/sac-de-sport-vandoeuvre-basket.jpg","type":"image\/jpeg"}],"twitter_card":"summary_large_image","twitter_misc":{"Est. reading time":"1 minute"},"schema":{"@context":"https:\/\/schema.org","@graph":[{"@type":"WebPage","@id":"https:\/\/streetballstore.com\/produit\/sac-de-sport-vandoeuvre-basketball\/","url":"https:\/\/streetballstore.com\/produit\/sac-de-sport-vandoeuvre-basketball\/","name":"Sac de sport Vandoeuvre basketball - StreetBall Store","isPartOf":{"@id":"https:\/\/streetballstore.com\/#website"},"primaryImageOfPage":{"@id":"https:\/\/streetballstore.com\/produit\/sac-de-sport-vandoeuvre-basketball\/#primaryimage"},"image":{"@id":"https:\/\/streetballstore.com\/produit\/sac-de-sport-vandoeuvre-basketball\/#primaryimage"},"thumbnailUrl":"https:\/\/streetballstore.com\/wp-content\/uploads\/2024\/11\/sac-de-sport-vandoeuvre-basket.jpg","datePublished":"2024-11-25T13:01:10+00:00","dateModified":"2024-11-25T15:56:57+00:00","breadcrumb":{"@id":"https:\/\/streetballstore.com\/produit\/sac-de-sport-vandoeuvre-basketball\/#breadcrumb"},"inLanguage":"en-US","potentialAction":[{"@type":"ReadAction","target":["https:\/\/streetballstore.com\/produit\/sac-de-sport-vandoeuvre-basketball\/"]}]},{"@type":"ImageObject","inLanguage":"en-US","@id":"https:\/\/streetballstore.com\/produit\/sac-de-sport-vandoeuvre-basketball\/#primaryimage","url":"https:\/\/streetballstore.com\/wp-content\/uploads\/2024\/11\/sac-de-sport-vandoeuvre-basket.jpg","contentUrl":"https:\/\/streetballstore.com\/wp-content\/uploads\/2024\/11\/sac-de-sport-vandoeuvre-basket.jpg","width":1180,"height":1377},{"@type":"BreadcrumbList","@id":"https:\/\/streetballstore.com\/produit\/sac-de-sport-vandoeuvre-basketball\/#breadcrumb","itemListElement":[{"@type":"ListItem","position":1,"name":"Accueil","item":"https:\/\/streetballstore.com\/"},{"@type":"ListItem","position":2,"name":"Shop","item":"https:\/\/streetballstore.com\/shop\/"},{"@type":"ListItem","position":3,"name":"Sac de sport Vandoeuvre basketball"}]},{"@type":"WebSite","@id":"https:\/\/streetballstore.com\/#website","url":"https:\/\/streetballstore.com\/","name":"StreetBall Store \u2013 Boutique de sport et streetwear","description":"Where Others Don't!","publisher":{"@id":"https:\/\/streetballstore.com\/#organization"},"potentialAction":[{"@type":"SearchAction","target":{"@type":"EntryPoint","urlTemplate":"https:\/\/streetballstore.com\/?s={search_term_string}"},"query-input":{"@type":"PropertyValueSpecification","valueRequired":true,"valueName":"search_term_string"}}],"inLanguage":"en-US"},{"@type":"Organization","@id":"https:\/\/streetballstore.com\/#organization","name":"StreetBall Store","url":"https:\/\/streetballstore.com\/","logo":{"@type":"ImageObject","inLanguage":"en-US","@id":"https:\/\/streetballstore.com\/#\/schema\/logo\/image\/","url":"https:\/\/streetballstore.com\/wp-content\/uploads\/2025\/09\/cropped-streetball-store-logo_.png","contentUrl":"https:\/\/streetballstore.com\/wp-content\/uploads\/2025\/09\/cropped-streetball-store-logo_.png","width":520,"height":520,"caption":"StreetBall Store"},"image":{"@id":"https:\/\/streetballstore.com\/#\/schema\/logo\/image\/"},"sameAs":["https:\/\/www.instagram.com\/streetballstore?igsh=MTJqOGloaHlhNGZ2NQ&utm_source=qr"]}]}},"_links":{"self":[{"href":"https:\/\/streetballstore.com\/en\/wp-json\/wp\/v2\/product\/3109","targetHints":{"allow":["GET"]}}],"collection":[{"href":"https:\/\/streetballstore.com\/en\/wp-json\/wp\/v2\/product"}],"about":[{"href":"https:\/\/streetballstore.com\/en\/wp-json\/wp\/v2\/types\/product"}],"replies":[{"embeddable":true,"href":"https:\/\/streetballstore.com\/en\/wp-json\/wp\/v2\/comments?post=3109"}],"version-history":[{"count":2,"href":"https:\/\/streetballstore.com\/en\/wp-json\/wp\/v2\/product\/3109\/revisions"}],"predecessor-version":[{"id":3125,"href":"https:\/\/streetballstore.com\/en\/wp-json\/wp\/v2\/product\/3109\/revisions\/3125"}],"wp:featuredmedia":[{"embeddable":true,"href":"https:\/\/streetballstore.com\/en\/wp-json\/wp\/v2\/media\/3015"}],"wp:attachment":[{"href":"https:\/\/streetballstore.com\/en\/wp-json\/wp\/v2\/media?parent=3109"}],"wp:term":[{"taxonomy":"product_cat","embeddable":true,"href":"https:\/\/streetballstore.com\/en\/wp-json\/wp\/v2\/product_cat?post=3109"},{"taxonomy":"product_tag","embeddable":true,"href":"https:\/\/streetballstore.com\/en\/wp-json\/wp\/v2\/product_tag?post=3109"}],"curies":[{"name":"wp","href":"https:\/\/api.w.org\/{rel}","templated":true}]}}