{"id":3100,"date":"2024-11-25T11:40:06","date_gmt":"2024-11-25T10:40:06","guid":{"rendered":"https:\/\/streetballstore.com\/?post_type=product&#038;p=3100"},"modified":"2024-11-25T16:57:02","modified_gmt":"2024-11-25T15:57:02","slug":"polo-basket-ball-vandoeuvre","status":"publish","type":"product","link":"https:\/\/streetballstore.com\/en\/product\/polo-basket-ball-vandoeuvre\/","title":{"rendered":"Polo basket ball Vandoeuvre"},"content":{"rendered":"<p class=\"p1\"><span class=\"s1\">Ce polo au design unique et color\u00e9 combine <\/span><span class=\"s2\">style<\/span><span class=\"s1\"> et <\/span><span class=\"s2\">fonctionnalit\u00e9<\/span><span class=\"s1\">. Il se distingue par sa couleur principale <\/span><span class=\"s2\">verte<\/span><span class=\"s1\">, orn\u00e9e de motifs qui capturent l\u2019esprit des <\/span><span class=\"s2\">playgrounds<\/span><span class=\"s1\"> et mettent en avant un joueur de basketball en action. Les manches sont <\/span><span class=\"s2\">blanches<\/span><span class=\"s1\">, apportant un contraste \u00e9l\u00e9gant, tandis que le col boutonn\u00e9, \u00e9galement <\/span><span class=\"s2\">vert<\/span><span class=\"s1\">, ajoute une touche classique au design moderne.<\/span><\/p>\n<p class=\"p1\"><span class=\"s1\">Du c\u00f4t\u00e9 <\/span><span class=\"s2\">c\u0153ur<\/span><span class=\"s1\">, il arbore fi\u00e8rement le logo de <\/span><span class=\"s2\">Vandoeuvre Basketball<\/span><span class=\"s1\">, et sur l\u2019autre c\u00f4t\u00e9, la marque <\/span><span class=\"s2\">Nation of Street s&rsquo;<\/span><span class=\"s1\">inscrit pour t\u00e9moigner de son authenticit\u00e9 et de sa qualit\u00e9.<\/span><\/p>","protected":false},"excerpt":{"rendered":"<p><strong>Polo polyester piqu\u00e9<\/strong><br \/>\n<span class=\"s1\" style=\"font-family: var(--body-font-family),sans-serif; font-size: 1.125rem;\">Ce polo est non seulement confortable mais aussi id\u00e9al pour les <\/span><span class=\"s2\" style=\"font-family: var(--body-font-family),sans-serif; font-size: 1.125rem;\">supporters<\/span><span class=\"s1\" style=\"font-family: var(--body-font-family),sans-serif; font-size: 1.125rem;\"> et les <\/span><span class=\"s2\" style=\"font-family: var(--body-font-family),sans-serif; font-size: 1.125rem;\">sportifs<\/span><span class=\"s1\" style=\"font-family: var(--body-font-family),sans-serif; font-size: 1.125rem;\">, offrant une excellente respirabilit\u00e9 et un style affirm\u00e9 sur et hors du terrain.<\/span><\/p>\n<p>&nbsp;<\/p>","protected":false},"featured_media":3014,"comment_status":"open","ping_status":"closed","template":"","meta":{"_acf_changed":false},"product_cat":[73],"product_tag":[74],"class_list":{"0":"post-3100","1":"product","2":"type-product","3":"status-publish","4":"has-post-thumbnail","6":"product_cat-vandoeuvre","7":"product_tag-vandoeuvre","8":"product_shipping_class-free-shipping","10":"first","11":"instock","12":"taxable","13":"shipping-taxable","14":"purchasable","15":"product-type-variable","swatches":"rey-swatches","show_selected":"","stretch_labels":"rey-swatches--stretch-labels"},"acf":[],"yoast_head":"<!-- This site is optimized with the Yoast SEO plugin v26.4 - https:\/\/yoast.com\/wordpress\/plugins\/seo\/ -->\n<title>Polo basket ball Vandoeuvre - StreetBall Store<\/title>\n<meta name=\"robots\" content=\"index, follow, max-snippet:-1, max-image-preview:large, max-video-preview:-1\" \/>\n<link rel=\"canonical\" href=\"https:\/\/streetballstore.com\/en\/product\/polo-basket-ball-vandoeuvre\/\" \/>\n<meta property=\"og:locale\" content=\"en_US\" \/>\n<meta property=\"og:type\" content=\"article\" \/>\n<meta property=\"og:title\" content=\"Polo basket ball Vandoeuvre - StreetBall Store\" \/>\n<meta property=\"og:description\" content=\"Polo polyester piqu\u00e9 Ce polo est non seulement confortable mais aussi id\u00e9al pour les supporters et les sportifs, offrant une excellente respirabilit\u00e9 et un style affirm\u00e9 sur et hors du terrain.  &nbsp;\" \/>\n<meta property=\"og:url\" content=\"https:\/\/streetballstore.com\/en\/product\/polo-basket-ball-vandoeuvre\/\" \/>\n<meta property=\"og:site_name\" content=\"StreetBall Store\" \/>\n<meta property=\"article:modified_time\" content=\"2024-11-25T15:57:02+00:00\" \/>\n<meta property=\"og:image\" content=\"https:\/\/streetballstore.com\/wp-content\/uploads\/2024\/11\/polo-vert-vandoeuvre-basket.jpg\" \/>\n\t<meta property=\"og:image:width\" content=\"1180\" \/>\n\t<meta property=\"og:image:height\" content=\"1377\" \/>\n\t<meta property=\"og:image:type\" content=\"image\/jpeg\" \/>\n<meta name=\"twitter:card\" content=\"summary_large_image\" \/>\n<script type=\"application\/ld+json\" class=\"yoast-schema-graph\">{\"@context\":\"https:\/\/schema.org\",\"@graph\":[{\"@type\":\"WebPage\",\"@id\":\"https:\/\/streetballstore.com\/produit\/polo-basket-ball-vandoeuvre\/\",\"url\":\"https:\/\/streetballstore.com\/produit\/polo-basket-ball-vandoeuvre\/\",\"name\":\"Polo basket ball Vandoeuvre - StreetBall Store\",\"isPartOf\":{\"@id\":\"https:\/\/streetballstore.com\/#website\"},\"primaryImageOfPage\":{\"@id\":\"https:\/\/streetballstore.com\/produit\/polo-basket-ball-vandoeuvre\/#primaryimage\"},\"image\":{\"@id\":\"https:\/\/streetballstore.com\/produit\/polo-basket-ball-vandoeuvre\/#primaryimage\"},\"thumbnailUrl\":\"https:\/\/streetballstore.com\/wp-content\/uploads\/2024\/11\/polo-vert-vandoeuvre-basket.jpg\",\"datePublished\":\"2024-11-25T10:40:06+00:00\",\"dateModified\":\"2024-11-25T15:57:02+00:00\",\"breadcrumb\":{\"@id\":\"https:\/\/streetballstore.com\/produit\/polo-basket-ball-vandoeuvre\/#breadcrumb\"},\"inLanguage\":\"en-US\",\"potentialAction\":[{\"@type\":\"ReadAction\",\"target\":[\"https:\/\/streetballstore.com\/produit\/polo-basket-ball-vandoeuvre\/\"]}]},{\"@type\":\"ImageObject\",\"inLanguage\":\"en-US\",\"@id\":\"https:\/\/streetballstore.com\/produit\/polo-basket-ball-vandoeuvre\/#primaryimage\",\"url\":\"https:\/\/streetballstore.com\/wp-content\/uploads\/2024\/11\/polo-vert-vandoeuvre-basket.jpg\",\"contentUrl\":\"https:\/\/streetballstore.com\/wp-content\/uploads\/2024\/11\/polo-vert-vandoeuvre-basket.jpg\",\"width\":1180,\"height\":1377},{\"@type\":\"BreadcrumbList\",\"@id\":\"https:\/\/streetballstore.com\/produit\/polo-basket-ball-vandoeuvre\/#breadcrumb\",\"itemListElement\":[{\"@type\":\"ListItem\",\"position\":1,\"name\":\"Accueil\",\"item\":\"https:\/\/streetballstore.com\/\"},{\"@type\":\"ListItem\",\"position\":2,\"name\":\"Shop\",\"item\":\"https:\/\/streetballstore.com\/shop\/\"},{\"@type\":\"ListItem\",\"position\":3,\"name\":\"Polo basket ball Vandoeuvre\"}]},{\"@type\":\"WebSite\",\"@id\":\"https:\/\/streetballstore.com\/#website\",\"url\":\"https:\/\/streetballstore.com\/\",\"name\":\"StreetBall Store \u2013 Boutique de sport et streetwear\",\"description\":\"Where Others Don\u2019t!\",\"publisher\":{\"@id\":\"https:\/\/streetballstore.com\/#organization\"},\"potentialAction\":[{\"@type\":\"SearchAction\",\"target\":{\"@type\":\"EntryPoint\",\"urlTemplate\":\"https:\/\/streetballstore.com\/?s={search_term_string}\"},\"query-input\":{\"@type\":\"PropertyValueSpecification\",\"valueRequired\":true,\"valueName\":\"search_term_string\"}}],\"inLanguage\":\"en-US\"},{\"@type\":\"Organization\",\"@id\":\"https:\/\/streetballstore.com\/#organization\",\"name\":\"StreetBall Store\",\"url\":\"https:\/\/streetballstore.com\/\",\"logo\":{\"@type\":\"ImageObject\",\"inLanguage\":\"en-US\",\"@id\":\"https:\/\/streetballstore.com\/#\/schema\/logo\/image\/\",\"url\":\"https:\/\/streetballstore.com\/wp-content\/uploads\/2025\/09\/cropped-streetball-store-logo_.png\",\"contentUrl\":\"https:\/\/streetballstore.com\/wp-content\/uploads\/2025\/09\/cropped-streetball-store-logo_.png\",\"width\":520,\"height\":520,\"caption\":\"StreetBall Store\"},\"image\":{\"@id\":\"https:\/\/streetballstore.com\/#\/schema\/logo\/image\/\"},\"sameAs\":[\"https:\/\/www.instagram.com\/streetballstore?igsh=MTJqOGloaHlhNGZ2NQ&utm_source=qr\"]}]}<\/script>\n<!-- \/ Yoast SEO plugin. -->","yoast_head_json":{"title":"Polo basket ball Vandoeuvre - StreetBall Store","robots":{"index":"index","follow":"follow","max-snippet":"max-snippet:-1","max-image-preview":"max-image-preview:large","max-video-preview":"max-video-preview:-1"},"canonical":"https:\/\/streetballstore.com\/en\/product\/polo-basket-ball-vandoeuvre\/","og_locale":"en_US","og_type":"article","og_title":"Polo basket ball Vandoeuvre - StreetBall Store","og_description":"Polo polyester piqu\u00e9 Ce polo est non seulement confortable mais aussi id\u00e9al pour les supporters et les sportifs, offrant une excellente respirabilit\u00e9 et un style affirm\u00e9 sur et hors du terrain.  &nbsp;","og_url":"https:\/\/streetballstore.com\/en\/product\/polo-basket-ball-vandoeuvre\/","og_site_name":"StreetBall Store","article_modified_time":"2024-11-25T15:57:02+00:00","og_image":[{"width":1180,"height":1377,"url":"https:\/\/streetballstore.com\/wp-content\/uploads\/2024\/11\/polo-vert-vandoeuvre-basket.jpg","type":"image\/jpeg"}],"twitter_card":"summary_large_image","schema":{"@context":"https:\/\/schema.org","@graph":[{"@type":"WebPage","@id":"https:\/\/streetballstore.com\/produit\/polo-basket-ball-vandoeuvre\/","url":"https:\/\/streetballstore.com\/produit\/polo-basket-ball-vandoeuvre\/","name":"Polo basket ball Vandoeuvre - StreetBall Store","isPartOf":{"@id":"https:\/\/streetballstore.com\/#website"},"primaryImageOfPage":{"@id":"https:\/\/streetballstore.com\/produit\/polo-basket-ball-vandoeuvre\/#primaryimage"},"image":{"@id":"https:\/\/streetballstore.com\/produit\/polo-basket-ball-vandoeuvre\/#primaryimage"},"thumbnailUrl":"https:\/\/streetballstore.com\/wp-content\/uploads\/2024\/11\/polo-vert-vandoeuvre-basket.jpg","datePublished":"2024-11-25T10:40:06+00:00","dateModified":"2024-11-25T15:57:02+00:00","breadcrumb":{"@id":"https:\/\/streetballstore.com\/produit\/polo-basket-ball-vandoeuvre\/#breadcrumb"},"inLanguage":"en-US","potentialAction":[{"@type":"ReadAction","target":["https:\/\/streetballstore.com\/produit\/polo-basket-ball-vandoeuvre\/"]}]},{"@type":"ImageObject","inLanguage":"en-US","@id":"https:\/\/streetballstore.com\/produit\/polo-basket-ball-vandoeuvre\/#primaryimage","url":"https:\/\/streetballstore.com\/wp-content\/uploads\/2024\/11\/polo-vert-vandoeuvre-basket.jpg","contentUrl":"https:\/\/streetballstore.com\/wp-content\/uploads\/2024\/11\/polo-vert-vandoeuvre-basket.jpg","width":1180,"height":1377},{"@type":"BreadcrumbList","@id":"https:\/\/streetballstore.com\/produit\/polo-basket-ball-vandoeuvre\/#breadcrumb","itemListElement":[{"@type":"ListItem","position":1,"name":"Accueil","item":"https:\/\/streetballstore.com\/"},{"@type":"ListItem","position":2,"name":"Shop","item":"https:\/\/streetballstore.com\/shop\/"},{"@type":"ListItem","position":3,"name":"Polo basket ball Vandoeuvre"}]},{"@type":"WebSite","@id":"https:\/\/streetballstore.com\/#website","url":"https:\/\/streetballstore.com\/","name":"StreetBall Store \u2013 Boutique de sport et streetwear","description":"Where Others Don't!","publisher":{"@id":"https:\/\/streetballstore.com\/#organization"},"potentialAction":[{"@type":"SearchAction","target":{"@type":"EntryPoint","urlTemplate":"https:\/\/streetballstore.com\/?s={search_term_string}"},"query-input":{"@type":"PropertyValueSpecification","valueRequired":true,"valueName":"search_term_string"}}],"inLanguage":"en-US"},{"@type":"Organization","@id":"https:\/\/streetballstore.com\/#organization","name":"StreetBall Store","url":"https:\/\/streetballstore.com\/","logo":{"@type":"ImageObject","inLanguage":"en-US","@id":"https:\/\/streetballstore.com\/#\/schema\/logo\/image\/","url":"https:\/\/streetballstore.com\/wp-content\/uploads\/2025\/09\/cropped-streetball-store-logo_.png","contentUrl":"https:\/\/streetballstore.com\/wp-content\/uploads\/2025\/09\/cropped-streetball-store-logo_.png","width":520,"height":520,"caption":"StreetBall Store"},"image":{"@id":"https:\/\/streetballstore.com\/#\/schema\/logo\/image\/"},"sameAs":["https:\/\/www.instagram.com\/streetballstore?igsh=MTJqOGloaHlhNGZ2NQ&utm_source=qr"]}]}},"_links":{"self":[{"href":"https:\/\/streetballstore.com\/en\/wp-json\/wp\/v2\/product\/3100","targetHints":{"allow":["GET"]}}],"collection":[{"href":"https:\/\/streetballstore.com\/en\/wp-json\/wp\/v2\/product"}],"about":[{"href":"https:\/\/streetballstore.com\/en\/wp-json\/wp\/v2\/types\/product"}],"replies":[{"embeddable":true,"href":"https:\/\/streetballstore.com\/en\/wp-json\/wp\/v2\/comments?post=3100"}],"version-history":[{"count":1,"href":"https:\/\/streetballstore.com\/en\/wp-json\/wp\/v2\/product\/3100\/revisions"}],"predecessor-version":[{"id":3108,"href":"https:\/\/streetballstore.com\/en\/wp-json\/wp\/v2\/product\/3100\/revisions\/3108"}],"wp:featuredmedia":[{"embeddable":true,"href":"https:\/\/streetballstore.com\/en\/wp-json\/wp\/v2\/media\/3014"}],"wp:attachment":[{"href":"https:\/\/streetballstore.com\/en\/wp-json\/wp\/v2\/media?parent=3100"}],"wp:term":[{"taxonomy":"product_cat","embeddable":true,"href":"https:\/\/streetballstore.com\/en\/wp-json\/wp\/v2\/product_cat?post=3100"},{"taxonomy":"product_tag","embeddable":true,"href":"https:\/\/streetballstore.com\/en\/wp-json\/wp\/v2\/product_tag?post=3100"}],"curies":[{"name":"wp","href":"https:\/\/api.w.org\/{rel}","templated":true}]}}