{"id":3087,"date":"2024-11-25T10:02:57","date_gmt":"2024-11-25T09:02:57","guid":{"rendered":"https:\/\/streetballstore.com\/?post_type=product&#038;p=3087"},"modified":"2024-11-25T16:57:06","modified_gmt":"2024-11-25T15:57:06","slug":"jacket-bombers-vandoeuvre-basket","status":"publish","type":"product","link":"https:\/\/streetballstore.com\/en\/product\/jacket-bombers-vandoeuvre-basket\/","title":{"rendered":"Jacket Bombers Vandoeuvre basket"},"content":{"rendered":"<p class=\"p1\"><span class=\"s1\">Cette veste Bombers d\u2019\u00e9paisseur moyenne est id\u00e9ale pour les sportifs \u00e0 la recherche de style et de confort. Elle se distingue par sa <\/span><span class=\"s2\">texture graphique unique<\/span><span class=\"s1\"> sur le devant et l\u2019arri\u00e8re, inspir\u00e9e du <\/span><span class=\"s2\">nouveau maillot du club senior de Vandoeuvre<\/span><span class=\"s1\">. Les manches noires apportent une touche sobre et \u00e9l\u00e9gante, et une <\/span><span class=\"s2\">poche zipp\u00e9e lat\u00e9rale<\/span><span class=\"s1\"> ajoute une praticit\u00e9 suppl\u00e9mentaire.<\/span><\/p>\n<p class=\"p1\"><span class=\"s1\">Sur l\u2019avant, vous trouverez le <\/span><span class=\"s2\">logo du club au niveau du c\u0153ur<\/span><span class=\"s1\">, et sur l\u2019autre c\u00f4t\u00e9, le <\/span><span class=\"s2\">logo Nation of Street<\/span><span class=\"s1\">, pour une association parfaite entre identit\u00e9 locale et esprit urbain. La fermeture \u00e9clair robuste, noire et zipp\u00e9e, apporte une touche moderne \u00e0 cette veste styl\u00e9e.<\/span><\/p>","protected":false},"excerpt":{"rendered":"<p class=\"p1\"><strong><span class=\"s1\">Veste Bombers Club Senior Vandoeuvre x Nation of Street<br \/>\n<\/span><\/strong><\/p>\n<p class=\"p1\"><span class=\"s1\">Un v\u00eatement polyvalent et original, parfait pour afficher vos couleurs avec fiert\u00e9, sur et en dehors du terrain.<\/span><\/p>\n<ul>\n<li>100% Coton polyester<\/li>\n<li>veste Zip<\/li>\n<\/ul>","protected":false},"featured_media":3013,"comment_status":"open","ping_status":"closed","template":"","meta":{"_acf_changed":false},"product_cat":[73],"product_tag":[74],"class_list":{"0":"post-3087","1":"product","2":"type-product","3":"status-publish","4":"has-post-thumbnail","6":"product_cat-vandoeuvre","7":"product_tag-vandoeuvre","8":"product_shipping_class-free-shipping","10":"first","11":"instock","12":"taxable","13":"shipping-taxable","14":"purchasable","15":"product-type-variable","swatches":"rey-swatches","show_selected":"","stretch_labels":"rey-swatches--stretch-labels"},"acf":[],"yoast_head":"<!-- This site is optimized with the Yoast SEO plugin v26.4 - https:\/\/yoast.com\/wordpress\/plugins\/seo\/ -->\n<title>Jacket Bombers Vandoeuvre basket - StreetBall Store<\/title>\n<meta name=\"robots\" content=\"index, follow, max-snippet:-1, max-image-preview:large, max-video-preview:-1\" \/>\n<link rel=\"canonical\" href=\"https:\/\/streetballstore.com\/en\/product\/jacket-bombers-vandoeuvre-basket\/\" \/>\n<meta property=\"og:locale\" content=\"en_US\" \/>\n<meta property=\"og:type\" content=\"article\" \/>\n<meta property=\"og:title\" content=\"Jacket Bombers Vandoeuvre basket - StreetBall Store\" \/>\n<meta property=\"og:description\" content=\"Veste Bombers Club Senior Vandoeuvre x Nation of Street  Un v\u00eatement polyvalent et original, parfait pour afficher vos couleurs avec fiert\u00e9, sur et en dehors du terrain.    100% Coton polyester  veste Zip\" \/>\n<meta property=\"og:url\" content=\"https:\/\/streetballstore.com\/en\/product\/jacket-bombers-vandoeuvre-basket\/\" \/>\n<meta property=\"og:site_name\" content=\"StreetBall Store\" \/>\n<meta property=\"article:modified_time\" content=\"2024-11-25T15:57:06+00:00\" \/>\n<meta property=\"og:image\" content=\"https:\/\/streetballstore.com\/wp-content\/uploads\/2024\/11\/jacket-bombers-vandoeuvre-basket.jpg\" \/>\n\t<meta property=\"og:image:width\" content=\"1180\" \/>\n\t<meta property=\"og:image:height\" content=\"1377\" \/>\n\t<meta property=\"og:image:type\" content=\"image\/jpeg\" \/>\n<meta name=\"twitter:card\" content=\"summary_large_image\" \/>\n<meta name=\"twitter:label1\" content=\"Est. reading time\" \/>\n\t<meta name=\"twitter:data1\" content=\"1 minute\" \/>\n<script type=\"application\/ld+json\" class=\"yoast-schema-graph\">{\"@context\":\"https:\/\/schema.org\",\"@graph\":[{\"@type\":\"WebPage\",\"@id\":\"https:\/\/streetballstore.com\/produit\/jacket-bombers-vandoeuvre-basket\/\",\"url\":\"https:\/\/streetballstore.com\/produit\/jacket-bombers-vandoeuvre-basket\/\",\"name\":\"Jacket Bombers Vandoeuvre basket - StreetBall Store\",\"isPartOf\":{\"@id\":\"https:\/\/streetballstore.com\/#website\"},\"primaryImageOfPage\":{\"@id\":\"https:\/\/streetballstore.com\/produit\/jacket-bombers-vandoeuvre-basket\/#primaryimage\"},\"image\":{\"@id\":\"https:\/\/streetballstore.com\/produit\/jacket-bombers-vandoeuvre-basket\/#primaryimage\"},\"thumbnailUrl\":\"https:\/\/streetballstore.com\/wp-content\/uploads\/2024\/11\/jacket-bombers-vandoeuvre-basket.jpg\",\"datePublished\":\"2024-11-25T09:02:57+00:00\",\"dateModified\":\"2024-11-25T15:57:06+00:00\",\"breadcrumb\":{\"@id\":\"https:\/\/streetballstore.com\/produit\/jacket-bombers-vandoeuvre-basket\/#breadcrumb\"},\"inLanguage\":\"en-US\",\"potentialAction\":[{\"@type\":\"ReadAction\",\"target\":[\"https:\/\/streetballstore.com\/produit\/jacket-bombers-vandoeuvre-basket\/\"]}]},{\"@type\":\"ImageObject\",\"inLanguage\":\"en-US\",\"@id\":\"https:\/\/streetballstore.com\/produit\/jacket-bombers-vandoeuvre-basket\/#primaryimage\",\"url\":\"https:\/\/streetballstore.com\/wp-content\/uploads\/2024\/11\/jacket-bombers-vandoeuvre-basket.jpg\",\"contentUrl\":\"https:\/\/streetballstore.com\/wp-content\/uploads\/2024\/11\/jacket-bombers-vandoeuvre-basket.jpg\",\"width\":1180,\"height\":1377},{\"@type\":\"BreadcrumbList\",\"@id\":\"https:\/\/streetballstore.com\/produit\/jacket-bombers-vandoeuvre-basket\/#breadcrumb\",\"itemListElement\":[{\"@type\":\"ListItem\",\"position\":1,\"name\":\"Accueil\",\"item\":\"https:\/\/streetballstore.com\/\"},{\"@type\":\"ListItem\",\"position\":2,\"name\":\"Shop\",\"item\":\"https:\/\/streetballstore.com\/shop\/\"},{\"@type\":\"ListItem\",\"position\":3,\"name\":\"Jacket Bombers Vandoeuvre basket\"}]},{\"@type\":\"WebSite\",\"@id\":\"https:\/\/streetballstore.com\/#website\",\"url\":\"https:\/\/streetballstore.com\/\",\"name\":\"StreetBall Store \u2013 Boutique de sport et streetwear\",\"description\":\"Where Others Don\u2019t!\",\"publisher\":{\"@id\":\"https:\/\/streetballstore.com\/#organization\"},\"potentialAction\":[{\"@type\":\"SearchAction\",\"target\":{\"@type\":\"EntryPoint\",\"urlTemplate\":\"https:\/\/streetballstore.com\/?s={search_term_string}\"},\"query-input\":{\"@type\":\"PropertyValueSpecification\",\"valueRequired\":true,\"valueName\":\"search_term_string\"}}],\"inLanguage\":\"en-US\"},{\"@type\":\"Organization\",\"@id\":\"https:\/\/streetballstore.com\/#organization\",\"name\":\"StreetBall Store\",\"url\":\"https:\/\/streetballstore.com\/\",\"logo\":{\"@type\":\"ImageObject\",\"inLanguage\":\"en-US\",\"@id\":\"https:\/\/streetballstore.com\/#\/schema\/logo\/image\/\",\"url\":\"https:\/\/streetballstore.com\/wp-content\/uploads\/2025\/09\/cropped-streetball-store-logo_.png\",\"contentUrl\":\"https:\/\/streetballstore.com\/wp-content\/uploads\/2025\/09\/cropped-streetball-store-logo_.png\",\"width\":520,\"height\":520,\"caption\":\"StreetBall Store\"},\"image\":{\"@id\":\"https:\/\/streetballstore.com\/#\/schema\/logo\/image\/\"},\"sameAs\":[\"https:\/\/www.instagram.com\/streetballstore?igsh=MTJqOGloaHlhNGZ2NQ&utm_source=qr\"]}]}<\/script>\n<!-- \/ Yoast SEO plugin. -->","yoast_head_json":{"title":"Jacket Bombers Vandoeuvre basket - StreetBall Store","robots":{"index":"index","follow":"follow","max-snippet":"max-snippet:-1","max-image-preview":"max-image-preview:large","max-video-preview":"max-video-preview:-1"},"canonical":"https:\/\/streetballstore.com\/en\/product\/jacket-bombers-vandoeuvre-basket\/","og_locale":"en_US","og_type":"article","og_title":"Jacket Bombers Vandoeuvre basket - StreetBall Store","og_description":"Veste Bombers Club Senior Vandoeuvre x Nation of Street  Un v\u00eatement polyvalent et original, parfait pour afficher vos couleurs avec fiert\u00e9, sur et en dehors du terrain.    100% Coton polyester  veste Zip","og_url":"https:\/\/streetballstore.com\/en\/product\/jacket-bombers-vandoeuvre-basket\/","og_site_name":"StreetBall Store","article_modified_time":"2024-11-25T15:57:06+00:00","og_image":[{"width":1180,"height":1377,"url":"https:\/\/streetballstore.com\/wp-content\/uploads\/2024\/11\/jacket-bombers-vandoeuvre-basket.jpg","type":"image\/jpeg"}],"twitter_card":"summary_large_image","twitter_misc":{"Est. reading time":"1 minute"},"schema":{"@context":"https:\/\/schema.org","@graph":[{"@type":"WebPage","@id":"https:\/\/streetballstore.com\/produit\/jacket-bombers-vandoeuvre-basket\/","url":"https:\/\/streetballstore.com\/produit\/jacket-bombers-vandoeuvre-basket\/","name":"Jacket Bombers Vandoeuvre basket - StreetBall Store","isPartOf":{"@id":"https:\/\/streetballstore.com\/#website"},"primaryImageOfPage":{"@id":"https:\/\/streetballstore.com\/produit\/jacket-bombers-vandoeuvre-basket\/#primaryimage"},"image":{"@id":"https:\/\/streetballstore.com\/produit\/jacket-bombers-vandoeuvre-basket\/#primaryimage"},"thumbnailUrl":"https:\/\/streetballstore.com\/wp-content\/uploads\/2024\/11\/jacket-bombers-vandoeuvre-basket.jpg","datePublished":"2024-11-25T09:02:57+00:00","dateModified":"2024-11-25T15:57:06+00:00","breadcrumb":{"@id":"https:\/\/streetballstore.com\/produit\/jacket-bombers-vandoeuvre-basket\/#breadcrumb"},"inLanguage":"en-US","potentialAction":[{"@type":"ReadAction","target":["https:\/\/streetballstore.com\/produit\/jacket-bombers-vandoeuvre-basket\/"]}]},{"@type":"ImageObject","inLanguage":"en-US","@id":"https:\/\/streetballstore.com\/produit\/jacket-bombers-vandoeuvre-basket\/#primaryimage","url":"https:\/\/streetballstore.com\/wp-content\/uploads\/2024\/11\/jacket-bombers-vandoeuvre-basket.jpg","contentUrl":"https:\/\/streetballstore.com\/wp-content\/uploads\/2024\/11\/jacket-bombers-vandoeuvre-basket.jpg","width":1180,"height":1377},{"@type":"BreadcrumbList","@id":"https:\/\/streetballstore.com\/produit\/jacket-bombers-vandoeuvre-basket\/#breadcrumb","itemListElement":[{"@type":"ListItem","position":1,"name":"Accueil","item":"https:\/\/streetballstore.com\/"},{"@type":"ListItem","position":2,"name":"Shop","item":"https:\/\/streetballstore.com\/shop\/"},{"@type":"ListItem","position":3,"name":"Jacket Bombers Vandoeuvre basket"}]},{"@type":"WebSite","@id":"https:\/\/streetballstore.com\/#website","url":"https:\/\/streetballstore.com\/","name":"StreetBall Store \u2013 Boutique de sport et streetwear","description":"Where Others Don't!","publisher":{"@id":"https:\/\/streetballstore.com\/#organization"},"potentialAction":[{"@type":"SearchAction","target":{"@type":"EntryPoint","urlTemplate":"https:\/\/streetballstore.com\/?s={search_term_string}"},"query-input":{"@type":"PropertyValueSpecification","valueRequired":true,"valueName":"search_term_string"}}],"inLanguage":"en-US"},{"@type":"Organization","@id":"https:\/\/streetballstore.com\/#organization","name":"StreetBall Store","url":"https:\/\/streetballstore.com\/","logo":{"@type":"ImageObject","inLanguage":"en-US","@id":"https:\/\/streetballstore.com\/#\/schema\/logo\/image\/","url":"https:\/\/streetballstore.com\/wp-content\/uploads\/2025\/09\/cropped-streetball-store-logo_.png","contentUrl":"https:\/\/streetballstore.com\/wp-content\/uploads\/2025\/09\/cropped-streetball-store-logo_.png","width":520,"height":520,"caption":"StreetBall Store"},"image":{"@id":"https:\/\/streetballstore.com\/#\/schema\/logo\/image\/"},"sameAs":["https:\/\/www.instagram.com\/streetballstore?igsh=MTJqOGloaHlhNGZ2NQ&utm_source=qr"]}]}},"_links":{"self":[{"href":"https:\/\/streetballstore.com\/en\/wp-json\/wp\/v2\/product\/3087","targetHints":{"allow":["GET"]}}],"collection":[{"href":"https:\/\/streetballstore.com\/en\/wp-json\/wp\/v2\/product"}],"about":[{"href":"https:\/\/streetballstore.com\/en\/wp-json\/wp\/v2\/types\/product"}],"replies":[{"embeddable":true,"href":"https:\/\/streetballstore.com\/en\/wp-json\/wp\/v2\/comments?post=3087"}],"version-history":[{"count":1,"href":"https:\/\/streetballstore.com\/en\/wp-json\/wp\/v2\/product\/3087\/revisions"}],"predecessor-version":[{"id":3095,"href":"https:\/\/streetballstore.com\/en\/wp-json\/wp\/v2\/product\/3087\/revisions\/3095"}],"wp:featuredmedia":[{"embeddable":true,"href":"https:\/\/streetballstore.com\/en\/wp-json\/wp\/v2\/media\/3013"}],"wp:attachment":[{"href":"https:\/\/streetballstore.com\/en\/wp-json\/wp\/v2\/media?parent=3087"}],"wp:term":[{"taxonomy":"product_cat","embeddable":true,"href":"https:\/\/streetballstore.com\/en\/wp-json\/wp\/v2\/product_cat?post=3087"},{"taxonomy":"product_tag","embeddable":true,"href":"https:\/\/streetballstore.com\/en\/wp-json\/wp\/v2\/product_tag?post=3087"}],"curies":[{"name":"wp","href":"https:\/\/api.w.org\/{rel}","templated":true}]}}