{"id":2500,"date":"2024-09-24T19:24:37","date_gmt":"2024-09-24T17:24:37","guid":{"rendered":"https:\/\/streetballstore.com\/?post_type=product&#038;p=2500"},"modified":"2024-09-24T19:33:03","modified_gmt":"2024-09-24T17:33:03","slug":"veste-nation-of-street-edition-mauritanie","status":"publish","type":"product","link":"https:\/\/streetballstore.com\/en\/product\/veste-nation-of-street-edition-mauritanie\/","title":{"rendered":"Veste Nation of Street \u00e9dition Mauritanie"},"content":{"rendered":"","protected":false},"excerpt":{"rendered":"<p><strong>Veste \u201cEl Watan\u201d &#8211; \u00c9dition Mauritanie<\/strong><\/p>\n<p>&nbsp;<\/p>\n<p>&#8211; Design bicolore<br \/>\n&#8211; D\u00e9tails embl\u00e9matiques<br \/>\n&#8211; Touches personnalis\u00e9es<br \/>\n&#8211; Coton polyester 100\/20%<\/p>","protected":false},"featured_media":2461,"comment_status":"open","ping_status":"closed","template":"","meta":{"_acf_changed":false},"product_cat":[67],"product_tag":[],"class_list":{"0":"post-2500","1":"product","2":"type-product","3":"status-publish","4":"has-post-thumbnail","6":"product_cat-coupe-dafrique-de-nations","8":"first","9":"instock","10":"taxable","11":"shipping-taxable","12":"product-type-simple","swatches":"rey-swatches","show_selected":"","stretch_labels":"rey-swatches--stretch-labels"},"acf":[],"yoast_head":"<!-- This site is optimized with the Yoast SEO plugin v26.4 - https:\/\/yoast.com\/wordpress\/plugins\/seo\/ -->\n<title>Veste Nation of Street \u00e9dition Mauritanie - StreetBall Store<\/title>\n<meta name=\"robots\" content=\"index, follow, max-snippet:-1, max-image-preview:large, max-video-preview:-1\" \/>\n<link rel=\"canonical\" href=\"https:\/\/streetballstore.com\/en\/product\/veste-nation-of-street-edition-mauritanie\/\" \/>\n<meta property=\"og:locale\" content=\"en_US\" \/>\n<meta property=\"og:type\" content=\"article\" \/>\n<meta property=\"og:title\" content=\"Veste Nation of Street \u00e9dition Mauritanie - StreetBall Store\" \/>\n<meta property=\"og:description\" content=\"Veste \u201cEl Watan\u201d - \u00c9dition Mauritanie  &nbsp;  - Design bicolore - D\u00e9tails embl\u00e9matiques - Touches personnalis\u00e9es - Coton polyester 100\/20%\" \/>\n<meta property=\"og:url\" content=\"https:\/\/streetballstore.com\/en\/product\/veste-nation-of-street-edition-mauritanie\/\" \/>\n<meta property=\"og:site_name\" content=\"StreetBall Store\" \/>\n<meta property=\"article:modified_time\" content=\"2024-09-24T17:33:03+00:00\" \/>\n<meta property=\"og:image\" content=\"https:\/\/streetballstore.com\/wp-content\/uploads\/2024\/09\/veste-Mauritanie-nation-of-street.jpg\" \/>\n\t<meta property=\"og:image:width\" content=\"1180\" \/>\n\t<meta property=\"og:image:height\" content=\"1377\" \/>\n\t<meta property=\"og:image:type\" content=\"image\/jpeg\" \/>\n<meta name=\"twitter:card\" content=\"summary_large_image\" \/>\n<script type=\"application\/ld+json\" class=\"yoast-schema-graph\">{\"@context\":\"https:\/\/schema.org\",\"@graph\":[{\"@type\":\"WebPage\",\"@id\":\"https:\/\/streetballstore.com\/produit\/veste-nation-of-street-edition-mauritanie\/\",\"url\":\"https:\/\/streetballstore.com\/produit\/veste-nation-of-street-edition-mauritanie\/\",\"name\":\"Veste Nation of Street \u00e9dition Mauritanie - StreetBall Store\",\"isPartOf\":{\"@id\":\"https:\/\/streetballstore.com\/#website\"},\"primaryImageOfPage\":{\"@id\":\"https:\/\/streetballstore.com\/produit\/veste-nation-of-street-edition-mauritanie\/#primaryimage\"},\"image\":{\"@id\":\"https:\/\/streetballstore.com\/produit\/veste-nation-of-street-edition-mauritanie\/#primaryimage\"},\"thumbnailUrl\":\"https:\/\/streetballstore.com\/wp-content\/uploads\/2024\/09\/veste-Mauritanie-nation-of-street.jpg\",\"datePublished\":\"2024-09-24T17:24:37+00:00\",\"dateModified\":\"2024-09-24T17:33:03+00:00\",\"breadcrumb\":{\"@id\":\"https:\/\/streetballstore.com\/produit\/veste-nation-of-street-edition-mauritanie\/#breadcrumb\"},\"inLanguage\":\"en-US\",\"potentialAction\":[{\"@type\":\"ReadAction\",\"target\":[\"https:\/\/streetballstore.com\/produit\/veste-nation-of-street-edition-mauritanie\/\"]}]},{\"@type\":\"ImageObject\",\"inLanguage\":\"en-US\",\"@id\":\"https:\/\/streetballstore.com\/produit\/veste-nation-of-street-edition-mauritanie\/#primaryimage\",\"url\":\"https:\/\/streetballstore.com\/wp-content\/uploads\/2024\/09\/veste-Mauritanie-nation-of-street.jpg\",\"contentUrl\":\"https:\/\/streetballstore.com\/wp-content\/uploads\/2024\/09\/veste-Mauritanie-nation-of-street.jpg\",\"width\":1180,\"height\":1377},{\"@type\":\"BreadcrumbList\",\"@id\":\"https:\/\/streetballstore.com\/produit\/veste-nation-of-street-edition-mauritanie\/#breadcrumb\",\"itemListElement\":[{\"@type\":\"ListItem\",\"position\":1,\"name\":\"Accueil\",\"item\":\"https:\/\/streetballstore.com\/\"},{\"@type\":\"ListItem\",\"position\":2,\"name\":\"Shop\",\"item\":\"https:\/\/streetballstore.com\/shop\/\"},{\"@type\":\"ListItem\",\"position\":3,\"name\":\"Veste Nation of Street \u00e9dition Mauritanie\"}]},{\"@type\":\"WebSite\",\"@id\":\"https:\/\/streetballstore.com\/#website\",\"url\":\"https:\/\/streetballstore.com\/\",\"name\":\"StreetBall Store \u2013 Boutique de sport et streetwear\",\"description\":\"Where Others Don\u2019t!\",\"publisher\":{\"@id\":\"https:\/\/streetballstore.com\/#organization\"},\"potentialAction\":[{\"@type\":\"SearchAction\",\"target\":{\"@type\":\"EntryPoint\",\"urlTemplate\":\"https:\/\/streetballstore.com\/?s={search_term_string}\"},\"query-input\":{\"@type\":\"PropertyValueSpecification\",\"valueRequired\":true,\"valueName\":\"search_term_string\"}}],\"inLanguage\":\"en-US\"},{\"@type\":\"Organization\",\"@id\":\"https:\/\/streetballstore.com\/#organization\",\"name\":\"StreetBall Store\",\"url\":\"https:\/\/streetballstore.com\/\",\"logo\":{\"@type\":\"ImageObject\",\"inLanguage\":\"en-US\",\"@id\":\"https:\/\/streetballstore.com\/#\/schema\/logo\/image\/\",\"url\":\"https:\/\/streetballstore.com\/wp-content\/uploads\/2025\/09\/cropped-streetball-store-logo_.png\",\"contentUrl\":\"https:\/\/streetballstore.com\/wp-content\/uploads\/2025\/09\/cropped-streetball-store-logo_.png\",\"width\":520,\"height\":520,\"caption\":\"StreetBall Store\"},\"image\":{\"@id\":\"https:\/\/streetballstore.com\/#\/schema\/logo\/image\/\"},\"sameAs\":[\"https:\/\/www.instagram.com\/streetballstore?igsh=MTJqOGloaHlhNGZ2NQ&utm_source=qr\"]}]}<\/script>\n<!-- \/ Yoast SEO plugin. -->","yoast_head_json":{"title":"Veste Nation of Street \u00e9dition Mauritanie - StreetBall Store","robots":{"index":"index","follow":"follow","max-snippet":"max-snippet:-1","max-image-preview":"max-image-preview:large","max-video-preview":"max-video-preview:-1"},"canonical":"https:\/\/streetballstore.com\/en\/product\/veste-nation-of-street-edition-mauritanie\/","og_locale":"en_US","og_type":"article","og_title":"Veste Nation of Street \u00e9dition Mauritanie - StreetBall Store","og_description":"Veste \u201cEl Watan\u201d - \u00c9dition Mauritanie  &nbsp;  - Design bicolore - D\u00e9tails embl\u00e9matiques - Touches personnalis\u00e9es - Coton polyester 100\/20%","og_url":"https:\/\/streetballstore.com\/en\/product\/veste-nation-of-street-edition-mauritanie\/","og_site_name":"StreetBall Store","article_modified_time":"2024-09-24T17:33:03+00:00","og_image":[{"width":1180,"height":1377,"url":"https:\/\/streetballstore.com\/wp-content\/uploads\/2024\/09\/veste-Mauritanie-nation-of-street.jpg","type":"image\/jpeg"}],"twitter_card":"summary_large_image","schema":{"@context":"https:\/\/schema.org","@graph":[{"@type":"WebPage","@id":"https:\/\/streetballstore.com\/produit\/veste-nation-of-street-edition-mauritanie\/","url":"https:\/\/streetballstore.com\/produit\/veste-nation-of-street-edition-mauritanie\/","name":"Veste Nation of Street \u00e9dition Mauritanie - StreetBall Store","isPartOf":{"@id":"https:\/\/streetballstore.com\/#website"},"primaryImageOfPage":{"@id":"https:\/\/streetballstore.com\/produit\/veste-nation-of-street-edition-mauritanie\/#primaryimage"},"image":{"@id":"https:\/\/streetballstore.com\/produit\/veste-nation-of-street-edition-mauritanie\/#primaryimage"},"thumbnailUrl":"https:\/\/streetballstore.com\/wp-content\/uploads\/2024\/09\/veste-Mauritanie-nation-of-street.jpg","datePublished":"2024-09-24T17:24:37+00:00","dateModified":"2024-09-24T17:33:03+00:00","breadcrumb":{"@id":"https:\/\/streetballstore.com\/produit\/veste-nation-of-street-edition-mauritanie\/#breadcrumb"},"inLanguage":"en-US","potentialAction":[{"@type":"ReadAction","target":["https:\/\/streetballstore.com\/produit\/veste-nation-of-street-edition-mauritanie\/"]}]},{"@type":"ImageObject","inLanguage":"en-US","@id":"https:\/\/streetballstore.com\/produit\/veste-nation-of-street-edition-mauritanie\/#primaryimage","url":"https:\/\/streetballstore.com\/wp-content\/uploads\/2024\/09\/veste-Mauritanie-nation-of-street.jpg","contentUrl":"https:\/\/streetballstore.com\/wp-content\/uploads\/2024\/09\/veste-Mauritanie-nation-of-street.jpg","width":1180,"height":1377},{"@type":"BreadcrumbList","@id":"https:\/\/streetballstore.com\/produit\/veste-nation-of-street-edition-mauritanie\/#breadcrumb","itemListElement":[{"@type":"ListItem","position":1,"name":"Accueil","item":"https:\/\/streetballstore.com\/"},{"@type":"ListItem","position":2,"name":"Shop","item":"https:\/\/streetballstore.com\/shop\/"},{"@type":"ListItem","position":3,"name":"Veste Nation of Street \u00e9dition Mauritanie"}]},{"@type":"WebSite","@id":"https:\/\/streetballstore.com\/#website","url":"https:\/\/streetballstore.com\/","name":"StreetBall Store \u2013 Boutique de sport et streetwear","description":"Where Others Don't!","publisher":{"@id":"https:\/\/streetballstore.com\/#organization"},"potentialAction":[{"@type":"SearchAction","target":{"@type":"EntryPoint","urlTemplate":"https:\/\/streetballstore.com\/?s={search_term_string}"},"query-input":{"@type":"PropertyValueSpecification","valueRequired":true,"valueName":"search_term_string"}}],"inLanguage":"en-US"},{"@type":"Organization","@id":"https:\/\/streetballstore.com\/#organization","name":"StreetBall Store","url":"https:\/\/streetballstore.com\/","logo":{"@type":"ImageObject","inLanguage":"en-US","@id":"https:\/\/streetballstore.com\/#\/schema\/logo\/image\/","url":"https:\/\/streetballstore.com\/wp-content\/uploads\/2025\/09\/cropped-streetball-store-logo_.png","contentUrl":"https:\/\/streetballstore.com\/wp-content\/uploads\/2025\/09\/cropped-streetball-store-logo_.png","width":520,"height":520,"caption":"StreetBall Store"},"image":{"@id":"https:\/\/streetballstore.com\/#\/schema\/logo\/image\/"},"sameAs":["https:\/\/www.instagram.com\/streetballstore?igsh=MTJqOGloaHlhNGZ2NQ&utm_source=qr"]}]}},"_links":{"self":[{"href":"https:\/\/streetballstore.com\/en\/wp-json\/wp\/v2\/product\/2500","targetHints":{"allow":["GET"]}}],"collection":[{"href":"https:\/\/streetballstore.com\/en\/wp-json\/wp\/v2\/product"}],"about":[{"href":"https:\/\/streetballstore.com\/en\/wp-json\/wp\/v2\/types\/product"}],"replies":[{"embeddable":true,"href":"https:\/\/streetballstore.com\/en\/wp-json\/wp\/v2\/comments?post=2500"}],"version-history":[{"count":1,"href":"https:\/\/streetballstore.com\/en\/wp-json\/wp\/v2\/product\/2500\/revisions"}],"predecessor-version":[{"id":2501,"href":"https:\/\/streetballstore.com\/en\/wp-json\/wp\/v2\/product\/2500\/revisions\/2501"}],"wp:featuredmedia":[{"embeddable":true,"href":"https:\/\/streetballstore.com\/en\/wp-json\/wp\/v2\/media\/2461"}],"wp:attachment":[{"href":"https:\/\/streetballstore.com\/en\/wp-json\/wp\/v2\/media?parent=2500"}],"wp:term":[{"taxonomy":"product_cat","embeddable":true,"href":"https:\/\/streetballstore.com\/en\/wp-json\/wp\/v2\/product_cat?post=2500"},{"taxonomy":"product_tag","embeddable":true,"href":"https:\/\/streetballstore.com\/en\/wp-json\/wp\/v2\/product_tag?post=2500"}],"curies":[{"name":"wp","href":"https:\/\/api.w.org\/{rel}","templated":true}]}}