{"id":2476,"date":"2024-09-22T13:42:19","date_gmt":"2024-09-22T11:42:19","guid":{"rendered":"https:\/\/streetballstore.com\/?post_type=product&#038;p=2476"},"modified":"2024-09-22T14:25:21","modified_gmt":"2024-09-22T12:25:21","slug":"veste-edition-lions-indomptables","status":"publish","type":"product","link":"https:\/\/streetballstore.com\/en\/product\/veste-edition-lions-indomptables\/","title":{"rendered":"Veste \u00e9dition Lions indomptables"},"content":{"rendered":"<div>\n<div>Montrez votre attachement au Cameroun avec cette veste unique, con\u00e7ue pour allier confort, style et symbolisme. Inspir\u00e9e par les couleurs du drapeau camerounais, cette veste c\u00e9l\u00e8bre l\u2019esprit indomptable de la nation.<\/div>\n<div><\/div>\n<div><strong>Design tricolore<\/strong> : Vert, jaune et rouge, pour honorer le drapeau du Cameroun.<\/div>\n<div><strong>Symbole du lion<\/strong> : La t\u00eate du lion, fi\u00e8rement brod\u00e9e au niveau du c\u0153ur, repr\u00e9sente la force et la bravoure des Camerounais.<\/div>\n<div>Logo <strong>\u201cNation of Street<\/strong>\u201d : Sur le c\u00f4t\u00e9 droit, avec l\u2019inscription <strong>\u201cKMER\u201d<\/strong> en dessous, un diminutif utilis\u00e9 par les Camerounais pour exprimer leur identit\u00e9.<\/div>\n<div><strong>Manches aux couleurs nationales<\/strong> : Une manche verte et une manche jaune, rappelant les couleurs embl\u00e9matiques du pays.<\/div>\n<div><strong>D\u00e9tails puissants \u00e0 l\u2019arri\u00e8re<\/strong> : Sur la partie rouge, le slogan \u201cLion indomptable\u201d est inscrit, en hommage \u00e0 la t\u00e9nacit\u00e9 et \u00e0 la force du peuple camerounais.<\/div>\n<\/div>\n<div>\n<div>\n<div>Mati\u00e8re : 80% coton et 20% polyester pour un confort durable.<\/div>\n<div>Fermeture \u00e9clair et capuche ajustable avec des cordons jaunes, rappelant la couleur du drapeau.<\/div>\n<div>Poches avant bicolores (jaune et vert) avec un label tiss\u00e9 sur la partie jaune pour une touche raffin\u00e9e.<\/div>\n<\/div>\n<\/div>","protected":false},"excerpt":{"rendered":"<p><strong>Veste \u201cNation of Street\u201d &#8211; \u00c9dition C\u00f4te Cameroum<\/strong><\/p>\n<p>Cette veste zipp\u00e9e allie fiert\u00e9 nationale et style moderne, tout en offrant un confort id\u00e9al pour le quotidien. Un indispensable pour tout Camerounais ou amoureux du Cameroun ! Commandez la v\u00f4tre d\u00e8s maintenant et portez la force des \u201cLions indomptables\u201d.<\/p>\n<p>&#8211; Design tricolore<br \/>\n&#8211; D\u00e9tails embl\u00e9matiques<br \/>\n&#8211; Touches personnalis\u00e9es<br \/>\n&#8211; Symboles du lion<br \/>\n&#8211; Coton polyester 100\/20%<\/p>","protected":false},"featured_media":1877,"comment_status":"open","ping_status":"closed","template":"","meta":{"_acf_changed":false},"product_cat":[67],"product_tag":[],"class_list":{"0":"post-2476","1":"product","2":"type-product","3":"status-publish","4":"has-post-thumbnail","6":"product_cat-coupe-dafrique-de-nations","8":"first","9":"instock","10":"taxable","11":"shipping-taxable","12":"product-type-simple","swatches":"rey-swatches","show_selected":"","stretch_labels":"rey-swatches--stretch-labels"},"acf":[],"yoast_head":"<!-- This site is optimized with the Yoast SEO plugin v26.4 - https:\/\/yoast.com\/wordpress\/plugins\/seo\/ -->\n<title>Veste \u00e9dition Lions indomptables - StreetBall Store<\/title>\n<meta name=\"robots\" content=\"index, follow, max-snippet:-1, max-image-preview:large, max-video-preview:-1\" \/>\n<link rel=\"canonical\" href=\"https:\/\/streetballstore.com\/en\/product\/veste-edition-lions-indomptables\/\" \/>\n<meta property=\"og:locale\" content=\"en_US\" \/>\n<meta property=\"og:type\" content=\"article\" \/>\n<meta property=\"og:title\" content=\"Veste \u00e9dition Lions indomptables - StreetBall Store\" \/>\n<meta property=\"og:description\" content=\"Veste \u201cNation of Street\u201d - \u00c9dition C\u00f4te Cameroum  Cette veste zipp\u00e9e allie fiert\u00e9 nationale et style moderne, tout en offrant un confort id\u00e9al pour le quotidien. Un indispensable pour tout Camerounais ou amoureux du Cameroun ! Commandez la v\u00f4tre d\u00e8s maintenant et portez la force des \u201cLions indomptables\u201d.  - Design tricolore - D\u00e9tails embl\u00e9matiques - Touches personnalis\u00e9es - Symboles du lion - Coton polyester 100\/20%\" \/>\n<meta property=\"og:url\" content=\"https:\/\/streetballstore.com\/en\/product\/veste-edition-lions-indomptables\/\" \/>\n<meta property=\"og:site_name\" content=\"StreetBall Store\" \/>\n<meta property=\"article:modified_time\" content=\"2024-09-22T12:25:21+00:00\" \/>\n<meta property=\"og:image\" content=\"https:\/\/streetballstore.com\/wp-content\/uploads\/2024\/07\/veste-cameroun-1-1.jpg\" \/>\n\t<meta property=\"og:image:width\" content=\"1180\" \/>\n\t<meta property=\"og:image:height\" content=\"1377\" \/>\n\t<meta property=\"og:image:type\" content=\"image\/jpeg\" \/>\n<meta name=\"twitter:card\" content=\"summary_large_image\" \/>\n<meta name=\"twitter:label1\" content=\"Est. reading time\" \/>\n\t<meta name=\"twitter:data1\" content=\"1 minute\" \/>\n<script type=\"application\/ld+json\" class=\"yoast-schema-graph\">{\"@context\":\"https:\/\/schema.org\",\"@graph\":[{\"@type\":\"WebPage\",\"@id\":\"https:\/\/streetballstore.com\/produit\/veste-edition-lions-indomptables\/\",\"url\":\"https:\/\/streetballstore.com\/produit\/veste-edition-lions-indomptables\/\",\"name\":\"Veste \u00e9dition Lions indomptables - StreetBall Store\",\"isPartOf\":{\"@id\":\"https:\/\/streetballstore.com\/#website\"},\"primaryImageOfPage\":{\"@id\":\"https:\/\/streetballstore.com\/produit\/veste-edition-lions-indomptables\/#primaryimage\"},\"image\":{\"@id\":\"https:\/\/streetballstore.com\/produit\/veste-edition-lions-indomptables\/#primaryimage\"},\"thumbnailUrl\":\"https:\/\/streetballstore.com\/wp-content\/uploads\/2024\/07\/veste-cameroun-1-1.jpg\",\"datePublished\":\"2024-09-22T11:42:19+00:00\",\"dateModified\":\"2024-09-22T12:25:21+00:00\",\"breadcrumb\":{\"@id\":\"https:\/\/streetballstore.com\/produit\/veste-edition-lions-indomptables\/#breadcrumb\"},\"inLanguage\":\"en-US\",\"potentialAction\":[{\"@type\":\"ReadAction\",\"target\":[\"https:\/\/streetballstore.com\/produit\/veste-edition-lions-indomptables\/\"]}]},{\"@type\":\"ImageObject\",\"inLanguage\":\"en-US\",\"@id\":\"https:\/\/streetballstore.com\/produit\/veste-edition-lions-indomptables\/#primaryimage\",\"url\":\"https:\/\/streetballstore.com\/wp-content\/uploads\/2024\/07\/veste-cameroun-1-1.jpg\",\"contentUrl\":\"https:\/\/streetballstore.com\/wp-content\/uploads\/2024\/07\/veste-cameroun-1-1.jpg\",\"width\":1180,\"height\":1377},{\"@type\":\"BreadcrumbList\",\"@id\":\"https:\/\/streetballstore.com\/produit\/veste-edition-lions-indomptables\/#breadcrumb\",\"itemListElement\":[{\"@type\":\"ListItem\",\"position\":1,\"name\":\"Accueil\",\"item\":\"https:\/\/streetballstore.com\/\"},{\"@type\":\"ListItem\",\"position\":2,\"name\":\"Shop\",\"item\":\"https:\/\/streetballstore.com\/shop\/\"},{\"@type\":\"ListItem\",\"position\":3,\"name\":\"Veste \u00e9dition Lions indomptables\"}]},{\"@type\":\"WebSite\",\"@id\":\"https:\/\/streetballstore.com\/#website\",\"url\":\"https:\/\/streetballstore.com\/\",\"name\":\"StreetBall Store \u2013 Boutique de sport et streetwear\",\"description\":\"Where Others Don\u2019t!\",\"publisher\":{\"@id\":\"https:\/\/streetballstore.com\/#organization\"},\"potentialAction\":[{\"@type\":\"SearchAction\",\"target\":{\"@type\":\"EntryPoint\",\"urlTemplate\":\"https:\/\/streetballstore.com\/?s={search_term_string}\"},\"query-input\":{\"@type\":\"PropertyValueSpecification\",\"valueRequired\":true,\"valueName\":\"search_term_string\"}}],\"inLanguage\":\"en-US\"},{\"@type\":\"Organization\",\"@id\":\"https:\/\/streetballstore.com\/#organization\",\"name\":\"StreetBall Store\",\"url\":\"https:\/\/streetballstore.com\/\",\"logo\":{\"@type\":\"ImageObject\",\"inLanguage\":\"en-US\",\"@id\":\"https:\/\/streetballstore.com\/#\/schema\/logo\/image\/\",\"url\":\"https:\/\/streetballstore.com\/wp-content\/uploads\/2025\/09\/cropped-streetball-store-logo_.png\",\"contentUrl\":\"https:\/\/streetballstore.com\/wp-content\/uploads\/2025\/09\/cropped-streetball-store-logo_.png\",\"width\":520,\"height\":520,\"caption\":\"StreetBall Store\"},\"image\":{\"@id\":\"https:\/\/streetballstore.com\/#\/schema\/logo\/image\/\"},\"sameAs\":[\"https:\/\/www.instagram.com\/streetballstore?igsh=MTJqOGloaHlhNGZ2NQ&utm_source=qr\"]}]}<\/script>\n<!-- \/ Yoast SEO plugin. -->","yoast_head_json":{"title":"Veste \u00e9dition Lions indomptables - StreetBall Store","robots":{"index":"index","follow":"follow","max-snippet":"max-snippet:-1","max-image-preview":"max-image-preview:large","max-video-preview":"max-video-preview:-1"},"canonical":"https:\/\/streetballstore.com\/en\/product\/veste-edition-lions-indomptables\/","og_locale":"en_US","og_type":"article","og_title":"Veste \u00e9dition Lions indomptables - StreetBall Store","og_description":"Veste \u201cNation of Street\u201d - \u00c9dition C\u00f4te Cameroum  Cette veste zipp\u00e9e allie fiert\u00e9 nationale et style moderne, tout en offrant un confort id\u00e9al pour le quotidien. Un indispensable pour tout Camerounais ou amoureux du Cameroun ! Commandez la v\u00f4tre d\u00e8s maintenant et portez la force des \u201cLions indomptables\u201d.  - Design tricolore - D\u00e9tails embl\u00e9matiques - Touches personnalis\u00e9es - Symboles du lion - Coton polyester 100\/20%","og_url":"https:\/\/streetballstore.com\/en\/product\/veste-edition-lions-indomptables\/","og_site_name":"StreetBall Store","article_modified_time":"2024-09-22T12:25:21+00:00","og_image":[{"width":1180,"height":1377,"url":"https:\/\/streetballstore.com\/wp-content\/uploads\/2024\/07\/veste-cameroun-1-1.jpg","type":"image\/jpeg"}],"twitter_card":"summary_large_image","twitter_misc":{"Est. reading time":"1 minute"},"schema":{"@context":"https:\/\/schema.org","@graph":[{"@type":"WebPage","@id":"https:\/\/streetballstore.com\/produit\/veste-edition-lions-indomptables\/","url":"https:\/\/streetballstore.com\/produit\/veste-edition-lions-indomptables\/","name":"Veste \u00e9dition Lions indomptables - StreetBall Store","isPartOf":{"@id":"https:\/\/streetballstore.com\/#website"},"primaryImageOfPage":{"@id":"https:\/\/streetballstore.com\/produit\/veste-edition-lions-indomptables\/#primaryimage"},"image":{"@id":"https:\/\/streetballstore.com\/produit\/veste-edition-lions-indomptables\/#primaryimage"},"thumbnailUrl":"https:\/\/streetballstore.com\/wp-content\/uploads\/2024\/07\/veste-cameroun-1-1.jpg","datePublished":"2024-09-22T11:42:19+00:00","dateModified":"2024-09-22T12:25:21+00:00","breadcrumb":{"@id":"https:\/\/streetballstore.com\/produit\/veste-edition-lions-indomptables\/#breadcrumb"},"inLanguage":"en-US","potentialAction":[{"@type":"ReadAction","target":["https:\/\/streetballstore.com\/produit\/veste-edition-lions-indomptables\/"]}]},{"@type":"ImageObject","inLanguage":"en-US","@id":"https:\/\/streetballstore.com\/produit\/veste-edition-lions-indomptables\/#primaryimage","url":"https:\/\/streetballstore.com\/wp-content\/uploads\/2024\/07\/veste-cameroun-1-1.jpg","contentUrl":"https:\/\/streetballstore.com\/wp-content\/uploads\/2024\/07\/veste-cameroun-1-1.jpg","width":1180,"height":1377},{"@type":"BreadcrumbList","@id":"https:\/\/streetballstore.com\/produit\/veste-edition-lions-indomptables\/#breadcrumb","itemListElement":[{"@type":"ListItem","position":1,"name":"Accueil","item":"https:\/\/streetballstore.com\/"},{"@type":"ListItem","position":2,"name":"Shop","item":"https:\/\/streetballstore.com\/shop\/"},{"@type":"ListItem","position":3,"name":"Veste \u00e9dition Lions indomptables"}]},{"@type":"WebSite","@id":"https:\/\/streetballstore.com\/#website","url":"https:\/\/streetballstore.com\/","name":"StreetBall Store \u2013 Boutique de sport et streetwear","description":"Where Others Don't!","publisher":{"@id":"https:\/\/streetballstore.com\/#organization"},"potentialAction":[{"@type":"SearchAction","target":{"@type":"EntryPoint","urlTemplate":"https:\/\/streetballstore.com\/?s={search_term_string}"},"query-input":{"@type":"PropertyValueSpecification","valueRequired":true,"valueName":"search_term_string"}}],"inLanguage":"en-US"},{"@type":"Organization","@id":"https:\/\/streetballstore.com\/#organization","name":"StreetBall Store","url":"https:\/\/streetballstore.com\/","logo":{"@type":"ImageObject","inLanguage":"en-US","@id":"https:\/\/streetballstore.com\/#\/schema\/logo\/image\/","url":"https:\/\/streetballstore.com\/wp-content\/uploads\/2025\/09\/cropped-streetball-store-logo_.png","contentUrl":"https:\/\/streetballstore.com\/wp-content\/uploads\/2025\/09\/cropped-streetball-store-logo_.png","width":520,"height":520,"caption":"StreetBall Store"},"image":{"@id":"https:\/\/streetballstore.com\/#\/schema\/logo\/image\/"},"sameAs":["https:\/\/www.instagram.com\/streetballstore?igsh=MTJqOGloaHlhNGZ2NQ&utm_source=qr"]}]}},"_links":{"self":[{"href":"https:\/\/streetballstore.com\/en\/wp-json\/wp\/v2\/product\/2476","targetHints":{"allow":["GET"]}}],"collection":[{"href":"https:\/\/streetballstore.com\/en\/wp-json\/wp\/v2\/product"}],"about":[{"href":"https:\/\/streetballstore.com\/en\/wp-json\/wp\/v2\/types\/product"}],"replies":[{"embeddable":true,"href":"https:\/\/streetballstore.com\/en\/wp-json\/wp\/v2\/comments?post=2476"}],"version-history":[{"count":3,"href":"https:\/\/streetballstore.com\/en\/wp-json\/wp\/v2\/product\/2476\/revisions"}],"predecessor-version":[{"id":2479,"href":"https:\/\/streetballstore.com\/en\/wp-json\/wp\/v2\/product\/2476\/revisions\/2479"}],"wp:featuredmedia":[{"embeddable":true,"href":"https:\/\/streetballstore.com\/en\/wp-json\/wp\/v2\/media\/1877"}],"wp:attachment":[{"href":"https:\/\/streetballstore.com\/en\/wp-json\/wp\/v2\/media?parent=2476"}],"wp:term":[{"taxonomy":"product_cat","embeddable":true,"href":"https:\/\/streetballstore.com\/en\/wp-json\/wp\/v2\/product_cat?post=2476"},{"taxonomy":"product_tag","embeddable":true,"href":"https:\/\/streetballstore.com\/en\/wp-json\/wp\/v2\/product_tag?post=2476"}],"curies":[{"name":"wp","href":"https:\/\/api.w.org\/{rel}","templated":true}]}}