{"id":2451,"date":"2024-09-22T13:05:29","date_gmt":"2024-09-22T11:05:29","guid":{"rendered":"https:\/\/streetballstore.com\/?post_type=product&#038;p=2451"},"modified":"2024-09-22T13:39:12","modified_gmt":"2024-09-22T11:39:12","slug":"veste-dkr-rambach","status":"publish","type":"product","link":"https:\/\/streetballstore.com\/en\/product\/veste-dkr-rambach\/","title":{"rendered":"Veste DKR RAMBAKH"},"content":{"rendered":"<p>Repr\u00e9sentez fi\u00e8rement le S\u00e9n\u00e9gal avec la veste DKR Rambak, un hommage vibrant aux couleurs du drapeau s\u00e9n\u00e9galais et \u00e0 l\u2019esprit de combativit\u00e9. Cette veste, aux d\u00e9tails uniques, capture l\u2019essence de la culture s\u00e9n\u00e9galaise.<\/p>\n<div><strong>Design tricolore<\/strong> : Le jaune du drapeau se trouve au centre, tandis que la manche droite est en vert, orn\u00e9e d\u2019un \u00e9cusson, et la manche gauche en rouge, avec un label tiss\u00e9 sur le c\u0153ur pour un style authentique.<\/div>\n<div><strong>D\u00e9tails embl\u00e9matiques<\/strong> : Au dos, retrouvez les initiales \u201cDKR\u201d et, en dessous, l\u2019inscription \u201cRambak\u201d, qui signifie \u201cNous sommes l\u00e0 pour nous battre\u201d en wolof, un v\u00e9ritable symbole de pers\u00e9v\u00e9rance et de fiert\u00e9.<\/div>\n<div><strong>Touches personnalis\u00e9es<\/strong> : Les poches avant sont bicolores pour un rappel visuel du drapeau, et \u00e0 l\u2019int\u00e9rieur de la capuche, des \u00e9toiles repr\u00e9sentant le S\u00e9n\u00e9gal apportent un d\u00e9tail subtil et \u00e9l\u00e9gant.<\/div>\n<div><strong>Symbolique du lion<\/strong> : Sur la face avant, le lion, figure embl\u00e9matique des Lions de la Teranga, est dessin\u00e9, incarnant courage et force.<\/div>","protected":false},"excerpt":{"rendered":"<p><strong>Veste DKR Rambak \u2013 Aux couleurs du S\u00e9n\u00e9gal<\/strong><\/p>\n<p>Avec sa fermeture zipp\u00e9e et sa capuche, la veste DKR Rambak est non seulement styl\u00e9e, mais aussi confortable et id\u00e9ale pour les journ\u00e9es fra\u00eeches.<br \/>\n&#8211; Design tricolore<br \/>\n&#8211; D\u00e9tails embl\u00e9matiques<br \/>\n&#8211; Touches personnalis\u00e9es<br \/>\n&#8211; Symboles du lion<br \/>\n&#8211; Coton polyester<\/p>","protected":false},"featured_media":1882,"comment_status":"open","ping_status":"closed","template":"","meta":{"_acf_changed":false},"product_cat":[67],"product_tag":[],"class_list":{"0":"post-2451","1":"product","2":"type-product","3":"status-publish","4":"has-post-thumbnail","6":"product_cat-coupe-dafrique-de-nations","8":"first","9":"instock","10":"taxable","11":"shipping-taxable","12":"product-type-simple","swatches":"rey-swatches","show_selected":"","stretch_labels":"rey-swatches--stretch-labels"},"acf":[],"yoast_head":"<!-- This site is optimized with the Yoast SEO plugin v26.4 - https:\/\/yoast.com\/wordpress\/plugins\/seo\/ -->\n<title>Veste DKR RAMBAKH - StreetBall Store<\/title>\n<meta name=\"robots\" content=\"index, follow, max-snippet:-1, max-image-preview:large, max-video-preview:-1\" \/>\n<link rel=\"canonical\" href=\"https:\/\/streetballstore.com\/en\/product\/veste-dkr-rambach\/\" \/>\n<meta property=\"og:locale\" content=\"en_US\" \/>\n<meta property=\"og:type\" content=\"article\" \/>\n<meta property=\"og:title\" content=\"Veste DKR RAMBAKH - StreetBall Store\" \/>\n<meta property=\"og:description\" content=\"Veste DKR Rambak \u2013 Aux couleurs du S\u00e9n\u00e9gal  Avec sa fermeture zipp\u00e9e et sa capuche, la veste DKR Rambak est non seulement styl\u00e9e, mais aussi confortable et id\u00e9ale pour les journ\u00e9es fra\u00eeches. - Design tricolore - D\u00e9tails embl\u00e9matiques - Touches personnalis\u00e9es - Symboles du lion - Coton polyester\" \/>\n<meta property=\"og:url\" content=\"https:\/\/streetballstore.com\/en\/product\/veste-dkr-rambach\/\" \/>\n<meta property=\"og:site_name\" content=\"StreetBall Store\" \/>\n<meta property=\"article:modified_time\" content=\"2024-09-22T11:39:12+00:00\" \/>\n<meta property=\"og:image\" content=\"https:\/\/streetballstore.com\/wp-content\/uploads\/2024\/07\/VESTE-SENEGAL-DAKAR-JAUNE-1.jpg\" \/>\n\t<meta property=\"og:image:width\" content=\"1180\" \/>\n\t<meta property=\"og:image:height\" content=\"1377\" \/>\n\t<meta property=\"og:image:type\" content=\"image\/jpeg\" \/>\n<meta name=\"twitter:card\" content=\"summary_large_image\" \/>\n<meta name=\"twitter:label1\" content=\"Est. reading time\" \/>\n\t<meta name=\"twitter:data1\" content=\"1 minute\" \/>\n<script type=\"application\/ld+json\" class=\"yoast-schema-graph\">{\"@context\":\"https:\/\/schema.org\",\"@graph\":[{\"@type\":\"WebPage\",\"@id\":\"https:\/\/streetballstore.com\/produit\/veste-dkr-rambach\/\",\"url\":\"https:\/\/streetballstore.com\/produit\/veste-dkr-rambach\/\",\"name\":\"Veste DKR RAMBAKH - StreetBall Store\",\"isPartOf\":{\"@id\":\"https:\/\/streetballstore.com\/#website\"},\"primaryImageOfPage\":{\"@id\":\"https:\/\/streetballstore.com\/produit\/veste-dkr-rambach\/#primaryimage\"},\"image\":{\"@id\":\"https:\/\/streetballstore.com\/produit\/veste-dkr-rambach\/#primaryimage\"},\"thumbnailUrl\":\"https:\/\/streetballstore.com\/wp-content\/uploads\/2024\/07\/VESTE-SENEGAL-DAKAR-JAUNE-1.jpg\",\"datePublished\":\"2024-09-22T11:05:29+00:00\",\"dateModified\":\"2024-09-22T11:39:12+00:00\",\"breadcrumb\":{\"@id\":\"https:\/\/streetballstore.com\/produit\/veste-dkr-rambach\/#breadcrumb\"},\"inLanguage\":\"en-US\",\"potentialAction\":[{\"@type\":\"ReadAction\",\"target\":[\"https:\/\/streetballstore.com\/produit\/veste-dkr-rambach\/\"]}]},{\"@type\":\"ImageObject\",\"inLanguage\":\"en-US\",\"@id\":\"https:\/\/streetballstore.com\/produit\/veste-dkr-rambach\/#primaryimage\",\"url\":\"https:\/\/streetballstore.com\/wp-content\/uploads\/2024\/07\/VESTE-SENEGAL-DAKAR-JAUNE-1.jpg\",\"contentUrl\":\"https:\/\/streetballstore.com\/wp-content\/uploads\/2024\/07\/VESTE-SENEGAL-DAKAR-JAUNE-1.jpg\",\"width\":1180,\"height\":1377},{\"@type\":\"BreadcrumbList\",\"@id\":\"https:\/\/streetballstore.com\/produit\/veste-dkr-rambach\/#breadcrumb\",\"itemListElement\":[{\"@type\":\"ListItem\",\"position\":1,\"name\":\"Accueil\",\"item\":\"https:\/\/streetballstore.com\/\"},{\"@type\":\"ListItem\",\"position\":2,\"name\":\"Shop\",\"item\":\"https:\/\/streetballstore.com\/shop\/\"},{\"@type\":\"ListItem\",\"position\":3,\"name\":\"Veste DKR RAMBAKH\"}]},{\"@type\":\"WebSite\",\"@id\":\"https:\/\/streetballstore.com\/#website\",\"url\":\"https:\/\/streetballstore.com\/\",\"name\":\"StreetBall Store \u2013 Boutique de sport et streetwear\",\"description\":\"Where Others Don\u2019t!\",\"publisher\":{\"@id\":\"https:\/\/streetballstore.com\/#organization\"},\"potentialAction\":[{\"@type\":\"SearchAction\",\"target\":{\"@type\":\"EntryPoint\",\"urlTemplate\":\"https:\/\/streetballstore.com\/?s={search_term_string}\"},\"query-input\":{\"@type\":\"PropertyValueSpecification\",\"valueRequired\":true,\"valueName\":\"search_term_string\"}}],\"inLanguage\":\"en-US\"},{\"@type\":\"Organization\",\"@id\":\"https:\/\/streetballstore.com\/#organization\",\"name\":\"StreetBall Store\",\"url\":\"https:\/\/streetballstore.com\/\",\"logo\":{\"@type\":\"ImageObject\",\"inLanguage\":\"en-US\",\"@id\":\"https:\/\/streetballstore.com\/#\/schema\/logo\/image\/\",\"url\":\"https:\/\/streetballstore.com\/wp-content\/uploads\/2025\/09\/cropped-streetball-store-logo_.png\",\"contentUrl\":\"https:\/\/streetballstore.com\/wp-content\/uploads\/2025\/09\/cropped-streetball-store-logo_.png\",\"width\":520,\"height\":520,\"caption\":\"StreetBall Store\"},\"image\":{\"@id\":\"https:\/\/streetballstore.com\/#\/schema\/logo\/image\/\"},\"sameAs\":[\"https:\/\/www.instagram.com\/streetballstore?igsh=MTJqOGloaHlhNGZ2NQ&utm_source=qr\"]}]}<\/script>\n<!-- \/ Yoast SEO plugin. -->","yoast_head_json":{"title":"Veste DKR RAMBAKH - StreetBall Store","robots":{"index":"index","follow":"follow","max-snippet":"max-snippet:-1","max-image-preview":"max-image-preview:large","max-video-preview":"max-video-preview:-1"},"canonical":"https:\/\/streetballstore.com\/en\/product\/veste-dkr-rambach\/","og_locale":"en_US","og_type":"article","og_title":"Veste DKR RAMBAKH - StreetBall Store","og_description":"Veste DKR Rambak \u2013 Aux couleurs du S\u00e9n\u00e9gal  Avec sa fermeture zipp\u00e9e et sa capuche, la veste DKR Rambak est non seulement styl\u00e9e, mais aussi confortable et id\u00e9ale pour les journ\u00e9es fra\u00eeches. - Design tricolore - D\u00e9tails embl\u00e9matiques - Touches personnalis\u00e9es - Symboles du lion - Coton polyester","og_url":"https:\/\/streetballstore.com\/en\/product\/veste-dkr-rambach\/","og_site_name":"StreetBall Store","article_modified_time":"2024-09-22T11:39:12+00:00","og_image":[{"width":1180,"height":1377,"url":"https:\/\/streetballstore.com\/wp-content\/uploads\/2024\/07\/VESTE-SENEGAL-DAKAR-JAUNE-1.jpg","type":"image\/jpeg"}],"twitter_card":"summary_large_image","twitter_misc":{"Est. reading time":"1 minute"},"schema":{"@context":"https:\/\/schema.org","@graph":[{"@type":"WebPage","@id":"https:\/\/streetballstore.com\/produit\/veste-dkr-rambach\/","url":"https:\/\/streetballstore.com\/produit\/veste-dkr-rambach\/","name":"Veste DKR RAMBAKH - StreetBall Store","isPartOf":{"@id":"https:\/\/streetballstore.com\/#website"},"primaryImageOfPage":{"@id":"https:\/\/streetballstore.com\/produit\/veste-dkr-rambach\/#primaryimage"},"image":{"@id":"https:\/\/streetballstore.com\/produit\/veste-dkr-rambach\/#primaryimage"},"thumbnailUrl":"https:\/\/streetballstore.com\/wp-content\/uploads\/2024\/07\/VESTE-SENEGAL-DAKAR-JAUNE-1.jpg","datePublished":"2024-09-22T11:05:29+00:00","dateModified":"2024-09-22T11:39:12+00:00","breadcrumb":{"@id":"https:\/\/streetballstore.com\/produit\/veste-dkr-rambach\/#breadcrumb"},"inLanguage":"en-US","potentialAction":[{"@type":"ReadAction","target":["https:\/\/streetballstore.com\/produit\/veste-dkr-rambach\/"]}]},{"@type":"ImageObject","inLanguage":"en-US","@id":"https:\/\/streetballstore.com\/produit\/veste-dkr-rambach\/#primaryimage","url":"https:\/\/streetballstore.com\/wp-content\/uploads\/2024\/07\/VESTE-SENEGAL-DAKAR-JAUNE-1.jpg","contentUrl":"https:\/\/streetballstore.com\/wp-content\/uploads\/2024\/07\/VESTE-SENEGAL-DAKAR-JAUNE-1.jpg","width":1180,"height":1377},{"@type":"BreadcrumbList","@id":"https:\/\/streetballstore.com\/produit\/veste-dkr-rambach\/#breadcrumb","itemListElement":[{"@type":"ListItem","position":1,"name":"Accueil","item":"https:\/\/streetballstore.com\/"},{"@type":"ListItem","position":2,"name":"Shop","item":"https:\/\/streetballstore.com\/shop\/"},{"@type":"ListItem","position":3,"name":"Veste DKR RAMBAKH"}]},{"@type":"WebSite","@id":"https:\/\/streetballstore.com\/#website","url":"https:\/\/streetballstore.com\/","name":"StreetBall Store \u2013 Boutique de sport et streetwear","description":"Where Others Don't!","publisher":{"@id":"https:\/\/streetballstore.com\/#organization"},"potentialAction":[{"@type":"SearchAction","target":{"@type":"EntryPoint","urlTemplate":"https:\/\/streetballstore.com\/?s={search_term_string}"},"query-input":{"@type":"PropertyValueSpecification","valueRequired":true,"valueName":"search_term_string"}}],"inLanguage":"en-US"},{"@type":"Organization","@id":"https:\/\/streetballstore.com\/#organization","name":"StreetBall Store","url":"https:\/\/streetballstore.com\/","logo":{"@type":"ImageObject","inLanguage":"en-US","@id":"https:\/\/streetballstore.com\/#\/schema\/logo\/image\/","url":"https:\/\/streetballstore.com\/wp-content\/uploads\/2025\/09\/cropped-streetball-store-logo_.png","contentUrl":"https:\/\/streetballstore.com\/wp-content\/uploads\/2025\/09\/cropped-streetball-store-logo_.png","width":520,"height":520,"caption":"StreetBall Store"},"image":{"@id":"https:\/\/streetballstore.com\/#\/schema\/logo\/image\/"},"sameAs":["https:\/\/www.instagram.com\/streetballstore?igsh=MTJqOGloaHlhNGZ2NQ&utm_source=qr"]}]}},"_links":{"self":[{"href":"https:\/\/streetballstore.com\/en\/wp-json\/wp\/v2\/product\/2451","targetHints":{"allow":["GET"]}}],"collection":[{"href":"https:\/\/streetballstore.com\/en\/wp-json\/wp\/v2\/product"}],"about":[{"href":"https:\/\/streetballstore.com\/en\/wp-json\/wp\/v2\/types\/product"}],"replies":[{"embeddable":true,"href":"https:\/\/streetballstore.com\/en\/wp-json\/wp\/v2\/comments?post=2451"}],"version-history":[{"count":5,"href":"https:\/\/streetballstore.com\/en\/wp-json\/wp\/v2\/product\/2451\/revisions"}],"predecessor-version":[{"id":2475,"href":"https:\/\/streetballstore.com\/en\/wp-json\/wp\/v2\/product\/2451\/revisions\/2475"}],"wp:featuredmedia":[{"embeddable":true,"href":"https:\/\/streetballstore.com\/en\/wp-json\/wp\/v2\/media\/1882"}],"wp:attachment":[{"href":"https:\/\/streetballstore.com\/en\/wp-json\/wp\/v2\/media?parent=2451"}],"wp:term":[{"taxonomy":"product_cat","embeddable":true,"href":"https:\/\/streetballstore.com\/en\/wp-json\/wp\/v2\/product_cat?post=2451"},{"taxonomy":"product_tag","embeddable":true,"href":"https:\/\/streetballstore.com\/en\/wp-json\/wp\/v2\/product_tag?post=2451"}],"curies":[{"name":"wp","href":"https:\/\/api.w.org\/{rel}","templated":true}]}}