{"id":724,"date":"2024-06-30T18:05:27","date_gmt":"2024-06-30T16:05:27","guid":{"rendered":"https:\/\/streetballstore.com\/?page_id=724"},"modified":"2024-07-23T17:58:13","modified_gmt":"2024-07-23T15:58:13","slug":"s3-freestyle","status":"publish","type":"page","link":"https:\/\/streetballstore.com\/en\/s3-freestyle\/","title":{"rendered":"S3 freestyle"},"content":{"rendered":"<div data-elementor-type=\"wp-page\" data-elementor-id=\"724\" class=\"elementor elementor-724\" data-elementor-post-type=\"page\">\n\t\t\t\t<div class=\"rey-lazyBg e-con-top elementor-element elementor-element-22170973 e-con-full rey-section-stretched e-flex e-con e-parent\" data-id=\"22170973\" data-element_type=\"container\" data-settings=\"{&quot;background_background&quot;:&quot;classic&quot;}\">\n\t\t\t\t<div class=\"elementor-element elementor-element-46863026 elementor-widget elementor-widget-heading\" data-id=\"46863026\" data-element_type=\"widget\" data-widget_type=\"heading.default\">\n\t\t\t\t<div class=\"elementor-widget-container\">\n\t\t\t\t\t<h2 class=\"elementor-heading-title elementor-size-default\">S3 freestyle<\/h2>\t\t\t\t<\/div>\n\t\t\t\t<\/div>\n\t\t\t\t<\/div>\n\t\t<div class=\"e-con-top elementor-element elementor-element-1191cdf e-flex e-con-boxed e-con e-parent\" data-id=\"1191cdf\" data-element_type=\"container\">\n\t\t\t\t\t<div class=\"e-con-inner\">\n\t\t\t\t<div class=\"elementor-element elementor-element-a923578 elementor-widget elementor-widget-spacer\" data-id=\"a923578\" data-element_type=\"widget\" data-widget_type=\"spacer.default\">\n\t\t\t\t<div class=\"elementor-widget-container\">\n\t\t\t\t\t\t\t<div class=\"elementor-spacer\">\n\t\t\t<div class=\"elementor-spacer-inner\"><\/div>\n\t\t<\/div>\n\t\t\t\t\t\t<\/div>\n\t\t\t\t<\/div>\n\t\t\t\t\t<\/div>\n\t\t\t\t<\/div>\n\t\t<div class=\"e-con-top elementor-element elementor-element-216584e e-flex e-con-boxed e-con e-parent\" data-id=\"216584e\" data-element_type=\"container\">\n\t\t\t\t\t<div class=\"e-con-inner\">\n\t\t\t\t<div class=\"elementor-element elementor-element-682f6ac elementor-widget elementor-widget-heading\" data-id=\"682f6ac\" data-element_type=\"widget\" data-widget_type=\"heading.default\">\n\t\t\t\t<div class=\"elementor-widget-container\">\n\t\t\t\t\t<h2 class=\"elementor-heading-title elementor-size-default\">Universe Football &amp; S3 tour<\/h2>\t\t\t\t<\/div>\n\t\t\t\t<\/div>\n\t\t\t\t\t<\/div>\n\t\t\t\t<\/div>\n\t\t<div class=\"e-con-top elementor-element elementor-element-b2d9437 e-flex e-con-boxed e-con e-parent\" data-id=\"b2d9437\" data-element_type=\"container\">\n\t\t\t\t\t<div class=\"e-con-inner\">\n\t\t\t\t<div class=\"elementor-element elementor-element-2724ce4 elementor-widget elementor-widget-spacer\" data-id=\"2724ce4\" data-element_type=\"widget\" data-widget_type=\"spacer.default\">\n\t\t\t\t<div class=\"elementor-widget-container\">\n\t\t\t\t\t\t\t<div class=\"elementor-spacer\">\n\t\t\t<div class=\"elementor-spacer-inner\"><\/div>\n\t\t<\/div>\n\t\t\t\t\t\t<\/div>\n\t\t\t\t<\/div>\n\t\t\t\t\t<\/div>\n\t\t\t\t<\/div>\n\t\t<div class=\"e-con-top elementor-element elementor-element-2a3bed1 rey-section-stretched e-con-full e-flex e-con e-parent\" data-id=\"2a3bed1\" data-element_type=\"container\">\n\t\t<div class=\"elementor-element elementor-element-61d390b e-con-full e-flex e-con e-child\" data-id=\"61d390b\" data-element_type=\"container\">\n\t\t\t\t<div class=\"elementor-element elementor-element-cc09fec elementor-widget elementor-widget-image\" data-id=\"cc09fec\" data-element_type=\"widget\" data-widget_type=\"image.default\">\n\t\t\t\t<div class=\"elementor-widget-container\">\n\t\t\t\t\t\t\t\t\t\t\t\t\t\t\t<img fetchpriority=\"high\" decoding=\"async\" width=\"1024\" height=\"620\" src=\"https:\/\/streetballstore.com\/wp-content\/uploads\/2024\/07\/s3-foot-freestyle-universe-football-1024x620.jpg\" class=\"attachment-large size-large wp-image-1620\" alt=\"\" srcset=\"https:\/\/streetballstore.com\/wp-content\/uploads\/2024\/07\/s3-foot-freestyle-universe-football-1024x620.jpg 1024w, https:\/\/streetballstore.com\/wp-content\/uploads\/2024\/07\/s3-foot-freestyle-universe-football-300x182.jpg 300w, https:\/\/streetballstore.com\/wp-content\/uploads\/2024\/07\/s3-foot-freestyle-universe-football-768x465.jpg 768w, https:\/\/streetballstore.com\/wp-content\/uploads\/2024\/07\/s3-foot-freestyle-universe-football-1536x930.jpg 1536w, https:\/\/streetballstore.com\/wp-content\/uploads\/2024\/07\/s3-foot-freestyle-universe-football-2048x1240.jpg 2048w, https:\/\/streetballstore.com\/wp-content\/uploads\/2024\/07\/s3-foot-freestyle-universe-football-800x484.jpg 800w, https:\/\/streetballstore.com\/wp-content\/uploads\/2024\/07\/s3-foot-freestyle-universe-football-900x545.jpg 900w\" sizes=\"(max-width: 1024px) 100vw, 1024px\" \/>\t\t\t\t\t\t\t\t\t\t\t\t\t\t\t<\/div>\n\t\t\t\t<\/div>\n\t\t\t\t<\/div>\n\t\t<div class=\"elementor-element elementor-element-a4c7522 e-con-full e-flex e-con e-child\" data-id=\"a4c7522\" data-element_type=\"container\">\n\t\t\t\t<div class=\"elementor-element elementor-element-c931e29 elementor-widget elementor-widget-text-editor\" data-id=\"c931e29\" data-element_type=\"widget\" data-widget_type=\"text-editor.default\">\n\t\t\t\t<div class=\"elementor-widget-container\">\n\t\t\t\t\t\t\t\t\t<p>A l&rsquo;occasion de la tourn\u00e9e des S3 et du tournoi Universe football, nous avons d\u00e9sign\u00e9 et produit ballons et \u00e9quipements des joueurs.<br \/><strong>Zinedine Zidane <\/strong>\u00e9tait invit\u00e9.<\/p>\t\t\t\t\t\t\t\t<\/div>\n\t\t\t\t<\/div>\n\t\t\t\t<\/div>\n\t\t\t\t<\/div>\n\t\t<div class=\"e-con-top elementor-element elementor-element-f8bfcee e-flex e-con-boxed e-con e-parent\" data-id=\"f8bfcee\" data-element_type=\"container\">\n\t\t\t\t\t<div class=\"e-con-inner\">\n\t\t\t\t<div class=\"elementor-element elementor-element-c18084d elementor-widget elementor-widget-spacer\" data-id=\"c18084d\" data-element_type=\"widget\" data-widget_type=\"spacer.default\">\n\t\t\t\t<div class=\"elementor-widget-container\">\n\t\t\t\t\t\t\t<div class=\"elementor-spacer\">\n\t\t\t<div class=\"elementor-spacer-inner\"><\/div>\n\t\t<\/div>\n\t\t\t\t\t\t<\/div>\n\t\t\t\t<\/div>\n\t\t\t\t\t<\/div>\n\t\t\t\t<\/div>\n\t\t<div class=\"e-con-top elementor-element elementor-element-720f4b5 e-flex e-con-boxed e-con e-parent\" data-id=\"720f4b5\" data-element_type=\"container\">\n\t\t\t\t\t<div class=\"e-con-inner\">\n\t\t\t\t<div class=\"elementor-element elementor-element-9029de9 elementor-widget elementor-widget-heading\" data-id=\"9029de9\" data-element_type=\"widget\" data-widget_type=\"heading.default\">\n\t\t\t\t<div class=\"elementor-widget-container\">\n\t\t\t\t\t<h2 class=\"elementor-heading-title elementor-size-default\">Les Tenues ont \u00e9t\u00e9 valid\u00e9es par les joueurs !<\/h2>\t\t\t\t<\/div>\n\t\t\t\t<\/div>\n\t\t\t\t\t<\/div>\n\t\t\t\t<\/div>\n\t\t<div class=\"e-con-top elementor-element elementor-element-28dd83c e-flex e-con-boxed e-con e-parent\" data-id=\"28dd83c\" data-element_type=\"container\">\n\t\t\t\t\t<div class=\"e-con-inner\">\n\t\t\t\t<div class=\"elementor-element elementor-element-d3762f0 elementor-widget elementor-widget-spacer\" data-id=\"d3762f0\" data-element_type=\"widget\" data-widget_type=\"spacer.default\">\n\t\t\t\t<div class=\"elementor-widget-container\">\n\t\t\t\t\t\t\t<div class=\"elementor-spacer\">\n\t\t\t<div class=\"elementor-spacer-inner\"><\/div>\n\t\t<\/div>\n\t\t\t\t\t\t<\/div>\n\t\t\t\t<\/div>\n\t\t\t\t\t<\/div>\n\t\t\t\t<\/div>\n\t\t\t\t<section class=\"elementor-section elementor-top-section elementor-element elementor-element-36cc1bbf rey-section-stretched elementor-section-full_width elementor-section-height-default elementor-section-height-default\" data-id=\"36cc1bbf\" data-element_type=\"section\">\n\t\t\t\t\t\t<div class=\"elementor-container elementor-column-gap-wide\">\n\t\t\t\t\t<div class=\"elementor-column elementor-col-25 elementor-top-column elementor-element elementor-element-698cfc4e\" data-id=\"698cfc4e\" data-element_type=\"column\">\n\t\t\t<div class=\"elementor-column-wrap--698cfc4e elementor-widget-wrap elementor-element-populated\">\n\t\t\t\t\t\t<div class=\"elementor-element elementor-element-790e8340 u-hover-img-animation elementor-widget elementor-widget-image\" data-id=\"790e8340\" data-element_type=\"widget\" data-widget_type=\"image.default\">\n\t\t\t\t<div class=\"elementor-widget-container\">\n\t\t\t\t\t\t\t\t\t\t\t\t\t\t\t\t<a href=\"#\">\n\t\t\t\t\t\t\t<img decoding=\"async\" width=\"878\" height=\"1024\" src=\"https:\/\/streetballstore.com\/wp-content\/uploads\/2024\/07\/Universes-foot-s3-878x1024.jpg\" class=\"attachment-large size-large wp-image-1651\" alt=\"\" srcset=\"https:\/\/streetballstore.com\/wp-content\/uploads\/2024\/07\/Universes-foot-s3-878x1024.jpg 878w, https:\/\/streetballstore.com\/wp-content\/uploads\/2024\/07\/Universes-foot-s3-257x300.jpg 257w, https:\/\/streetballstore.com\/wp-content\/uploads\/2024\/07\/Universes-foot-s3-768x896.jpg 768w, https:\/\/streetballstore.com\/wp-content\/uploads\/2024\/07\/Universes-foot-s3-800x934.jpg 800w, https:\/\/streetballstore.com\/wp-content\/uploads\/2024\/07\/Universes-foot-s3-900x1050.jpg 900w, https:\/\/streetballstore.com\/wp-content\/uploads\/2024\/07\/Universes-foot-s3.jpg 1180w\" sizes=\"(max-width: 878px) 100vw, 878px\" \/>\t\t\t\t\t\t\t\t<\/a>\n\t\t\t\t\t\t\t\t\t\t\t\t\t\t\t<\/div>\n\t\t\t\t<\/div>\n\t\t\t\t\t<\/div>\n\t\t<\/div>\n\t\t\t\t<div class=\"elementor-column elementor-col-25 elementor-top-column elementor-element elementor-element-677e40d4\" data-id=\"677e40d4\" data-element_type=\"column\">\n\t\t\t<div class=\"elementor-column-wrap--677e40d4 elementor-widget-wrap elementor-element-populated\">\n\t\t\t\t\t\t<div class=\"elementor-element elementor-element-995f98d u-hover-img-animation elementor-widget elementor-widget-image\" data-id=\"995f98d\" data-element_type=\"widget\" data-widget_type=\"image.default\">\n\t\t\t\t<div class=\"elementor-widget-container\">\n\t\t\t\t\t\t\t\t\t\t\t\t\t\t\t\t<a href=\"#\">\n\t\t\t\t\t\t\t<img decoding=\"async\" width=\"878\" height=\"1024\" src=\"https:\/\/streetballstore.com\/wp-content\/uploads\/2024\/07\/universe-ftootball-S3-878x1024.jpg\" class=\"attachment-large size-large wp-image-1652\" alt=\"\" srcset=\"https:\/\/streetballstore.com\/wp-content\/uploads\/2024\/07\/universe-ftootball-S3-878x1024.jpg 878w, https:\/\/streetballstore.com\/wp-content\/uploads\/2024\/07\/universe-ftootball-S3-257x300.jpg 257w, https:\/\/streetballstore.com\/wp-content\/uploads\/2024\/07\/universe-ftootball-S3-768x896.jpg 768w, https:\/\/streetballstore.com\/wp-content\/uploads\/2024\/07\/universe-ftootball-S3-800x934.jpg 800w, https:\/\/streetballstore.com\/wp-content\/uploads\/2024\/07\/universe-ftootball-S3-900x1050.jpg 900w, https:\/\/streetballstore.com\/wp-content\/uploads\/2024\/07\/universe-ftootball-S3.jpg 1180w\" sizes=\"(max-width: 878px) 100vw, 878px\" \/>\t\t\t\t\t\t\t\t<\/a>\n\t\t\t\t\t\t\t\t\t\t\t\t\t\t\t<\/div>\n\t\t\t\t<\/div>\n\t\t\t\t<div class=\"elementor-element elementor-element-1beab413 u-hover-img-animation elementor-widget elementor-widget-image\" data-id=\"1beab413\" data-element_type=\"widget\" data-widget_type=\"image.default\">\n\t\t\t\t<div class=\"elementor-widget-container\">\n\t\t\t\t\t\t\t\t\t\t\t\t\t\t\t\t<a href=\"#\">\n\t\t\t\t\t\t\t<img loading=\"lazy\" decoding=\"async\" width=\"878\" height=\"1024\" src=\"https:\/\/streetballstore.com\/wp-content\/uploads\/2024\/07\/S3-football-universe-foot-878x1024.jpg\" class=\"attachment-large size-large wp-image-1650\" alt=\"\" srcset=\"https:\/\/streetballstore.com\/wp-content\/uploads\/2024\/07\/S3-football-universe-foot-878x1024.jpg 878w, https:\/\/streetballstore.com\/wp-content\/uploads\/2024\/07\/S3-football-universe-foot-257x300.jpg 257w, https:\/\/streetballstore.com\/wp-content\/uploads\/2024\/07\/S3-football-universe-foot-768x896.jpg 768w, https:\/\/streetballstore.com\/wp-content\/uploads\/2024\/07\/S3-football-universe-foot-800x934.jpg 800w, https:\/\/streetballstore.com\/wp-content\/uploads\/2024\/07\/S3-football-universe-foot-900x1050.jpg 900w, https:\/\/streetballstore.com\/wp-content\/uploads\/2024\/07\/S3-football-universe-foot.jpg 1180w\" sizes=\"(max-width: 878px) 100vw, 878px\" \/>\t\t\t\t\t\t\t\t<\/a>\n\t\t\t\t\t\t\t\t\t\t\t\t\t\t\t<\/div>\n\t\t\t\t<\/div>\n\t\t\t\t\t<\/div>\n\t\t<\/div>\n\t\t\t\t<div class=\"elementor-column elementor-col-25 elementor-top-column elementor-element elementor-element-7f089345\" data-id=\"7f089345\" data-element_type=\"column\">\n\t\t\t<div class=\"elementor-column-wrap--7f089345 elementor-widget-wrap elementor-element-populated\">\n\t\t\t\t\t\t<div class=\"elementor-element elementor-element-46c7229 u-hover-img-animation elementor-widget elementor-widget-image\" data-id=\"46c7229\" data-element_type=\"widget\" data-widget_type=\"image.default\">\n\t\t\t\t<div class=\"elementor-widget-container\">\n\t\t\t\t\t\t\t\t\t\t\t\t\t\t\t\t<a href=\"#\">\n\t\t\t\t\t\t\t<img loading=\"lazy\" decoding=\"async\" width=\"878\" height=\"1024\" src=\"https:\/\/streetballstore.com\/wp-content\/uploads\/2024\/07\/Futsal-s3-universe-foot-878x1024.jpg\" class=\"attachment-large size-large wp-image-1648\" alt=\"\" srcset=\"https:\/\/streetballstore.com\/wp-content\/uploads\/2024\/07\/Futsal-s3-universe-foot-878x1024.jpg 878w, https:\/\/streetballstore.com\/wp-content\/uploads\/2024\/07\/Futsal-s3-universe-foot-257x300.jpg 257w, https:\/\/streetballstore.com\/wp-content\/uploads\/2024\/07\/Futsal-s3-universe-foot-768x896.jpg 768w, https:\/\/streetballstore.com\/wp-content\/uploads\/2024\/07\/Futsal-s3-universe-foot-800x934.jpg 800w, https:\/\/streetballstore.com\/wp-content\/uploads\/2024\/07\/Futsal-s3-universe-foot-900x1050.jpg 900w, https:\/\/streetballstore.com\/wp-content\/uploads\/2024\/07\/Futsal-s3-universe-foot.jpg 1180w\" sizes=\"(max-width: 878px) 100vw, 878px\" \/>\t\t\t\t\t\t\t\t<\/a>\n\t\t\t\t\t\t\t\t\t\t\t\t\t\t\t<\/div>\n\t\t\t\t<\/div>\n\t\t\t\t\t<\/div>\n\t\t<\/div>\n\t\t\t\t<div class=\"elementor-column elementor-col-25 elementor-top-column elementor-element elementor-element-3f44426a\" data-id=\"3f44426a\" data-element_type=\"column\">\n\t\t\t<div class=\"elementor-column-wrap--3f44426a elementor-widget-wrap elementor-element-populated\">\n\t\t\t\t\t\t<div class=\"elementor-element elementor-element-266b6046 u-hover-img-animation elementor-widget elementor-widget-image\" data-id=\"266b6046\" data-element_type=\"widget\" data-widget_type=\"image.default\">\n\t\t\t\t<div class=\"elementor-widget-container\">\n\t\t\t\t\t\t\t\t\t\t\t\t\t\t\t\t<a href=\"#\">\n\t\t\t\t\t\t\t<img loading=\"lazy\" decoding=\"async\" width=\"878\" height=\"1024\" src=\"https:\/\/streetballstore.com\/wp-content\/uploads\/2024\/07\/S3-football-universe-foot--878x1024.jpg\" class=\"attachment-large size-large wp-image-1649\" alt=\"\" srcset=\"https:\/\/streetballstore.com\/wp-content\/uploads\/2024\/07\/S3-football-universe-foot--878x1024.jpg 878w, https:\/\/streetballstore.com\/wp-content\/uploads\/2024\/07\/S3-football-universe-foot--257x300.jpg 257w, https:\/\/streetballstore.com\/wp-content\/uploads\/2024\/07\/S3-football-universe-foot--768x896.jpg 768w, https:\/\/streetballstore.com\/wp-content\/uploads\/2024\/07\/S3-football-universe-foot--800x934.jpg 800w, https:\/\/streetballstore.com\/wp-content\/uploads\/2024\/07\/S3-football-universe-foot--900x1050.jpg 900w, https:\/\/streetballstore.com\/wp-content\/uploads\/2024\/07\/S3-football-universe-foot-.jpg 1180w\" sizes=\"(max-width: 878px) 100vw, 878px\" \/>\t\t\t\t\t\t\t\t<\/a>\n\t\t\t\t\t\t\t\t\t\t\t\t\t\t\t<\/div>\n\t\t\t\t<\/div>\n\t\t\t\t\t<\/div>\n\t\t<\/div>\n\t\t\t\t\t<\/div>\n\t\t<\/section>\n\t\t<div class=\"e-con-top elementor-element elementor-element-34c16e9 e-flex e-con-boxed e-con e-parent\" data-id=\"34c16e9\" data-element_type=\"container\">\n\t\t\t\t\t<div class=\"e-con-inner\">\n\t\t\t\t<div class=\"elementor-element elementor-element-bdbf6d7 elementor-widget elementor-widget-spacer\" data-id=\"bdbf6d7\" data-element_type=\"widget\" data-widget_type=\"spacer.default\">\n\t\t\t\t<div class=\"elementor-widget-container\">\n\t\t\t\t\t\t\t<div class=\"elementor-spacer\">\n\t\t\t<div class=\"elementor-spacer-inner\"><\/div>\n\t\t<\/div>\n\t\t\t\t\t\t<\/div>\n\t\t\t\t<\/div>\n\t\t\t\t\t<\/div>\n\t\t\t\t<\/div>\n\t\t\t\t<\/div>","protected":false},"excerpt":{"rendered":"<p>S3 freestyle Universe Football &#038; S3 tour A l&rsquo;occasion de la tourn\u00e9e des S3 et du tournoi Universe football, nous avons d\u00e9sign\u00e9 et produit ballons et \u00e9quipements des joueurs.Zinedine Zidane \u00e9tait invit\u00e9. Les Tenues ont \u00e9t\u00e9 valid\u00e9es par les joueurs !<\/p>","protected":false},"author":2,"featured_media":0,"parent":0,"menu_order":0,"comment_status":"closed","ping_status":"closed","template":"template-builder.php","meta":{"_acf_changed":false,"footnotes":""},"class_list":["post-724","page","type-page","status-publish","hentry"],"acf":[],"yoast_head":"<!-- This site is optimized with the Yoast SEO plugin v26.4 - https:\/\/yoast.com\/wordpress\/plugins\/seo\/ -->\n<title>S3 freestyle - StreetBall Store<\/title>\n<meta name=\"robots\" content=\"index, follow, max-snippet:-1, max-image-preview:large, max-video-preview:-1\" \/>\n<link rel=\"canonical\" href=\"https:\/\/streetballstore.com\/en\/s3-freestyle\/\" \/>\n<meta property=\"og:locale\" content=\"en_US\" \/>\n<meta property=\"og:type\" content=\"article\" \/>\n<meta property=\"og:title\" content=\"S3 freestyle - StreetBall Store\" \/>\n<meta property=\"og:description\" content=\"S3 freestyle Universe Football &#038; S3 tour A l&rsquo;occasion de la tourn\u00e9e des S3 et du tournoi Universe football, nous avons d\u00e9sign\u00e9 et produit ballons et \u00e9quipements des joueurs.Zinedine Zidane \u00e9tait invit\u00e9. Les Tenues ont \u00e9t\u00e9 valid\u00e9es par les joueurs !\" \/>\n<meta property=\"og:url\" content=\"https:\/\/streetballstore.com\/en\/s3-freestyle\/\" \/>\n<meta property=\"og:site_name\" content=\"StreetBall Store\" \/>\n<meta property=\"article:modified_time\" content=\"2024-07-23T15:58:13+00:00\" \/>\n<meta property=\"og:image\" content=\"https:\/\/streetballstore.com\/wp-content\/uploads\/2024\/07\/s3-foot-freestyle-universe-football-scaled.jpg\" \/>\n\t<meta property=\"og:image:width\" content=\"2560\" \/>\n\t<meta property=\"og:image:height\" content=\"1550\" \/>\n\t<meta property=\"og:image:type\" content=\"image\/jpeg\" \/>\n<meta name=\"twitter:card\" content=\"summary_large_image\" \/>\n<script type=\"application\/ld+json\" class=\"yoast-schema-graph\">{\"@context\":\"https:\/\/schema.org\",\"@graph\":[{\"@type\":\"WebPage\",\"@id\":\"https:\/\/streetballstore.com\/s3-freestyle\/\",\"url\":\"https:\/\/streetballstore.com\/s3-freestyle\/\",\"name\":\"S3 freestyle - StreetBall Store\",\"isPartOf\":{\"@id\":\"https:\/\/streetballstore.com\/#website\"},\"primaryImageOfPage\":{\"@id\":\"https:\/\/streetballstore.com\/s3-freestyle\/#primaryimage\"},\"image\":{\"@id\":\"https:\/\/streetballstore.com\/s3-freestyle\/#primaryimage\"},\"thumbnailUrl\":\"https:\/\/streetballstore.com\/wp-content\/uploads\/2024\/07\/s3-foot-freestyle-universe-football-1024x620.jpg\",\"datePublished\":\"2024-06-30T16:05:27+00:00\",\"dateModified\":\"2024-07-23T15:58:13+00:00\",\"breadcrumb\":{\"@id\":\"https:\/\/streetballstore.com\/s3-freestyle\/#breadcrumb\"},\"inLanguage\":\"en-US\",\"potentialAction\":[{\"@type\":\"ReadAction\",\"target\":[\"https:\/\/streetballstore.com\/s3-freestyle\/\"]}]},{\"@type\":\"ImageObject\",\"inLanguage\":\"en-US\",\"@id\":\"https:\/\/streetballstore.com\/s3-freestyle\/#primaryimage\",\"url\":\"https:\/\/streetballstore.com\/wp-content\/uploads\/2024\/07\/s3-foot-freestyle-universe-football-1024x620.jpg\",\"contentUrl\":\"https:\/\/streetballstore.com\/wp-content\/uploads\/2024\/07\/s3-foot-freestyle-universe-football-1024x620.jpg\"},{\"@type\":\"BreadcrumbList\",\"@id\":\"https:\/\/streetballstore.com\/s3-freestyle\/#breadcrumb\",\"itemListElement\":[{\"@type\":\"ListItem\",\"position\":1,\"name\":\"Accueil\",\"item\":\"https:\/\/streetballstore.com\/\"},{\"@type\":\"ListItem\",\"position\":2,\"name\":\"S3 freestyle\"}]},{\"@type\":\"WebSite\",\"@id\":\"https:\/\/streetballstore.com\/#website\",\"url\":\"https:\/\/streetballstore.com\/\",\"name\":\"StreetBall Store \u2013 Boutique de sport et streetwear\",\"description\":\"Where Others Don\u2019t!\",\"publisher\":{\"@id\":\"https:\/\/streetballstore.com\/#organization\"},\"potentialAction\":[{\"@type\":\"SearchAction\",\"target\":{\"@type\":\"EntryPoint\",\"urlTemplate\":\"https:\/\/streetballstore.com\/?s={search_term_string}\"},\"query-input\":{\"@type\":\"PropertyValueSpecification\",\"valueRequired\":true,\"valueName\":\"search_term_string\"}}],\"inLanguage\":\"en-US\"},{\"@type\":\"Organization\",\"@id\":\"https:\/\/streetballstore.com\/#organization\",\"name\":\"StreetBall Store\",\"url\":\"https:\/\/streetballstore.com\/\",\"logo\":{\"@type\":\"ImageObject\",\"inLanguage\":\"en-US\",\"@id\":\"https:\/\/streetballstore.com\/#\/schema\/logo\/image\/\",\"url\":\"https:\/\/streetballstore.com\/wp-content\/uploads\/2025\/09\/cropped-streetball-store-logo_.png\",\"contentUrl\":\"https:\/\/streetballstore.com\/wp-content\/uploads\/2025\/09\/cropped-streetball-store-logo_.png\",\"width\":520,\"height\":520,\"caption\":\"StreetBall Store\"},\"image\":{\"@id\":\"https:\/\/streetballstore.com\/#\/schema\/logo\/image\/\"},\"sameAs\":[\"https:\/\/www.instagram.com\/streetballstore?igsh=MTJqOGloaHlhNGZ2NQ&utm_source=qr\"]}]}<\/script>\n<!-- \/ Yoast SEO plugin. -->","yoast_head_json":{"title":"S3 freestyle - StreetBall Store","robots":{"index":"index","follow":"follow","max-snippet":"max-snippet:-1","max-image-preview":"max-image-preview:large","max-video-preview":"max-video-preview:-1"},"canonical":"https:\/\/streetballstore.com\/en\/s3-freestyle\/","og_locale":"en_US","og_type":"article","og_title":"S3 freestyle - StreetBall Store","og_description":"S3 freestyle Universe Football &#038; S3 tour A l&rsquo;occasion de la tourn\u00e9e des S3 et du tournoi Universe football, nous avons d\u00e9sign\u00e9 et produit ballons et \u00e9quipements des joueurs.Zinedine Zidane \u00e9tait invit\u00e9. Les Tenues ont \u00e9t\u00e9 valid\u00e9es par les joueurs !","og_url":"https:\/\/streetballstore.com\/en\/s3-freestyle\/","og_site_name":"StreetBall Store","article_modified_time":"2024-07-23T15:58:13+00:00","og_image":[{"width":2560,"height":1550,"url":"https:\/\/streetballstore.com\/wp-content\/uploads\/2024\/07\/s3-foot-freestyle-universe-football-scaled.jpg","type":"image\/jpeg"}],"twitter_card":"summary_large_image","schema":{"@context":"https:\/\/schema.org","@graph":[{"@type":"WebPage","@id":"https:\/\/streetballstore.com\/s3-freestyle\/","url":"https:\/\/streetballstore.com\/s3-freestyle\/","name":"S3 freestyle - StreetBall Store","isPartOf":{"@id":"https:\/\/streetballstore.com\/#website"},"primaryImageOfPage":{"@id":"https:\/\/streetballstore.com\/s3-freestyle\/#primaryimage"},"image":{"@id":"https:\/\/streetballstore.com\/s3-freestyle\/#primaryimage"},"thumbnailUrl":"https:\/\/streetballstore.com\/wp-content\/uploads\/2024\/07\/s3-foot-freestyle-universe-football-1024x620.jpg","datePublished":"2024-06-30T16:05:27+00:00","dateModified":"2024-07-23T15:58:13+00:00","breadcrumb":{"@id":"https:\/\/streetballstore.com\/s3-freestyle\/#breadcrumb"},"inLanguage":"en-US","potentialAction":[{"@type":"ReadAction","target":["https:\/\/streetballstore.com\/s3-freestyle\/"]}]},{"@type":"ImageObject","inLanguage":"en-US","@id":"https:\/\/streetballstore.com\/s3-freestyle\/#primaryimage","url":"https:\/\/streetballstore.com\/wp-content\/uploads\/2024\/07\/s3-foot-freestyle-universe-football-1024x620.jpg","contentUrl":"https:\/\/streetballstore.com\/wp-content\/uploads\/2024\/07\/s3-foot-freestyle-universe-football-1024x620.jpg"},{"@type":"BreadcrumbList","@id":"https:\/\/streetballstore.com\/s3-freestyle\/#breadcrumb","itemListElement":[{"@type":"ListItem","position":1,"name":"Accueil","item":"https:\/\/streetballstore.com\/"},{"@type":"ListItem","position":2,"name":"S3 freestyle"}]},{"@type":"WebSite","@id":"https:\/\/streetballstore.com\/#website","url":"https:\/\/streetballstore.com\/","name":"StreetBall Store \u2013 Boutique de sport et streetwear","description":"Where Others Don't!","publisher":{"@id":"https:\/\/streetballstore.com\/#organization"},"potentialAction":[{"@type":"SearchAction","target":{"@type":"EntryPoint","urlTemplate":"https:\/\/streetballstore.com\/?s={search_term_string}"},"query-input":{"@type":"PropertyValueSpecification","valueRequired":true,"valueName":"search_term_string"}}],"inLanguage":"en-US"},{"@type":"Organization","@id":"https:\/\/streetballstore.com\/#organization","name":"StreetBall Store","url":"https:\/\/streetballstore.com\/","logo":{"@type":"ImageObject","inLanguage":"en-US","@id":"https:\/\/streetballstore.com\/#\/schema\/logo\/image\/","url":"https:\/\/streetballstore.com\/wp-content\/uploads\/2025\/09\/cropped-streetball-store-logo_.png","contentUrl":"https:\/\/streetballstore.com\/wp-content\/uploads\/2025\/09\/cropped-streetball-store-logo_.png","width":520,"height":520,"caption":"StreetBall Store"},"image":{"@id":"https:\/\/streetballstore.com\/#\/schema\/logo\/image\/"},"sameAs":["https:\/\/www.instagram.com\/streetballstore?igsh=MTJqOGloaHlhNGZ2NQ&utm_source=qr"]}]}},"_links":{"self":[{"href":"https:\/\/streetballstore.com\/en\/wp-json\/wp\/v2\/pages\/724","targetHints":{"allow":["GET"]}}],"collection":[{"href":"https:\/\/streetballstore.com\/en\/wp-json\/wp\/v2\/pages"}],"about":[{"href":"https:\/\/streetballstore.com\/en\/wp-json\/wp\/v2\/types\/page"}],"author":[{"embeddable":true,"href":"https:\/\/streetballstore.com\/en\/wp-json\/wp\/v2\/users\/2"}],"replies":[{"embeddable":true,"href":"https:\/\/streetballstore.com\/en\/wp-json\/wp\/v2\/comments?post=724"}],"version-history":[{"count":52,"href":"https:\/\/streetballstore.com\/en\/wp-json\/wp\/v2\/pages\/724\/revisions"}],"predecessor-version":[{"id":1791,"href":"https:\/\/streetballstore.com\/en\/wp-json\/wp\/v2\/pages\/724\/revisions\/1791"}],"wp:attachment":[{"href":"https:\/\/streetballstore.com\/en\/wp-json\/wp\/v2\/media?parent=724"}],"curies":[{"name":"wp","href":"https:\/\/api.w.org\/{rel}","templated":true}]}}