{"id":681,"date":"2024-06-30T16:18:13","date_gmt":"2024-06-30T14:18:13","guid":{"rendered":"https:\/\/streetballstore.com\/?page_id=681"},"modified":"2024-07-22T18:57:24","modified_gmt":"2024-07-22T16:57:24","slug":"44-we-ball","status":"publish","type":"page","link":"https:\/\/streetballstore.com\/en\/44-we-ball\/","title":{"rendered":"44 we Ball"},"content":{"rendered":"<div data-elementor-type=\"wp-page\" data-elementor-id=\"681\" class=\"elementor elementor-681\" data-elementor-post-type=\"page\">\n\t\t\t\t<div class=\"rey-lazyBg e-con-top elementor-element elementor-element-7542ac13 e-con-full rey-section-stretched e-flex e-con e-parent\" data-id=\"7542ac13\" data-element_type=\"container\" data-settings=\"{&quot;background_background&quot;:&quot;classic&quot;}\">\n\t\t\t\t<div class=\"elementor-element elementor-element-2f2bace9 elementor-widget elementor-widget-heading\" data-id=\"2f2bace9\" data-element_type=\"widget\" data-widget_type=\"heading.default\">\n\t\t\t\t<div class=\"elementor-widget-container\">\n\t\t\t\t\t<h2 class=\"elementor-heading-title elementor-size-default\">44 WE BALL<\/h2>\t\t\t\t<\/div>\n\t\t\t\t<\/div>\n\t\t\t\t<div class=\"elementor-element elementor-element-26a025fc elementor-button-success elementor-widget elementor-widget-button\" data-id=\"26a025fc\" data-element_type=\"widget\" data-widget_type=\"button.default\">\n\t\t\t\t<div class=\"elementor-widget-container\">\n\t\t\t\t\t\t\t\t\t<div class=\"elementor-button-wrapper\">\n\t\t\t\t\t<a class=\"elementor-button elementor-size-sm\" role=\"button\">\n\t\t\t\t\t\t<span class=\"elementor-button-content-wrapper\">\n\t\t\t\t\t\t\t\t\t<span class=\"elementor-button-text\">BOUTIQUE<\/span>\n\t\t\t\t\t<\/span>\n\t\t\t\t\t<\/a>\n\t\t\t\t<\/div>\n\t\t\t\t\t\t\t\t<\/div>\n\t\t\t\t<\/div>\n\t\t\t\t<\/div>\n\t\t<div class=\"e-con-top elementor-element elementor-element-76444dc e-flex e-con-boxed e-con e-parent\" data-id=\"76444dc\" data-element_type=\"container\">\n\t\t\t\t\t<div class=\"e-con-inner\">\n\t\t\t\t<div class=\"elementor-element elementor-element-3b4945d elementor-widget elementor-widget-spacer\" data-id=\"3b4945d\" data-element_type=\"widget\" data-widget_type=\"spacer.default\">\n\t\t\t\t<div class=\"elementor-widget-container\">\n\t\t\t\t\t\t\t<div class=\"elementor-spacer\">\n\t\t\t<div class=\"elementor-spacer-inner\"><\/div>\n\t\t<\/div>\n\t\t\t\t\t\t<\/div>\n\t\t\t\t<\/div>\n\t\t\t\t\t<\/div>\n\t\t\t\t<\/div>\n\t\t<div class=\"e-con-top elementor-element elementor-element-3831456 e-flex e-con-boxed e-con e-parent\" data-id=\"3831456\" data-element_type=\"container\">\n\t\t\t\t\t<div class=\"e-con-inner\">\n\t\t\t\t<div class=\"elementor-element elementor-element-f4fb3af elementor-widget elementor-widget-heading\" data-id=\"f4fb3af\" data-element_type=\"widget\" data-widget_type=\"heading.default\">\n\t\t\t\t<div class=\"elementor-widget-container\">\n\t\t\t\t\t<h2 class=\"elementor-heading-title elementor-size-default\">Nous avons d\u00e9sign\u00e9 et fabriqu\u00e9 toute la collection 44 we ball<\/h2>\t\t\t\t<\/div>\n\t\t\t\t<\/div>\n\t\t\t\t\t<\/div>\n\t\t\t\t<\/div>\n\t\t\t\t<section class=\"elementor-section elementor-top-section elementor-element elementor-element-3cdd2548 rey-flexWrap elementor-section-boxed elementor-section-height-default elementor-section-height-default\" data-id=\"3cdd2548\" data-element_type=\"section\">\n\t\t\t\t\t\t<div class=\"elementor-container elementor-column-gap-default\">\n\t\t\t\t\t<div data-rey-anim-config=\"{&quot;id&quot;:&quot;69bebe1a&quot;,&quot;element_type&quot;:&quot;column&quot;,&quot;animation_type&quot;:&quot;fade-slide&quot;,&quot;reveal_direction&quot;:&quot;&quot;,&quot;reveal_zoom&quot;:&quot;&quot;,&quot;reveal_bg&quot;:&quot;&quot;,&quot;activation_trigger&quot;:&quot;viewport&quot;,&quot;subject&quot;:&quot;widgets&quot;}\" class=\"elementor-column elementor-col-25 elementor-top-column elementor-element elementor-element-69bebe1a rey-animate-el rey-anim--fade-slide rey-anim--subject-widgets rey-anim--viewport\" data-id=\"69bebe1a\" data-element_type=\"column\">\n\t\t\t<div class=\"elementor-column-wrap--69bebe1a elementor-widget-wrap elementor-element-populated\">\n\t\t\t\t\t\t<div class=\"elementor-element elementor-element-568a3a8d elementor-widget elementor-widget-image\" data-id=\"568a3a8d\" data-element_type=\"widget\" data-widget_type=\"image.default\">\n\t\t\t\t<div class=\"elementor-widget-container\">\n\t\t\t\t\t\t\t\t\t\t\t\t\t\t\t<img fetchpriority=\"high\" decoding=\"async\" width=\"878\" height=\"1024\" src=\"https:\/\/streetballstore.com\/wp-content\/uploads\/2024\/07\/Dycosh--878x1024.jpg\" class=\"attachment-large size-large wp-image-1593\" alt=\"\" srcset=\"https:\/\/streetballstore.com\/wp-content\/uploads\/2024\/07\/Dycosh--878x1024.jpg 878w, https:\/\/streetballstore.com\/wp-content\/uploads\/2024\/07\/Dycosh--257x300.jpg 257w, https:\/\/streetballstore.com\/wp-content\/uploads\/2024\/07\/Dycosh--768x896.jpg 768w, https:\/\/streetballstore.com\/wp-content\/uploads\/2024\/07\/Dycosh--800x934.jpg 800w, https:\/\/streetballstore.com\/wp-content\/uploads\/2024\/07\/Dycosh--900x1050.jpg 900w, https:\/\/streetballstore.com\/wp-content\/uploads\/2024\/07\/Dycosh-.jpg 1180w\" sizes=\"(max-width: 878px) 100vw, 878px\" \/>\t\t\t\t\t\t\t\t\t\t\t\t\t\t\t<\/div>\n\t\t\t\t<\/div>\n\t\t\t\t\t<\/div>\n\t\t<\/div>\n\t\t\t\t<div data-rey-anim-config=\"{&quot;id&quot;:&quot;51a0cbde&quot;,&quot;element_type&quot;:&quot;column&quot;,&quot;animation_type&quot;:&quot;fade-slide&quot;,&quot;reveal_direction&quot;:&quot;&quot;,&quot;reveal_zoom&quot;:&quot;&quot;,&quot;reveal_bg&quot;:&quot;&quot;,&quot;activation_trigger&quot;:&quot;viewport&quot;,&quot;subject&quot;:&quot;widgets&quot;,&quot;delay&quot;:&quot;250&quot;}\" class=\"elementor-column elementor-col-25 elementor-top-column elementor-element elementor-element-51a0cbde rey-animate-el rey-anim--fade-slide rey-anim--subject-widgets rey-anim--viewport\" data-id=\"51a0cbde\" data-element_type=\"column\">\n\t\t\t<div class=\"elementor-column-wrap--51a0cbde elementor-widget-wrap elementor-element-populated\">\n\t\t\t\t\t\t<div class=\"elementor-element elementor-element-615d4697 elementor-widget elementor-widget-image\" data-id=\"615d4697\" data-element_type=\"widget\" data-widget_type=\"image.default\">\n\t\t\t\t<div class=\"elementor-widget-container\">\n\t\t\t\t\t\t\t\t\t\t\t\t\t\t\t<img decoding=\"async\" width=\"878\" height=\"1024\" src=\"https:\/\/streetballstore.com\/wp-content\/uploads\/2024\/07\/arbitre-44-we-ball-878x1024.jpg\" class=\"attachment-large size-large wp-image-1591\" alt=\"\" srcset=\"https:\/\/streetballstore.com\/wp-content\/uploads\/2024\/07\/arbitre-44-we-ball-878x1024.jpg 878w, https:\/\/streetballstore.com\/wp-content\/uploads\/2024\/07\/arbitre-44-we-ball-257x300.jpg 257w, https:\/\/streetballstore.com\/wp-content\/uploads\/2024\/07\/arbitre-44-we-ball-768x896.jpg 768w, https:\/\/streetballstore.com\/wp-content\/uploads\/2024\/07\/arbitre-44-we-ball-800x934.jpg 800w, https:\/\/streetballstore.com\/wp-content\/uploads\/2024\/07\/arbitre-44-we-ball-900x1050.jpg 900w, https:\/\/streetballstore.com\/wp-content\/uploads\/2024\/07\/arbitre-44-we-ball.jpg 1180w\" sizes=\"(max-width: 878px) 100vw, 878px\" \/>\t\t\t\t\t\t\t\t\t\t\t\t\t\t\t<\/div>\n\t\t\t\t<\/div>\n\t\t\t\t<div class=\"elementor-element elementor-element-361e487b elementor-widget elementor-widget-image\" data-id=\"361e487b\" data-element_type=\"widget\" data-widget_type=\"image.default\">\n\t\t\t\t<div class=\"elementor-widget-container\">\n\t\t\t\t\t\t\t\t\t\t\t\t\t\t\t<img decoding=\"async\" width=\"878\" height=\"1024\" src=\"https:\/\/streetballstore.com\/wp-content\/uploads\/2024\/07\/dunk-44-we-ball-878x1024.jpg\" class=\"attachment-large size-large wp-image-1592\" alt=\"\" srcset=\"https:\/\/streetballstore.com\/wp-content\/uploads\/2024\/07\/dunk-44-we-ball-878x1024.jpg 878w, https:\/\/streetballstore.com\/wp-content\/uploads\/2024\/07\/dunk-44-we-ball-257x300.jpg 257w, https:\/\/streetballstore.com\/wp-content\/uploads\/2024\/07\/dunk-44-we-ball-768x896.jpg 768w, https:\/\/streetballstore.com\/wp-content\/uploads\/2024\/07\/dunk-44-we-ball-800x934.jpg 800w, https:\/\/streetballstore.com\/wp-content\/uploads\/2024\/07\/dunk-44-we-ball-900x1050.jpg 900w, https:\/\/streetballstore.com\/wp-content\/uploads\/2024\/07\/dunk-44-we-ball.jpg 1180w\" sizes=\"(max-width: 878px) 100vw, 878px\" \/>\t\t\t\t\t\t\t\t\t\t\t\t\t\t\t<\/div>\n\t\t\t\t<\/div>\n\t\t\t\t\t<\/div>\n\t\t<\/div>\n\t\t\t\t<div data-rey-anim-config=\"{&quot;id&quot;:&quot;3eb34d63&quot;,&quot;element_type&quot;:&quot;column&quot;,&quot;animation_type&quot;:&quot;fade-slide&quot;,&quot;reveal_direction&quot;:&quot;&quot;,&quot;reveal_zoom&quot;:&quot;&quot;,&quot;reveal_bg&quot;:&quot;&quot;,&quot;activation_trigger&quot;:&quot;viewport&quot;,&quot;subject&quot;:&quot;widgets&quot;,&quot;delay&quot;:&quot;500&quot;}\" class=\"elementor-column elementor-col-25 elementor-top-column elementor-element elementor-element-3eb34d63 rey-animate-el rey-anim--fade-slide rey-anim--subject-widgets rey-anim--viewport\" data-id=\"3eb34d63\" data-element_type=\"column\">\n\t\t\t<div class=\"elementor-column-wrap--3eb34d63 elementor-widget-wrap elementor-element-populated\">\n\t\t\t\t\t\t<div class=\"elementor-element elementor-element-25bfcf5f elementor-widget elementor-widget-image\" data-id=\"25bfcf5f\" data-element_type=\"widget\" data-widget_type=\"image.default\">\n\t\t\t\t<div class=\"elementor-widget-container\">\n\t\t\t\t\t\t\t\t\t\t\t\t\t\t\t<img loading=\"lazy\" decoding=\"async\" width=\"878\" height=\"1024\" src=\"https:\/\/streetballstore.com\/wp-content\/uploads\/2024\/07\/T-shirt-44-we-ball-878x1024.jpg\" class=\"attachment-large size-large wp-image-1596\" alt=\"\" srcset=\"https:\/\/streetballstore.com\/wp-content\/uploads\/2024\/07\/T-shirt-44-we-ball-878x1024.jpg 878w, https:\/\/streetballstore.com\/wp-content\/uploads\/2024\/07\/T-shirt-44-we-ball-257x300.jpg 257w, https:\/\/streetballstore.com\/wp-content\/uploads\/2024\/07\/T-shirt-44-we-ball-768x896.jpg 768w, https:\/\/streetballstore.com\/wp-content\/uploads\/2024\/07\/T-shirt-44-we-ball-800x934.jpg 800w, https:\/\/streetballstore.com\/wp-content\/uploads\/2024\/07\/T-shirt-44-we-ball-900x1050.jpg 900w, https:\/\/streetballstore.com\/wp-content\/uploads\/2024\/07\/T-shirt-44-we-ball.jpg 1180w\" sizes=\"(max-width: 878px) 100vw, 878px\" \/>\t\t\t\t\t\t\t\t\t\t\t\t\t\t\t<\/div>\n\t\t\t\t<\/div>\n\t\t\t\t\t<\/div>\n\t\t<\/div>\n\t\t\t\t<div class=\"elementor-column elementor-col-25 elementor-top-column elementor-element elementor-element-1d1271e4\" data-id=\"1d1271e4\" data-element_type=\"column\">\n\t\t\t<div class=\"elementor-column-wrap--1d1271e4 elementor-widget-wrap\">\n\t\t\t\t\t\t\t<\/div>\n\t\t<\/div>\n\t\t\t\t\t<\/div>\n\t\t<\/section>\n\t\t\t\t<section class=\"elementor-section elementor-top-section elementor-element elementor-element-59ddab9a rey-flexWrap elementor-section-boxed elementor-section-height-default elementor-section-height-default\" data-id=\"59ddab9a\" data-element_type=\"section\">\n\t\t\t\t\t\t<div class=\"elementor-container elementor-column-gap-default\">\n\t\t\t\t\t<div class=\"elementor-column elementor-col-25 elementor-top-column elementor-element elementor-element-5c7bc05b\" data-id=\"5c7bc05b\" data-element_type=\"column\">\n\t\t\t<div class=\"elementor-column-wrap--5c7bc05b elementor-widget-wrap\">\n\t\t\t\t\t\t\t<\/div>\n\t\t<\/div>\n\t\t\t\t<div data-rey-anim-config=\"{&quot;id&quot;:&quot;4dcf9e0d&quot;,&quot;element_type&quot;:&quot;column&quot;,&quot;animation_type&quot;:&quot;fade-slide&quot;,&quot;reveal_direction&quot;:&quot;&quot;,&quot;reveal_zoom&quot;:&quot;&quot;,&quot;reveal_bg&quot;:&quot;&quot;,&quot;activation_trigger&quot;:&quot;viewport&quot;,&quot;subject&quot;:&quot;widgets&quot;}\" class=\"elementor-column elementor-col-25 elementor-top-column elementor-element elementor-element-4dcf9e0d rey-animate-el rey-anim--fade-slide rey-anim--subject-widgets rey-anim--viewport\" data-id=\"4dcf9e0d\" data-element_type=\"column\">\n\t\t\t<div class=\"elementor-column-wrap--4dcf9e0d elementor-widget-wrap elementor-element-populated\">\n\t\t\t\t\t\t<div class=\"elementor-element elementor-element-2ddf0796 elementor-widget elementor-widget-image\" data-id=\"2ddf0796\" data-element_type=\"widget\" data-widget_type=\"image.default\">\n\t\t\t\t<div class=\"elementor-widget-container\">\n\t\t\t\t\t\t\t\t\t\t\t\t\t\t\t<img loading=\"lazy\" decoding=\"async\" width=\"878\" height=\"1024\" src=\"https:\/\/streetballstore.com\/wp-content\/uploads\/2024\/07\/jersey-orange-44-we-ball-878x1024.jpg\" class=\"attachment-large size-large wp-image-1598\" alt=\"\" srcset=\"https:\/\/streetballstore.com\/wp-content\/uploads\/2024\/07\/jersey-orange-44-we-ball-878x1024.jpg 878w, https:\/\/streetballstore.com\/wp-content\/uploads\/2024\/07\/jersey-orange-44-we-ball-257x300.jpg 257w, https:\/\/streetballstore.com\/wp-content\/uploads\/2024\/07\/jersey-orange-44-we-ball-768x896.jpg 768w, https:\/\/streetballstore.com\/wp-content\/uploads\/2024\/07\/jersey-orange-44-we-ball-800x934.jpg 800w, https:\/\/streetballstore.com\/wp-content\/uploads\/2024\/07\/jersey-orange-44-we-ball-900x1050.jpg 900w, https:\/\/streetballstore.com\/wp-content\/uploads\/2024\/07\/jersey-orange-44-we-ball.jpg 1180w\" sizes=\"(max-width: 878px) 100vw, 878px\" \/>\t\t\t\t\t\t\t\t\t\t\t\t\t\t\t<\/div>\n\t\t\t\t<\/div>\n\t\t\t\t\t<\/div>\n\t\t<\/div>\n\t\t\t\t<div data-rey-anim-config=\"{&quot;id&quot;:&quot;3dfff0a&quot;,&quot;element_type&quot;:&quot;column&quot;,&quot;animation_type&quot;:&quot;fade-slide&quot;,&quot;reveal_direction&quot;:&quot;&quot;,&quot;reveal_zoom&quot;:&quot;&quot;,&quot;reveal_bg&quot;:&quot;&quot;,&quot;activation_trigger&quot;:&quot;viewport&quot;,&quot;subject&quot;:&quot;widgets&quot;,&quot;delay&quot;:&quot;250&quot;}\" class=\"elementor-column elementor-col-25 elementor-top-column elementor-element elementor-element-3dfff0a rey-animate-el rey-anim--fade-slide rey-anim--subject-widgets rey-anim--viewport\" data-id=\"3dfff0a\" data-element_type=\"column\">\n\t\t\t<div class=\"elementor-column-wrap--3dfff0a elementor-widget-wrap elementor-element-populated\">\n\t\t\t\t\t\t<div class=\"elementor-element elementor-element-43f31f90 elementor-widget elementor-widget-image\" data-id=\"43f31f90\" data-element_type=\"widget\" data-widget_type=\"image.default\">\n\t\t\t\t<div class=\"elementor-widget-container\">\n\t\t\t\t\t\t\t\t\t\t\t\t\t\t\t<img loading=\"lazy\" decoding=\"async\" width=\"878\" height=\"1024\" src=\"https:\/\/streetballstore.com\/wp-content\/uploads\/2024\/07\/match-44-we-ball-878x1024.jpg\" class=\"attachment-large size-large wp-image-1599\" alt=\"\" srcset=\"https:\/\/streetballstore.com\/wp-content\/uploads\/2024\/07\/match-44-we-ball-878x1024.jpg 878w, https:\/\/streetballstore.com\/wp-content\/uploads\/2024\/07\/match-44-we-ball-257x300.jpg 257w, https:\/\/streetballstore.com\/wp-content\/uploads\/2024\/07\/match-44-we-ball-768x896.jpg 768w, https:\/\/streetballstore.com\/wp-content\/uploads\/2024\/07\/match-44-we-ball-800x934.jpg 800w, https:\/\/streetballstore.com\/wp-content\/uploads\/2024\/07\/match-44-we-ball-900x1050.jpg 900w, https:\/\/streetballstore.com\/wp-content\/uploads\/2024\/07\/match-44-we-ball.jpg 1180w\" sizes=\"(max-width: 878px) 100vw, 878px\" \/>\t\t\t\t\t\t\t\t\t\t\t\t\t\t\t<\/div>\n\t\t\t\t<\/div>\n\t\t\t\t\t<\/div>\n\t\t<\/div>\n\t\t\t\t<div data-rey-anim-config=\"{&quot;id&quot;:&quot;12822bdc&quot;,&quot;element_type&quot;:&quot;column&quot;,&quot;animation_type&quot;:&quot;fade-slide&quot;,&quot;reveal_direction&quot;:&quot;&quot;,&quot;reveal_zoom&quot;:&quot;&quot;,&quot;reveal_bg&quot;:&quot;&quot;,&quot;activation_trigger&quot;:&quot;viewport&quot;,&quot;subject&quot;:&quot;widgets&quot;,&quot;delay&quot;:&quot;500&quot;}\" class=\"elementor-column elementor-col-25 elementor-top-column elementor-element elementor-element-12822bdc rey-animate-el rey-anim--fade-slide rey-anim--subject-widgets rey-anim--viewport\" data-id=\"12822bdc\" data-element_type=\"column\">\n\t\t\t<div class=\"elementor-column-wrap--12822bdc elementor-widget-wrap elementor-element-populated\">\n\t\t\t\t\t\t<div class=\"elementor-element elementor-element-61fa5780 elementor-widget elementor-widget-image\" data-id=\"61fa5780\" data-element_type=\"widget\" data-widget_type=\"image.default\">\n\t\t\t\t<div class=\"elementor-widget-container\">\n\t\t\t\t\t\t\t\t\t\t\t\t\t\t\t<img loading=\"lazy\" decoding=\"async\" width=\"878\" height=\"1024\" src=\"https:\/\/streetballstore.com\/wp-content\/uploads\/2024\/07\/Dycosh-44-we-ball-878x1024.jpg\" class=\"attachment-large size-large wp-image-1594\" alt=\"\" srcset=\"https:\/\/streetballstore.com\/wp-content\/uploads\/2024\/07\/Dycosh-44-we-ball-878x1024.jpg 878w, https:\/\/streetballstore.com\/wp-content\/uploads\/2024\/07\/Dycosh-44-we-ball-257x300.jpg 257w, https:\/\/streetballstore.com\/wp-content\/uploads\/2024\/07\/Dycosh-44-we-ball-768x896.jpg 768w, https:\/\/streetballstore.com\/wp-content\/uploads\/2024\/07\/Dycosh-44-we-ball-800x934.jpg 800w, https:\/\/streetballstore.com\/wp-content\/uploads\/2024\/07\/Dycosh-44-we-ball-900x1050.jpg 900w, https:\/\/streetballstore.com\/wp-content\/uploads\/2024\/07\/Dycosh-44-we-ball.jpg 1180w\" sizes=\"(max-width: 878px) 100vw, 878px\" \/>\t\t\t\t\t\t\t\t\t\t\t\t\t\t\t<\/div>\n\t\t\t\t<\/div>\n\t\t\t\t\t<\/div>\n\t\t<\/div>\n\t\t\t\t\t<\/div>\n\t\t<\/section>\n\t\t\t\t<\/div>","protected":false},"excerpt":{"rendered":"<p>44 WE BALL BOUTIQUE Nous avons d\u00e9sign\u00e9 et fabriqu\u00e9 toute la collection 44 we ball<\/p>","protected":false},"author":2,"featured_media":0,"parent":0,"menu_order":0,"comment_status":"closed","ping_status":"closed","template":"template-builder.php","meta":{"_acf_changed":false,"footnotes":""},"class_list":["post-681","page","type-page","status-publish","hentry"],"acf":[],"yoast_head":"<!-- This site is optimized with the Yoast SEO plugin v26.4 - https:\/\/yoast.com\/wordpress\/plugins\/seo\/ -->\n<title>44 we Ball - StreetBall Store<\/title>\n<meta name=\"robots\" content=\"index, follow, max-snippet:-1, max-image-preview:large, max-video-preview:-1\" \/>\n<link rel=\"canonical\" href=\"https:\/\/streetballstore.com\/en\/44-we-ball\/\" \/>\n<meta property=\"og:locale\" content=\"en_US\" \/>\n<meta property=\"og:type\" content=\"article\" \/>\n<meta property=\"og:title\" content=\"44 we Ball - StreetBall Store\" \/>\n<meta property=\"og:description\" content=\"44 WE BALL BOUTIQUE Nous avons d\u00e9sign\u00e9 et fabriqu\u00e9 toute la collection 44 we ball\" \/>\n<meta property=\"og:url\" content=\"https:\/\/streetballstore.com\/en\/44-we-ball\/\" \/>\n<meta property=\"og:site_name\" content=\"StreetBall Store\" \/>\n<meta property=\"article:modified_time\" content=\"2024-07-22T16:57:24+00:00\" \/>\n<meta property=\"og:image\" content=\"https:\/\/streetballstore.com\/wp-content\/uploads\/2024\/07\/Dycosh-.jpg\" \/>\n\t<meta property=\"og:image:width\" content=\"1180\" \/>\n\t<meta property=\"og:image:height\" content=\"1377\" \/>\n\t<meta property=\"og:image:type\" content=\"image\/jpeg\" \/>\n<meta name=\"twitter:card\" content=\"summary_large_image\" \/>\n<script type=\"application\/ld+json\" class=\"yoast-schema-graph\">{\"@context\":\"https:\/\/schema.org\",\"@graph\":[{\"@type\":\"WebPage\",\"@id\":\"https:\/\/streetballstore.com\/44-we-ball\/\",\"url\":\"https:\/\/streetballstore.com\/44-we-ball\/\",\"name\":\"44 we Ball - StreetBall Store\",\"isPartOf\":{\"@id\":\"https:\/\/streetballstore.com\/#website\"},\"primaryImageOfPage\":{\"@id\":\"https:\/\/streetballstore.com\/44-we-ball\/#primaryimage\"},\"image\":{\"@id\":\"https:\/\/streetballstore.com\/44-we-ball\/#primaryimage\"},\"thumbnailUrl\":\"https:\/\/streetballstore.com\/wp-content\/uploads\/2024\/07\/Dycosh--878x1024.jpg\",\"datePublished\":\"2024-06-30T14:18:13+00:00\",\"dateModified\":\"2024-07-22T16:57:24+00:00\",\"breadcrumb\":{\"@id\":\"https:\/\/streetballstore.com\/44-we-ball\/#breadcrumb\"},\"inLanguage\":\"en-US\",\"potentialAction\":[{\"@type\":\"ReadAction\",\"target\":[\"https:\/\/streetballstore.com\/44-we-ball\/\"]}]},{\"@type\":\"ImageObject\",\"inLanguage\":\"en-US\",\"@id\":\"https:\/\/streetballstore.com\/44-we-ball\/#primaryimage\",\"url\":\"https:\/\/streetballstore.com\/wp-content\/uploads\/2024\/07\/Dycosh--878x1024.jpg\",\"contentUrl\":\"https:\/\/streetballstore.com\/wp-content\/uploads\/2024\/07\/Dycosh--878x1024.jpg\"},{\"@type\":\"BreadcrumbList\",\"@id\":\"https:\/\/streetballstore.com\/44-we-ball\/#breadcrumb\",\"itemListElement\":[{\"@type\":\"ListItem\",\"position\":1,\"name\":\"Accueil\",\"item\":\"https:\/\/streetballstore.com\/\"},{\"@type\":\"ListItem\",\"position\":2,\"name\":\"44 we Ball\"}]},{\"@type\":\"WebSite\",\"@id\":\"https:\/\/streetballstore.com\/#website\",\"url\":\"https:\/\/streetballstore.com\/\",\"name\":\"StreetBall Store \u2013 Boutique de sport et streetwear\",\"description\":\"Where Others Don\u2019t!\",\"publisher\":{\"@id\":\"https:\/\/streetballstore.com\/#organization\"},\"potentialAction\":[{\"@type\":\"SearchAction\",\"target\":{\"@type\":\"EntryPoint\",\"urlTemplate\":\"https:\/\/streetballstore.com\/?s={search_term_string}\"},\"query-input\":{\"@type\":\"PropertyValueSpecification\",\"valueRequired\":true,\"valueName\":\"search_term_string\"}}],\"inLanguage\":\"en-US\"},{\"@type\":\"Organization\",\"@id\":\"https:\/\/streetballstore.com\/#organization\",\"name\":\"StreetBall Store\",\"url\":\"https:\/\/streetballstore.com\/\",\"logo\":{\"@type\":\"ImageObject\",\"inLanguage\":\"en-US\",\"@id\":\"https:\/\/streetballstore.com\/#\/schema\/logo\/image\/\",\"url\":\"https:\/\/streetballstore.com\/wp-content\/uploads\/2025\/09\/cropped-streetball-store-logo_.png\",\"contentUrl\":\"https:\/\/streetballstore.com\/wp-content\/uploads\/2025\/09\/cropped-streetball-store-logo_.png\",\"width\":520,\"height\":520,\"caption\":\"StreetBall Store\"},\"image\":{\"@id\":\"https:\/\/streetballstore.com\/#\/schema\/logo\/image\/\"},\"sameAs\":[\"https:\/\/www.instagram.com\/streetballstore?igsh=MTJqOGloaHlhNGZ2NQ&utm_source=qr\"]}]}<\/script>\n<!-- \/ Yoast SEO plugin. -->","yoast_head_json":{"title":"44 we Ball - StreetBall Store","robots":{"index":"index","follow":"follow","max-snippet":"max-snippet:-1","max-image-preview":"max-image-preview:large","max-video-preview":"max-video-preview:-1"},"canonical":"https:\/\/streetballstore.com\/en\/44-we-ball\/","og_locale":"en_US","og_type":"article","og_title":"44 we Ball - StreetBall Store","og_description":"44 WE BALL BOUTIQUE Nous avons d\u00e9sign\u00e9 et fabriqu\u00e9 toute la collection 44 we ball","og_url":"https:\/\/streetballstore.com\/en\/44-we-ball\/","og_site_name":"StreetBall Store","article_modified_time":"2024-07-22T16:57:24+00:00","og_image":[{"width":1180,"height":1377,"url":"https:\/\/streetballstore.com\/wp-content\/uploads\/2024\/07\/Dycosh-.jpg","type":"image\/jpeg"}],"twitter_card":"summary_large_image","schema":{"@context":"https:\/\/schema.org","@graph":[{"@type":"WebPage","@id":"https:\/\/streetballstore.com\/44-we-ball\/","url":"https:\/\/streetballstore.com\/44-we-ball\/","name":"44 we Ball - StreetBall Store","isPartOf":{"@id":"https:\/\/streetballstore.com\/#website"},"primaryImageOfPage":{"@id":"https:\/\/streetballstore.com\/44-we-ball\/#primaryimage"},"image":{"@id":"https:\/\/streetballstore.com\/44-we-ball\/#primaryimage"},"thumbnailUrl":"https:\/\/streetballstore.com\/wp-content\/uploads\/2024\/07\/Dycosh--878x1024.jpg","datePublished":"2024-06-30T14:18:13+00:00","dateModified":"2024-07-22T16:57:24+00:00","breadcrumb":{"@id":"https:\/\/streetballstore.com\/44-we-ball\/#breadcrumb"},"inLanguage":"en-US","potentialAction":[{"@type":"ReadAction","target":["https:\/\/streetballstore.com\/44-we-ball\/"]}]},{"@type":"ImageObject","inLanguage":"en-US","@id":"https:\/\/streetballstore.com\/44-we-ball\/#primaryimage","url":"https:\/\/streetballstore.com\/wp-content\/uploads\/2024\/07\/Dycosh--878x1024.jpg","contentUrl":"https:\/\/streetballstore.com\/wp-content\/uploads\/2024\/07\/Dycosh--878x1024.jpg"},{"@type":"BreadcrumbList","@id":"https:\/\/streetballstore.com\/44-we-ball\/#breadcrumb","itemListElement":[{"@type":"ListItem","position":1,"name":"Accueil","item":"https:\/\/streetballstore.com\/"},{"@type":"ListItem","position":2,"name":"44 we Ball"}]},{"@type":"WebSite","@id":"https:\/\/streetballstore.com\/#website","url":"https:\/\/streetballstore.com\/","name":"StreetBall Store \u2013 Boutique de sport et streetwear","description":"Where Others Don't!","publisher":{"@id":"https:\/\/streetballstore.com\/#organization"},"potentialAction":[{"@type":"SearchAction","target":{"@type":"EntryPoint","urlTemplate":"https:\/\/streetballstore.com\/?s={search_term_string}"},"query-input":{"@type":"PropertyValueSpecification","valueRequired":true,"valueName":"search_term_string"}}],"inLanguage":"en-US"},{"@type":"Organization","@id":"https:\/\/streetballstore.com\/#organization","name":"StreetBall Store","url":"https:\/\/streetballstore.com\/","logo":{"@type":"ImageObject","inLanguage":"en-US","@id":"https:\/\/streetballstore.com\/#\/schema\/logo\/image\/","url":"https:\/\/streetballstore.com\/wp-content\/uploads\/2025\/09\/cropped-streetball-store-logo_.png","contentUrl":"https:\/\/streetballstore.com\/wp-content\/uploads\/2025\/09\/cropped-streetball-store-logo_.png","width":520,"height":520,"caption":"StreetBall Store"},"image":{"@id":"https:\/\/streetballstore.com\/#\/schema\/logo\/image\/"},"sameAs":["https:\/\/www.instagram.com\/streetballstore?igsh=MTJqOGloaHlhNGZ2NQ&utm_source=qr"]}]}},"_links":{"self":[{"href":"https:\/\/streetballstore.com\/en\/wp-json\/wp\/v2\/pages\/681","targetHints":{"allow":["GET"]}}],"collection":[{"href":"https:\/\/streetballstore.com\/en\/wp-json\/wp\/v2\/pages"}],"about":[{"href":"https:\/\/streetballstore.com\/en\/wp-json\/wp\/v2\/types\/page"}],"author":[{"embeddable":true,"href":"https:\/\/streetballstore.com\/en\/wp-json\/wp\/v2\/users\/2"}],"replies":[{"embeddable":true,"href":"https:\/\/streetballstore.com\/en\/wp-json\/wp\/v2\/comments?post=681"}],"version-history":[{"count":28,"href":"https:\/\/streetballstore.com\/en\/wp-json\/wp\/v2\/pages\/681\/revisions"}],"predecessor-version":[{"id":1608,"href":"https:\/\/streetballstore.com\/en\/wp-json\/wp\/v2\/pages\/681\/revisions\/1608"}],"wp:attachment":[{"href":"https:\/\/streetballstore.com\/en\/wp-json\/wp\/v2\/media?parent=681"}],"curies":[{"name":"wp","href":"https:\/\/api.w.org\/{rel}","templated":true}]}}