{"id":6657,"date":"2026-01-19T12:29:17","date_gmt":"2026-01-19T11:29:17","guid":{"rendered":"https:\/\/streetballstore.com\/?page_id=6657"},"modified":"2026-01-21T10:33:00","modified_gmt":"2026-01-21T09:33:00","slug":"plv-evenementielle","status":"publish","type":"page","link":"https:\/\/streetballstore.com\/en\/plv-evenementielle\/","title":{"rendered":"PLV Banniere &amp; barnum"},"content":{"rendered":"<div data-elementor-type=\"wp-page\" data-elementor-id=\"6657\" class=\"elementor elementor-6657\" data-elementor-post-type=\"page\">\n\t\t\t\t<div class=\"rey-lazyBg e-con-top elementor-element elementor-element-59571b1 e-flex e-con-boxed e-con e-parent\" data-id=\"59571b1\" data-element_type=\"container\" data-settings=\"{&quot;background_background&quot;:&quot;classic&quot;}\">\n\t\t\t\t\t<div class=\"e-con-inner\">\n\t\t<div class=\"elementor-element elementor-element-0b80c9a e-con-full e-flex e-con e-child\" data-id=\"0b80c9a\" data-element_type=\"container\">\n\t\t\t\t<div class=\"elementor-element elementor-element-420f59b elementor-widget elementor-widget-heading\" data-id=\"420f59b\" data-element_type=\"widget\" data-widget_type=\"heading.default\">\n\t\t\t\t<div class=\"elementor-widget-container\">\n\t\t\t\t\t<h2 class=\"elementor-heading-title elementor-size-default\">PLV<\/h2>\t\t\t\t<\/div>\n\t\t\t\t<\/div>\n\t\t\t\t<\/div>\n\t\t\t\t\t<\/div>\n\t\t\t\t<\/div>\n\t\t<div class=\"e-con-top elementor-element elementor-element-14cf340 e-flex e-con-boxed e-con e-parent\" data-id=\"14cf340\" data-element_type=\"container\">\n\t\t\t\t\t<div class=\"e-con-inner\">\n\t\t\t\t<div class=\"elementor-element elementor-element-9f1a3f1 elementor-widget elementor-widget-spacer\" data-id=\"9f1a3f1\" data-element_type=\"widget\" data-widget_type=\"spacer.default\">\n\t\t\t\t<div class=\"elementor-widget-container\">\n\t\t\t\t\t\t\t<div class=\"elementor-spacer\">\n\t\t\t<div class=\"elementor-spacer-inner\"><\/div>\n\t\t<\/div>\n\t\t\t\t\t\t<\/div>\n\t\t\t\t<\/div>\n\t\t\t\t\t<\/div>\n\t\t\t\t<\/div>\n\t\t<div class=\"e-con-top elementor-element elementor-element-b8f0f3f e-flex e-con-boxed e-con e-parent\" data-id=\"b8f0f3f\" data-element_type=\"container\">\n\t\t\t\t\t<div class=\"e-con-inner\">\n\t\t\t\t<div class=\"elementor-element elementor-element-5e4e020 elementor-widget elementor-widget-heading\" data-id=\"5e4e020\" data-element_type=\"widget\" data-widget_type=\"heading.default\">\n\t\t\t\t<div class=\"elementor-widget-container\">\n\t\t\t\t\t<h2 class=\"elementor-heading-title elementor-size-default\">PLV \u00e9v\u00e9nementielle personnalis\u00e9e<br>Banni\u00e8res &amp; Barnums\n<\/h2>\t\t\t\t<\/div>\n\t\t\t\t<\/div>\n\t\t\t\t\t<\/div>\n\t\t\t\t<\/div>\n\t\t<div class=\"e-con-top elementor-element elementor-element-74d038d e-flex e-con-boxed e-con e-parent\" data-id=\"74d038d\" data-element_type=\"container\">\n\t\t\t\t\t<div class=\"e-con-inner\">\n\t\t\t\t<div class=\"elementor-element elementor-element-84a6ad4 elementor-widget elementor-widget-text-editor\" data-id=\"84a6ad4\" data-element_type=\"widget\" data-widget_type=\"text-editor.default\">\n\t\t\t\t<div class=\"elementor-widget-container\">\n\t\t\t\t\t\t\t\t\t<p><span class=\"s1\">Notre <\/span><span class=\"s2\">PLV \u00e9v\u00e9nementielle personnalis\u00e9e<\/span><span class=\"s1\"> permet de valoriser votre marque lors de tous vos \u00e9v\u00e9nements professionnels.<\/span><\/p>\t\t\t\t\t\t\t\t<\/div>\n\t\t\t\t<\/div>\n\t\t\t\t\t<\/div>\n\t\t\t\t<\/div>\n\t\t<div class=\"e-con-top elementor-element elementor-element-5906cbb e-flex e-con-boxed e-con e-parent\" data-id=\"5906cbb\" data-element_type=\"container\">\n\t\t\t\t\t<div class=\"e-con-inner\">\n\t\t\t\t<div class=\"elementor-element elementor-element-8e9bf0b elementor-arrows-position-inside elementor-pagination-position-outside elementor-widget elementor-widget-image-carousel\" data-id=\"8e9bf0b\" data-element_type=\"widget\" data-settings=\"{&quot;navigation&quot;:&quot;both&quot;,&quot;autoplay&quot;:&quot;yes&quot;,&quot;pause_on_hover&quot;:&quot;yes&quot;,&quot;pause_on_interaction&quot;:&quot;yes&quot;,&quot;autoplay_speed&quot;:5000,&quot;infinite&quot;:&quot;yes&quot;,&quot;speed&quot;:500}\" data-widget_type=\"image-carousel.default\">\n\t\t\t\t<div class=\"elementor-widget-container\">\n\t\t\t\t\t\t\t<div data-carousel-id=\"#carousel-69624db082156\" class=\"elementor-image-carousel-wrapper swiper\" role=\"region\" aria-roledescription=\"carousel\" aria-label=\"Image carousel\" dir=\"ltr\">\n\t\t\t<div class=\"elementor-image-carousel swiper-wrapper\" aria-live=\"off\">\n\t\t\t\t\t\t\t\t<div class=\"swiper-slide\" role=\"group\" aria-roledescription=\"slide\" aria-label=\"1 of 3\"><figure class=\"swiper-slide-inner\"><img decoding=\"async\" class=\"swiper-slide-image\" src=\"https:\/\/streetballstore.com\/wp-content\/uploads\/2026\/01\/barnum-evenementiel-768x454.jpg\" alt=\"Barnum \u00e9v\u00e9nementiel\" \/><figcaption class=\"elementor-image-carousel-caption\">barnum \u00e9v\u00e9nementiel<\/figcaption><\/figure><\/div><div class=\"swiper-slide\" role=\"group\" aria-roledescription=\"slide\" aria-label=\"2 of 3\"><figure class=\"swiper-slide-inner\"><img decoding=\"async\" class=\"swiper-slide-image\" src=\"https:\/\/streetballstore.com\/wp-content\/uploads\/2026\/01\/couvre-chaise-evenementiel-768x454.jpg\" alt=\"Couvres chaises \u00e9v\u00e9nementiel\" \/><figcaption class=\"elementor-image-carousel-caption\">couvre chaise \u00e9v\u00e9nementiel<\/figcaption><\/figure><\/div><div class=\"swiper-slide\" role=\"group\" aria-roledescription=\"slide\" aria-label=\"3 of 3\"><figure class=\"swiper-slide-inner\"><img decoding=\"async\" class=\"swiper-slide-image\" src=\"https:\/\/streetballstore.com\/wp-content\/uploads\/2026\/01\/couvre-table-evenementiel-768x454.jpg\" alt=\"Couvre table \u00e9v\u00e9nementiel\" \/><figcaption class=\"elementor-image-carousel-caption\">couvre table \u00e9v\u00e9nementiel<\/figcaption><\/figure><\/div>\t\t\t<\/div>\n\t\t\t\t\t\t\t\t\t\t\t\t<div class=\"elementor-swiper-button elementor-swiper-button-prev\" role=\"button\" tabindex=\"0\">\n\t\t\t\t\t\t<svg aria-hidden=\"true\" class=\"e-font-icon-svg e-eicon-chevron-left\" viewbox=\"0 0 1000 1000\" xmlns=\"http:\/\/www.w3.org\/2000\/svg\"><path d=\"M646 125C629 125 613 133 604 142L308 442C296 454 292 471 292 487 292 504 296 521 308 533L604 854C617 867 629 875 646 875 663 875 679 871 692 858 704 846 713 829 713 812 713 796 708 779 692 767L438 487 692 225C700 217 708 204 708 187 708 171 704 154 692 142 675 129 663 125 646 125Z\"><\/path><\/svg>\t\t\t\t\t<\/div>\n\t\t\t\t\t<div class=\"elementor-swiper-button elementor-swiper-button-next\" role=\"button\" tabindex=\"0\">\n\t\t\t\t\t\t<svg aria-hidden=\"true\" class=\"e-font-icon-svg e-eicon-chevron-right\" viewbox=\"0 0 1000 1000\" xmlns=\"http:\/\/www.w3.org\/2000\/svg\"><path d=\"M696 533C708 521 713 504 713 487 713 471 708 454 696 446L400 146C388 133 375 125 354 125 338 125 325 129 313 142 300 154 292 171 292 187 292 204 296 221 308 233L563 492 304 771C292 783 288 800 288 817 288 833 296 850 308 863 321 871 338 875 354 875 371 875 388 867 400 854L696 533Z\"><\/path><\/svg>\t\t\t\t\t<\/div>\n\t\t\t\t\n\t\t\t\t\t\t\t\t\t<div class=\"swiper-pagination\"><\/div>\n\t\t\t\t\t\t\t\t\t<\/div>\n\t\t\t\t\t\t<\/div>\n\t\t\t\t<\/div>\n\t\t\t\t\t<\/div>\n\t\t\t\t<\/div>\n\t\t<div class=\"e-con-top elementor-element elementor-element-769c2f1 e-flex e-con-boxed e-con e-parent\" data-id=\"769c2f1\" data-element_type=\"container\">\n\t\t\t\t\t<div class=\"e-con-inner\">\n\t\t<div class=\"elementor-element elementor-element-2ff85bc e-con-full e-flex e-con e-child\" data-id=\"2ff85bc\" data-element_type=\"container\">\n\t\t\t\t<div class=\"elementor-element elementor-element-95df702 elementor-widget elementor-widget-text-editor\" data-id=\"95df702\" data-element_type=\"widget\" data-widget_type=\"text-editor.default\">\n\t\t\t\t<div class=\"elementor-widget-container\">\n\t\t\t\t\t\t\t\t\t<p class=\"p1\"><span class=\"s1\">PLV \u00e9v\u00e9nementielle haut de gamme<\/span><\/p><p class=\"p1\"><span class=\"s2\">Nous concevons et produisons des supports de communication robustes et professionnels : barnums, parasols, tables, habillages et structures \u00e9v\u00e9nementielles. Des mat\u00e9riaux de qualit\u00e9, pens\u00e9s pour l\u2019ext\u00e9rieur comme pour l\u2019int\u00e9rieur, adapt\u00e9s aux \u00e9v\u00e9nements sportifs, tournois et activations de marque.<\/span><\/p>\t\t\t\t\t\t\t\t<\/div>\n\t\t\t\t<\/div>\n\t\t\t\t<\/div>\n\t\t<div class=\"elementor-element elementor-element-46d9344 e-con-full e-flex e-con e-child\" data-id=\"46d9344\" data-element_type=\"container\">\n\t\t\t\t<div class=\"elementor-element elementor-element-655d961 elementor-widget elementor-widget-image\" data-id=\"655d961\" data-element_type=\"widget\" data-widget_type=\"image.default\">\n\t\t\t\t<div class=\"elementor-widget-container\">\n\t\t\t\t\t\t\t\t\t\t\t\t\t\t\t<img fetchpriority=\"high\" decoding=\"async\" width=\"1024\" height=\"576\" src=\"https:\/\/streetballstore.com\/wp-content\/uploads\/2026\/01\/dj-willx-1024x576.jpg\" class=\"attachment-large size-large wp-image-6741\" alt=\"\" srcset=\"https:\/\/streetballstore.com\/wp-content\/uploads\/2026\/01\/dj-willx-1024x576.jpg 1024w, https:\/\/streetballstore.com\/wp-content\/uploads\/2026\/01\/dj-willx-300x169.jpg 300w, https:\/\/streetballstore.com\/wp-content\/uploads\/2026\/01\/dj-willx-768x432.jpg 768w, https:\/\/streetballstore.com\/wp-content\/uploads\/2026\/01\/dj-willx-1536x864.jpg 1536w, https:\/\/streetballstore.com\/wp-content\/uploads\/2026\/01\/dj-willx-18x10.jpg 18w, https:\/\/streetballstore.com\/wp-content\/uploads\/2026\/01\/dj-willx-800x450.jpg 800w, https:\/\/streetballstore.com\/wp-content\/uploads\/2026\/01\/dj-willx-900x506.jpg 900w, https:\/\/streetballstore.com\/wp-content\/uploads\/2026\/01\/dj-willx.jpg 2048w\" sizes=\"(max-width: 1024px) 100vw, 1024px\" \/>\t\t\t\t\t\t\t\t\t\t\t\t\t\t\t<\/div>\n\t\t\t\t<\/div>\n\t\t\t\t<\/div>\n\t\t\t\t\t<\/div>\n\t\t\t\t<\/div>\n\t\t<div class=\"e-con-top elementor-element elementor-element-e2217eb e-flex e-con-boxed e-con e-parent\" data-id=\"e2217eb\" data-element_type=\"container\">\n\t\t\t\t\t<div class=\"e-con-inner\">\n\t\t\t\t<div class=\"elementor-element elementor-element-fbf542e elementor-widget elementor-widget-text-editor\" data-id=\"fbf542e\" data-element_type=\"widget\" data-widget_type=\"text-editor.default\">\n\t\t\t\t<div class=\"elementor-widget-container\">\n\t\t\t\t\t\t\t\t\t<p class=\"p1\"><span class=\"s1\">Stickers &amp; habillage de sols sur mesure<\/span><\/p><p class=\"p1\"><span class=\"s2\">Nous r\u00e9alisons des stickers haute r\u00e9sistance pour recouvrir tous types de sols : terrains de sport, salles indoor, playgrounds, vitrines ou espaces \u00e9v\u00e9nementiels. Impression premium, adh\u00e9rence optimale et rendu visuel impactant pour transformer n\u2019importe quel sol en v\u00e9ritable support de communication.<\/span><\/p>\t\t\t\t\t\t\t\t<\/div>\n\t\t\t\t<\/div>\n\t\t\t\t\t<\/div>\n\t\t\t\t<\/div>\n\t\t<div class=\"rey-lazyBg e-con-top elementor-element elementor-element-0900130 e-flex e-con-boxed e-con e-parent\" data-id=\"0900130\" data-element_type=\"container\" data-settings=\"{&quot;background_background&quot;:&quot;classic&quot;}\">\n\t\t\t\t\t<div class=\"e-con-inner\">\n\t\t\t\t\t<\/div>\n\t\t\t\t<\/div>\n\t\t<div class=\"e-con-top elementor-element elementor-element-f733e44 e-flex e-con-boxed e-con e-parent\" data-id=\"f733e44\" data-element_type=\"container\">\n\t\t\t\t\t<div class=\"e-con-inner\">\n\t\t\t\t<div class=\"elementor-element elementor-element-1d20bf7 elementor-widget elementor-widget-text-editor\" data-id=\"1d20bf7\" data-element_type=\"widget\" data-widget_type=\"text-editor.default\">\n\t\t\t\t<div class=\"elementor-widget-container\">\n\t\t\t\t\t\t\t\t\t<p class=\"p1\"><span class=\"s1\">Nous r\u00e9alisons des <\/span><span class=\"s2\">b\u00e2ches publicitaires PLV professionnelles<\/span><span class=\"s1\"> con\u00e7ues pour recouvrir tous types de supports : barri\u00e8res, structures m\u00e9talliques, fa\u00e7ades, sc\u00e8nes, stands \u00e9v\u00e9nementiels ou terrains de sport. Fabriqu\u00e9es avec des <\/span><span class=\"s2\">mat\u00e9riaux premium haute densit\u00e9<\/span><span class=\"s1\">, nos b\u00e2ches offrent une <\/span><span class=\"s2\">excellente opacit\u00e9<\/span><span class=\"s1\">, laissant passer <\/span><span class=\"s2\">tr\u00e8s peu de lumi\u00e8re<\/span><span class=\"s1\"> pour un rendu visuel net, intense et parfaitement lisible, m\u00eame en plein ext\u00e9rieur.<\/span><\/p><p class=\"p1\"><span class=\"s1\">R\u00e9sistantes aux intemp\u00e9ries, aux UV et aux usages intensifs, nos <\/span><span class=\"s2\">b\u00e2ches PLV sur mesure<\/span><span class=\"s1\"> sont id\u00e9ales pour les \u00e9v\u00e9nements sportifs, tournois de basketball, activations de marque et installations indoor ou outdoor.<\/span><\/p>\t\t\t\t\t\t\t\t<\/div>\n\t\t\t\t<\/div>\n\t\t\t\t\t<\/div>\n\t\t\t\t<\/div>\n\t\t\t\t<section class=\"elementor-section elementor-top-section elementor-element elementor-element-554d0cb elementor-section-height-min-height rey-section-bg--video elementor-section-items-bottom rey-sectionScroll rey-sectionScroll--clip-in elementor-section-boxed elementor-section-height-default\" data-id=\"554d0cb\" data-element_type=\"section\" data-settings=\"{&quot;background_background&quot;:&quot;video&quot;,&quot;background_video_link&quot;:&quot;https:\\\/\\\/vimeo.com\\\/1156766156?fl=ip&amp;fe=ec&quot;,&quot;background_play_on_mobile&quot;:&quot;yes&quot;,&quot;rey_clip_threshold&quot;:0.5}\">\n\t\t\t\t\t\t\t\t<div class=\"elementor-background-video-container\" aria-hidden=\"true\">\n\t\t\t\t\t\t\t\t\t\t\t\t\t<div class=\"elementor-background-video-embed\"><\/div>\n\t\t\t\t\t\t\t\t\t\t\t\t<\/div>\n\t\t\t\t\t\t\t\t\t<div class=\"elementor-background-overlay\"><\/div>\n\t\t\t\t\t\t\t<div class=\"elementor-container elementor-column-gap-no\">\n\t\t\t\t\t<div class=\"elementor-column elementor-col-100 elementor-top-column elementor-element elementor-element-c4d8df6\" data-id=\"c4d8df6\" data-element_type=\"column\">\n\t\t\t<div class=\"elementor-column-wrap--c4d8df6 elementor-widget-wrap elementor-element-populated\">\n\t\t\t\t\t\t<div class=\"elementor-element elementor-element-97e1875 elementor-widget elementor-widget-heading\" data-id=\"97e1875\" data-element_type=\"widget\" data-widget_type=\"heading.default\">\n\t\t\t\t<div class=\"elementor-widget-container\">\n\t\t\t\t\t<h2 class=\"elementor-heading-title elementor-size-default\">visite d'une de nos usines <\/h2>\t\t\t\t<\/div>\n\t\t\t\t<\/div>\n\t\t\t\t\t<\/div>\n\t\t<\/div>\n\t\t\t\t\t<\/div>\n\t\t<\/section>\n\t\t<div class=\"e-con-top elementor-element elementor-element-cb7d110 e-flex e-con-boxed e-con e-parent\" data-id=\"cb7d110\" data-element_type=\"container\">\n\t\t\t\t\t<div class=\"e-con-inner\">\n\t\t\t\t<div class=\"elementor-element elementor-element-2c049bb elementor-align-center elementor-widget elementor-widget-button\" data-id=\"2c049bb\" data-element_type=\"widget\" data-widget_type=\"button.default\">\n\t\t\t\t<div class=\"elementor-widget-container\">\n\t\t\t\t\t\t\t\t\t<div class=\"elementor-button-wrapper\">\n\t\t\t\t\t<a class=\"elementor-button elementor-button-link elementor-size-sm\" href=\"https:\/\/streetballstore.com\/en\/contact\/\">\n\t\t\t\t\t\t<span class=\"elementor-button-content-wrapper\">\n\t\t\t\t\t\t\t\t\t<span class=\"elementor-button-text\">Request a study<\/span>\n\t\t\t\t\t<\/span>\n\t\t\t\t\t<\/a>\n\t\t\t\t<\/div>\n\t\t\t\t\t\t\t\t<\/div>\n\t\t\t\t<\/div>\n\t\t\t\t\t<\/div>\n\t\t\t\t<\/div>\n\t\t<div class=\"e-con-top elementor-element elementor-element-0644c29 e-flex e-con-boxed e-con e-parent\" data-id=\"0644c29\" data-element_type=\"container\">\n\t\t\t\t\t<div class=\"e-con-inner\">\n\t\t\t\t<div class=\"elementor-element elementor-element-64c275f elementor-widget elementor-widget-spacer\" data-id=\"64c275f\" data-element_type=\"widget\" data-widget_type=\"spacer.default\">\n\t\t\t\t<div class=\"elementor-widget-container\">\n\t\t\t\t\t\t\t<div class=\"elementor-spacer\">\n\t\t\t<div class=\"elementor-spacer-inner\"><\/div>\n\t\t<\/div>\n\t\t\t\t\t\t<\/div>\n\t\t\t\t<\/div>\n\t\t\t\t\t<\/div>\n\t\t\t\t<\/div>\n\t\t\t\t<\/div>","protected":false},"excerpt":{"rendered":"<p>PLV PLV \u00e9v\u00e9nementielle personnalis\u00e9eBanni\u00e8res &amp; Barnums Notre PLV \u00e9v\u00e9nementielle personnalis\u00e9e permet de valoriser votre marque lors de tous vos \u00e9v\u00e9nements professionnels. barnum \u00e9v\u00e9nementiel couvre chaise \u00e9v\u00e9nementiel couvre table \u00e9v\u00e9nementiel PLV \u00e9v\u00e9nementielle haut de gamme Nous concevons et produisons des supports de communication robustes et professionnels : barnums, parasols, tables, habillages et structures \u00e9v\u00e9nementielles. Des mat\u00e9riaux [&hellip;]<\/p>","protected":false},"author":2,"featured_media":0,"parent":0,"menu_order":0,"comment_status":"closed","ping_status":"closed","template":"","meta":{"_acf_changed":false,"footnotes":""},"class_list":["post-6657","page","type-page","status-publish","hentry"],"acf":[],"yoast_head":"<!-- This site is optimized with the Yoast SEO plugin v26.4 - https:\/\/yoast.com\/wordpress\/plugins\/seo\/ -->\n<title>PLV Banniere &amp; barnum - StreetBall Store<\/title>\n<meta name=\"description\" content=\"D\u00e9couvrez nos solutions de PLV \u00e9v\u00e9nementielle personnalis\u00e9e : banni\u00e8res, barnums, tentes, supports publicitaires et signal\u00e9tique pour tous vos \u00e9v\u00e9nements.\" \/>\n<meta name=\"robots\" content=\"index, follow, max-snippet:-1, max-image-preview:large, max-video-preview:-1\" \/>\n<link rel=\"canonical\" href=\"https:\/\/streetballstore.com\/en\/plv-evenementielle\/\" \/>\n<meta property=\"og:locale\" content=\"en_US\" \/>\n<meta property=\"og:type\" content=\"article\" \/>\n<meta property=\"og:title\" content=\"PLV Banniere &amp; barnum - StreetBall Store\" \/>\n<meta property=\"og:description\" content=\"D\u00e9couvrez nos solutions de PLV \u00e9v\u00e9nementielle personnalis\u00e9e : banni\u00e8res, barnums, tentes, supports publicitaires et signal\u00e9tique pour tous vos \u00e9v\u00e9nements.\" \/>\n<meta property=\"og:url\" content=\"https:\/\/streetballstore.com\/en\/plv-evenementielle\/\" \/>\n<meta property=\"og:site_name\" content=\"StreetBall Store\" \/>\n<meta property=\"article:modified_time\" content=\"2026-01-21T09:33:00+00:00\" \/>\n<meta property=\"og:image\" content=\"https:\/\/streetballstore.com\/wp-content\/uploads\/2026\/01\/barnum-evenementiel-768x454.jpg\" \/>\n<meta name=\"twitter:card\" content=\"summary_large_image\" \/>\n<meta name=\"twitter:label1\" content=\"Est. reading time\" \/>\n\t<meta name=\"twitter:data1\" content=\"4 minutes\" \/>\n<script type=\"application\/ld+json\" class=\"yoast-schema-graph\">{\"@context\":\"https:\/\/schema.org\",\"@graph\":[{\"@type\":\"WebPage\",\"@id\":\"https:\/\/streetballstore.com\/plv-evenementielle\/\",\"url\":\"https:\/\/streetballstore.com\/plv-evenementielle\/\",\"name\":\"PLV Banniere &amp; barnum - StreetBall Store\",\"isPartOf\":{\"@id\":\"https:\/\/streetballstore.com\/#website\"},\"primaryImageOfPage\":{\"@id\":\"https:\/\/streetballstore.com\/plv-evenementielle\/#primaryimage\"},\"image\":{\"@id\":\"https:\/\/streetballstore.com\/plv-evenementielle\/#primaryimage\"},\"thumbnailUrl\":\"https:\/\/streetballstore.com\/wp-content\/uploads\/2026\/01\/barnum-evenementiel-768x454.jpg\",\"datePublished\":\"2026-01-19T11:29:17+00:00\",\"dateModified\":\"2026-01-21T09:33:00+00:00\",\"description\":\"D\u00e9couvrez nos solutions de PLV \u00e9v\u00e9nementielle personnalis\u00e9e : banni\u00e8res, barnums, tentes, supports publicitaires et signal\u00e9tique pour tous vos \u00e9v\u00e9nements.\",\"breadcrumb\":{\"@id\":\"https:\/\/streetballstore.com\/plv-evenementielle\/#breadcrumb\"},\"inLanguage\":\"en-US\",\"potentialAction\":[{\"@type\":\"ReadAction\",\"target\":[\"https:\/\/streetballstore.com\/plv-evenementielle\/\"]}]},{\"@type\":\"ImageObject\",\"inLanguage\":\"en-US\",\"@id\":\"https:\/\/streetballstore.com\/plv-evenementielle\/#primaryimage\",\"url\":\"https:\/\/streetballstore.com\/wp-content\/uploads\/2026\/01\/barnum-evenementiel-768x454.jpg\",\"contentUrl\":\"https:\/\/streetballstore.com\/wp-content\/uploads\/2026\/01\/barnum-evenementiel-768x454.jpg\"},{\"@type\":\"BreadcrumbList\",\"@id\":\"https:\/\/streetballstore.com\/plv-evenementielle\/#breadcrumb\",\"itemListElement\":[{\"@type\":\"ListItem\",\"position\":1,\"name\":\"Accueil\",\"item\":\"https:\/\/streetballstore.com\/\"},{\"@type\":\"ListItem\",\"position\":2,\"name\":\"PLV Banniere &amp; barnum\"}]},{\"@type\":\"WebSite\",\"@id\":\"https:\/\/streetballstore.com\/#website\",\"url\":\"https:\/\/streetballstore.com\/\",\"name\":\"StreetBall Store \u2013 Boutique de sport et streetwear\",\"description\":\"Where Others Don\u2019t!\",\"publisher\":{\"@id\":\"https:\/\/streetballstore.com\/#organization\"},\"potentialAction\":[{\"@type\":\"SearchAction\",\"target\":{\"@type\":\"EntryPoint\",\"urlTemplate\":\"https:\/\/streetballstore.com\/?s={search_term_string}\"},\"query-input\":{\"@type\":\"PropertyValueSpecification\",\"valueRequired\":true,\"valueName\":\"search_term_string\"}}],\"inLanguage\":\"en-US\"},{\"@type\":\"Organization\",\"@id\":\"https:\/\/streetballstore.com\/#organization\",\"name\":\"StreetBall Store\",\"url\":\"https:\/\/streetballstore.com\/\",\"logo\":{\"@type\":\"ImageObject\",\"inLanguage\":\"en-US\",\"@id\":\"https:\/\/streetballstore.com\/#\/schema\/logo\/image\/\",\"url\":\"https:\/\/streetballstore.com\/wp-content\/uploads\/2025\/09\/cropped-streetball-store-logo_.png\",\"contentUrl\":\"https:\/\/streetballstore.com\/wp-content\/uploads\/2025\/09\/cropped-streetball-store-logo_.png\",\"width\":520,\"height\":520,\"caption\":\"StreetBall Store\"},\"image\":{\"@id\":\"https:\/\/streetballstore.com\/#\/schema\/logo\/image\/\"},\"sameAs\":[\"https:\/\/www.instagram.com\/streetballstore?igsh=MTJqOGloaHlhNGZ2NQ&utm_source=qr\"]}]}<\/script>\n<!-- \/ Yoast SEO plugin. -->","yoast_head_json":{"title":"PLV Banniere &amp; barnum - StreetBall Store","description":"D\u00e9couvrez nos solutions de PLV \u00e9v\u00e9nementielle personnalis\u00e9e : banni\u00e8res, barnums, tentes, supports publicitaires et signal\u00e9tique pour tous vos \u00e9v\u00e9nements.","robots":{"index":"index","follow":"follow","max-snippet":"max-snippet:-1","max-image-preview":"max-image-preview:large","max-video-preview":"max-video-preview:-1"},"canonical":"https:\/\/streetballstore.com\/en\/plv-evenementielle\/","og_locale":"en_US","og_type":"article","og_title":"PLV Banniere &amp; barnum - StreetBall Store","og_description":"D\u00e9couvrez nos solutions de PLV \u00e9v\u00e9nementielle personnalis\u00e9e : banni\u00e8res, barnums, tentes, supports publicitaires et signal\u00e9tique pour tous vos \u00e9v\u00e9nements.","og_url":"https:\/\/streetballstore.com\/en\/plv-evenementielle\/","og_site_name":"StreetBall Store","article_modified_time":"2026-01-21T09:33:00+00:00","og_image":[{"url":"https:\/\/streetballstore.com\/wp-content\/uploads\/2026\/01\/barnum-evenementiel-768x454.jpg","type":"","width":"","height":""}],"twitter_card":"summary_large_image","twitter_misc":{"Est. reading time":"4 minutes"},"schema":{"@context":"https:\/\/schema.org","@graph":[{"@type":"WebPage","@id":"https:\/\/streetballstore.com\/plv-evenementielle\/","url":"https:\/\/streetballstore.com\/plv-evenementielle\/","name":"PLV Banniere &amp; barnum - StreetBall Store","isPartOf":{"@id":"https:\/\/streetballstore.com\/#website"},"primaryImageOfPage":{"@id":"https:\/\/streetballstore.com\/plv-evenementielle\/#primaryimage"},"image":{"@id":"https:\/\/streetballstore.com\/plv-evenementielle\/#primaryimage"},"thumbnailUrl":"https:\/\/streetballstore.com\/wp-content\/uploads\/2026\/01\/barnum-evenementiel-768x454.jpg","datePublished":"2026-01-19T11:29:17+00:00","dateModified":"2026-01-21T09:33:00+00:00","description":"D\u00e9couvrez nos solutions de PLV \u00e9v\u00e9nementielle personnalis\u00e9e : banni\u00e8res, barnums, tentes, supports publicitaires et signal\u00e9tique pour tous vos \u00e9v\u00e9nements.","breadcrumb":{"@id":"https:\/\/streetballstore.com\/plv-evenementielle\/#breadcrumb"},"inLanguage":"en-US","potentialAction":[{"@type":"ReadAction","target":["https:\/\/streetballstore.com\/plv-evenementielle\/"]}]},{"@type":"ImageObject","inLanguage":"en-US","@id":"https:\/\/streetballstore.com\/plv-evenementielle\/#primaryimage","url":"https:\/\/streetballstore.com\/wp-content\/uploads\/2026\/01\/barnum-evenementiel-768x454.jpg","contentUrl":"https:\/\/streetballstore.com\/wp-content\/uploads\/2026\/01\/barnum-evenementiel-768x454.jpg"},{"@type":"BreadcrumbList","@id":"https:\/\/streetballstore.com\/plv-evenementielle\/#breadcrumb","itemListElement":[{"@type":"ListItem","position":1,"name":"Accueil","item":"https:\/\/streetballstore.com\/"},{"@type":"ListItem","position":2,"name":"PLV Banniere &amp; barnum"}]},{"@type":"WebSite","@id":"https:\/\/streetballstore.com\/#website","url":"https:\/\/streetballstore.com\/","name":"StreetBall Store \u2013 Boutique de sport et streetwear","description":"Where Others Don't!","publisher":{"@id":"https:\/\/streetballstore.com\/#organization"},"potentialAction":[{"@type":"SearchAction","target":{"@type":"EntryPoint","urlTemplate":"https:\/\/streetballstore.com\/?s={search_term_string}"},"query-input":{"@type":"PropertyValueSpecification","valueRequired":true,"valueName":"search_term_string"}}],"inLanguage":"en-US"},{"@type":"Organization","@id":"https:\/\/streetballstore.com\/#organization","name":"StreetBall Store","url":"https:\/\/streetballstore.com\/","logo":{"@type":"ImageObject","inLanguage":"en-US","@id":"https:\/\/streetballstore.com\/#\/schema\/logo\/image\/","url":"https:\/\/streetballstore.com\/wp-content\/uploads\/2025\/09\/cropped-streetball-store-logo_.png","contentUrl":"https:\/\/streetballstore.com\/wp-content\/uploads\/2025\/09\/cropped-streetball-store-logo_.png","width":520,"height":520,"caption":"StreetBall Store"},"image":{"@id":"https:\/\/streetballstore.com\/#\/schema\/logo\/image\/"},"sameAs":["https:\/\/www.instagram.com\/streetballstore?igsh=MTJqOGloaHlhNGZ2NQ&utm_source=qr"]}]}},"_links":{"self":[{"href":"https:\/\/streetballstore.com\/en\/wp-json\/wp\/v2\/pages\/6657","targetHints":{"allow":["GET"]}}],"collection":[{"href":"https:\/\/streetballstore.com\/en\/wp-json\/wp\/v2\/pages"}],"about":[{"href":"https:\/\/streetballstore.com\/en\/wp-json\/wp\/v2\/types\/page"}],"author":[{"embeddable":true,"href":"https:\/\/streetballstore.com\/en\/wp-json\/wp\/v2\/users\/2"}],"replies":[{"embeddable":true,"href":"https:\/\/streetballstore.com\/en\/wp-json\/wp\/v2\/comments?post=6657"}],"version-history":[{"count":70,"href":"https:\/\/streetballstore.com\/en\/wp-json\/wp\/v2\/pages\/6657\/revisions"}],"predecessor-version":[{"id":6786,"href":"https:\/\/streetballstore.com\/en\/wp-json\/wp\/v2\/pages\/6657\/revisions\/6786"}],"wp:attachment":[{"href":"https:\/\/streetballstore.com\/en\/wp-json\/wp\/v2\/media?parent=6657"}],"curies":[{"name":"wp","href":"https:\/\/api.w.org\/{rel}","templated":true}]}}