{"id":5935,"date":"2025-11-27T18:55:54","date_gmt":"2025-11-27T17:55:54","guid":{"rendered":"https:\/\/streetballstore.com\/?page_id=5935"},"modified":"2025-11-28T10:55:06","modified_gmt":"2025-11-28T09:55:06","slug":"3x3-basket-streetball","status":"publish","type":"page","link":"https:\/\/streetballstore.com\/en\/3x3-basket-streetball\/","title":{"rendered":"3&#215;3"},"content":{"rendered":"<div data-elementor-type=\"wp-page\" data-elementor-id=\"5935\" class=\"elementor elementor-5935\" data-elementor-post-type=\"page\">\n\t\t\t\t<div class=\"rey-lazyBg e-con-top elementor-element elementor-element-5dcca4fd e-con-full rey-section-stretched e-flex e-con e-parent\" data-id=\"5dcca4fd\" data-element_type=\"container\" data-settings=\"{&quot;background_background&quot;:&quot;classic&quot;}\">\n\t\t\t\t<div class=\"elementor-element elementor-element-efaf285 elementor-widget elementor-widget-heading\" data-id=\"efaf285\" data-element_type=\"widget\" data-widget_type=\"heading.default\">\n\t\t\t\t<div class=\"elementor-widget-container\">\n\t\t\t\t\t<h2 class=\"elementor-heading-title elementor-size-default\">By Streetball Store<\/h2>\t\t\t\t<\/div>\n\t\t\t\t<\/div>\n\t\t\t\t<\/div>\n\t\t<div class=\"e-con-top elementor-element elementor-element-e8111f1 e-flex e-con-boxed e-con e-parent\" data-id=\"e8111f1\" data-element_type=\"container\">\n\t\t\t\t\t<div class=\"e-con-inner\">\n\t\t\t\t<div class=\"elementor-element elementor-element-93ca2f3 elementor-widget elementor-widget-heading\" data-id=\"93ca2f3\" data-element_type=\"widget\" data-widget_type=\"heading.default\">\n\t\t\t\t<div class=\"elementor-widget-container\">\n\t\t\t\t\t<h1 class=\"elementor-heading-title elementor-size-default\"> 3vs3 Basket StreetBall<\/h1>\t\t\t\t<\/div>\n\t\t\t\t<\/div>\n\t\t\t\t\t<\/div>\n\t\t\t\t<\/div>\n\t\t<div class=\"e-con-top elementor-element elementor-element-a1c5b70 e-flex e-con-boxed e-con e-parent\" data-id=\"a1c5b70\" data-element_type=\"container\">\n\t\t\t\t\t<div class=\"e-con-inner\">\n\t\t\t\t<div class=\"elementor-element elementor-element-6243049 elementor-widget elementor-widget-text-editor\" data-id=\"6243049\" data-element_type=\"widget\" data-widget_type=\"text-editor.default\">\n\t\t\t\t<div class=\"elementor-widget-container\">\n\t\t\t\t\t\t\t\t\t<p class=\"p1\"><span class=\"s1\">StreetBall Store \u00e9quipe les tournois 3&#215;3 en France, en Europe et dans le monde : textile personnalis\u00e9, maillots officiels et ballons 3&#215;3 avec logo. <\/span><span class=\"s1\">Notre ballon poss\u00e8de une <\/span><span class=\"s2\">valve d\u00e9di\u00e9e<\/span><span class=\"s1\"> et une <\/span><span class=\"s2\">technologie officielle adapt\u00e9e au 3&#215;3<\/span><span class=\"s1\">, id\u00e9ale pour vos comp\u00e9titions. <\/span><span class=\"s1\">Nous cr\u00e9ons aussi des tenues compl\u00e8tes personnalisables pour vos \u00e9quipes.<\/span><\/p>\t\t\t\t\t\t\t\t<\/div>\n\t\t\t\t<\/div>\n\t\t\t\t\t<\/div>\n\t\t\t\t<\/div>\n\t\t<div class=\"rey-lazyBg e-con-top elementor-element elementor-element-13b14d2 e-con-full rey-section-stretched e-flex e-con e-parent\" data-id=\"13b14d2\" data-element_type=\"container\" data-settings=\"{&quot;background_background&quot;:&quot;classic&quot;}\">\n\t\t\t\t<div class=\"elementor-element elementor-element-39ba6dd elementor-widget elementor-widget-heading\" data-id=\"39ba6dd\" data-element_type=\"widget\" data-widget_type=\"heading.default\">\n\t\t\t\t<div class=\"elementor-widget-container\">\n\t\t\t\t\t<h2 class=\"elementor-heading-title elementor-size-default\">Ballon 3x3<br>Taille officiel<\/h2>\t\t\t\t<\/div>\n\t\t\t\t<\/div>\n\t\t\t\t<\/div>\n\t\t<div class=\"e-con-top elementor-element elementor-element-06af773 e-flex e-con-boxed e-con e-parent\" data-id=\"06af773\" data-element_type=\"container\">\n\t\t\t\t\t<div class=\"e-con-inner\">\n\t\t\t\t<div class=\"elementor-element elementor-element-8cc4757 elementor-align-center elementor-widget elementor-widget-button\" data-id=\"8cc4757\" data-element_type=\"widget\" data-widget_type=\"button.default\">\n\t\t\t\t<div class=\"elementor-widget-container\">\n\t\t\t\t\t\t\t\t\t<div class=\"elementor-button-wrapper\">\n\t\t\t\t\t<a class=\"elementor-button elementor-button-link elementor-size-sm\" href=\"https:\/\/streetballstore.com\/en\/ballons\/\">\n\t\t\t\t\t\t<span class=\"elementor-button-content-wrapper\">\n\t\t\t\t\t\t\t\t\t<span class=\"elementor-button-text\">Make your own<\/span>\n\t\t\t\t\t<\/span>\n\t\t\t\t\t<\/a>\n\t\t\t\t<\/div>\n\t\t\t\t\t\t\t\t<\/div>\n\t\t\t\t<\/div>\n\t\t\t\t\t<\/div>\n\t\t\t\t<\/div>\n\t\t<div class=\"e-con-top elementor-element elementor-element-38f5e89 e-flex e-con-boxed e-con e-parent\" data-id=\"38f5e89\" data-element_type=\"container\">\n\t\t\t\t\t<div class=\"e-con-inner\">\n\t\t\t\t<div class=\"elementor-element elementor-element-fd5b406 elementor-widget elementor-widget-spacer\" data-id=\"fd5b406\" data-element_type=\"widget\" data-widget_type=\"spacer.default\">\n\t\t\t\t<div class=\"elementor-widget-container\">\n\t\t\t\t\t\t\t<div class=\"elementor-spacer\">\n\t\t\t<div class=\"elementor-spacer-inner\"><\/div>\n\t\t<\/div>\n\t\t\t\t\t\t<\/div>\n\t\t\t\t<\/div>\n\t\t\t\t\t<\/div>\n\t\t\t\t<\/div>\n\t\t\t\t<\/div>","protected":false},"excerpt":{"rendered":"<p>By Streetball Store 3vs3 Basket StreetBall StreetBall Store \u00e9quipe les tournois 3&#215;3 en France, en Europe et dans le monde : textile personnalis\u00e9, maillots officiels et ballons 3&#215;3 avec logo. Notre ballon poss\u00e8de une valve d\u00e9di\u00e9e et une technologie officielle adapt\u00e9e au 3&#215;3, id\u00e9ale pour vos comp\u00e9titions. Nous cr\u00e9ons aussi des tenues compl\u00e8tes personnalisables pour [&hellip;]<\/p>","protected":false},"author":2,"featured_media":0,"parent":0,"menu_order":0,"comment_status":"closed","ping_status":"closed","template":"","meta":{"_acf_changed":false,"footnotes":""},"class_list":["post-5935","page","type-page","status-publish","hentry"],"acf":[],"yoast_head":"<!-- This site is optimized with the Yoast SEO plugin v26.4 - https:\/\/yoast.com\/wordpress\/plugins\/seo\/ -->\n<title>3x3 - StreetBall Store<\/title>\n<meta name=\"description\" content=\"StreetBall Store \u00e9quipe toutes les organisations 3x3 en France, en Europe et dans le monde. Textile personnalis\u00e9 et ballons de basket officiels pour vos tournois et \u00e9v\u00e9nements 3VS3.\" \/>\n<meta name=\"robots\" content=\"index, follow, max-snippet:-1, max-image-preview:large, max-video-preview:-1\" \/>\n<link rel=\"canonical\" href=\"https:\/\/streetballstore.com\/en\/3x3-basket-streetball\/\" \/>\n<meta property=\"og:locale\" content=\"en_US\" \/>\n<meta property=\"og:type\" content=\"article\" \/>\n<meta property=\"og:title\" content=\"3x3 - StreetBall Store\" \/>\n<meta property=\"og:description\" content=\"StreetBall Store \u00e9quipe toutes les organisations 3x3 en France, en Europe et dans le monde. Textile personnalis\u00e9 et ballons de basket officiels pour vos tournois et \u00e9v\u00e9nements 3VS3.\" \/>\n<meta property=\"og:url\" content=\"https:\/\/streetballstore.com\/en\/3x3-basket-streetball\/\" \/>\n<meta property=\"og:site_name\" content=\"StreetBall Store\" \/>\n<meta property=\"article:modified_time\" content=\"2025-11-28T09:55:06+00:00\" \/>\n<meta name=\"twitter:card\" content=\"summary_large_image\" \/>\n<meta name=\"twitter:label1\" content=\"Est. reading time\" \/>\n\t<meta name=\"twitter:data1\" content=\"1 minute\" \/>\n<script type=\"application\/ld+json\" class=\"yoast-schema-graph\">{\"@context\":\"https:\/\/schema.org\",\"@graph\":[{\"@type\":\"WebPage\",\"@id\":\"https:\/\/streetballstore.com\/3x3-basket-streetball\/\",\"url\":\"https:\/\/streetballstore.com\/3x3-basket-streetball\/\",\"name\":\"3x3 - StreetBall Store\",\"isPartOf\":{\"@id\":\"https:\/\/streetballstore.com\/#website\"},\"datePublished\":\"2025-11-27T17:55:54+00:00\",\"dateModified\":\"2025-11-28T09:55:06+00:00\",\"description\":\"StreetBall Store \u00e9quipe toutes les organisations 3x3 en France, en Europe et dans le monde. Textile personnalis\u00e9 et ballons de basket officiels pour vos tournois et \u00e9v\u00e9nements 3VS3.\",\"breadcrumb\":{\"@id\":\"https:\/\/streetballstore.com\/3x3-basket-streetball\/#breadcrumb\"},\"inLanguage\":\"en-US\",\"potentialAction\":[{\"@type\":\"ReadAction\",\"target\":[\"https:\/\/streetballstore.com\/3x3-basket-streetball\/\"]}]},{\"@type\":\"BreadcrumbList\",\"@id\":\"https:\/\/streetballstore.com\/3x3-basket-streetball\/#breadcrumb\",\"itemListElement\":[{\"@type\":\"ListItem\",\"position\":1,\"name\":\"Accueil\",\"item\":\"https:\/\/streetballstore.com\/\"},{\"@type\":\"ListItem\",\"position\":2,\"name\":\"3&#215;3\"}]},{\"@type\":\"WebSite\",\"@id\":\"https:\/\/streetballstore.com\/#website\",\"url\":\"https:\/\/streetballstore.com\/\",\"name\":\"StreetBall Store \u2013 Boutique de sport et streetwear\",\"description\":\"Where Others Don\u2019t!\",\"publisher\":{\"@id\":\"https:\/\/streetballstore.com\/#organization\"},\"potentialAction\":[{\"@type\":\"SearchAction\",\"target\":{\"@type\":\"EntryPoint\",\"urlTemplate\":\"https:\/\/streetballstore.com\/?s={search_term_string}\"},\"query-input\":{\"@type\":\"PropertyValueSpecification\",\"valueRequired\":true,\"valueName\":\"search_term_string\"}}],\"inLanguage\":\"en-US\"},{\"@type\":\"Organization\",\"@id\":\"https:\/\/streetballstore.com\/#organization\",\"name\":\"StreetBall Store\",\"url\":\"https:\/\/streetballstore.com\/\",\"logo\":{\"@type\":\"ImageObject\",\"inLanguage\":\"en-US\",\"@id\":\"https:\/\/streetballstore.com\/#\/schema\/logo\/image\/\",\"url\":\"https:\/\/streetballstore.com\/wp-content\/uploads\/2025\/09\/cropped-streetball-store-logo_.png\",\"contentUrl\":\"https:\/\/streetballstore.com\/wp-content\/uploads\/2025\/09\/cropped-streetball-store-logo_.png\",\"width\":520,\"height\":520,\"caption\":\"StreetBall Store\"},\"image\":{\"@id\":\"https:\/\/streetballstore.com\/#\/schema\/logo\/image\/\"},\"sameAs\":[\"https:\/\/www.instagram.com\/streetballstore?igsh=MTJqOGloaHlhNGZ2NQ&utm_source=qr\"]}]}<\/script>\n<!-- \/ Yoast SEO plugin. -->","yoast_head_json":{"title":"3x3 - StreetBall Store","description":"StreetBall Store \u00e9quipe toutes les organisations 3x3 en France, en Europe et dans le monde. Textile personnalis\u00e9 et ballons de basket officiels pour vos tournois et \u00e9v\u00e9nements 3VS3.","robots":{"index":"index","follow":"follow","max-snippet":"max-snippet:-1","max-image-preview":"max-image-preview:large","max-video-preview":"max-video-preview:-1"},"canonical":"https:\/\/streetballstore.com\/en\/3x3-basket-streetball\/","og_locale":"en_US","og_type":"article","og_title":"3x3 - StreetBall Store","og_description":"StreetBall Store \u00e9quipe toutes les organisations 3x3 en France, en Europe et dans le monde. Textile personnalis\u00e9 et ballons de basket officiels pour vos tournois et \u00e9v\u00e9nements 3VS3.","og_url":"https:\/\/streetballstore.com\/en\/3x3-basket-streetball\/","og_site_name":"StreetBall Store","article_modified_time":"2025-11-28T09:55:06+00:00","twitter_card":"summary_large_image","twitter_misc":{"Est. reading time":"1 minute"},"schema":{"@context":"https:\/\/schema.org","@graph":[{"@type":"WebPage","@id":"https:\/\/streetballstore.com\/3x3-basket-streetball\/","url":"https:\/\/streetballstore.com\/3x3-basket-streetball\/","name":"3x3 - StreetBall Store","isPartOf":{"@id":"https:\/\/streetballstore.com\/#website"},"datePublished":"2025-11-27T17:55:54+00:00","dateModified":"2025-11-28T09:55:06+00:00","description":"StreetBall Store \u00e9quipe toutes les organisations 3x3 en France, en Europe et dans le monde. Textile personnalis\u00e9 et ballons de basket officiels pour vos tournois et \u00e9v\u00e9nements 3VS3.","breadcrumb":{"@id":"https:\/\/streetballstore.com\/3x3-basket-streetball\/#breadcrumb"},"inLanguage":"en-US","potentialAction":[{"@type":"ReadAction","target":["https:\/\/streetballstore.com\/3x3-basket-streetball\/"]}]},{"@type":"BreadcrumbList","@id":"https:\/\/streetballstore.com\/3x3-basket-streetball\/#breadcrumb","itemListElement":[{"@type":"ListItem","position":1,"name":"Accueil","item":"https:\/\/streetballstore.com\/"},{"@type":"ListItem","position":2,"name":"3&#215;3"}]},{"@type":"WebSite","@id":"https:\/\/streetballstore.com\/#website","url":"https:\/\/streetballstore.com\/","name":"StreetBall Store \u2013 Boutique de sport et streetwear","description":"Where Others Don't!","publisher":{"@id":"https:\/\/streetballstore.com\/#organization"},"potentialAction":[{"@type":"SearchAction","target":{"@type":"EntryPoint","urlTemplate":"https:\/\/streetballstore.com\/?s={search_term_string}"},"query-input":{"@type":"PropertyValueSpecification","valueRequired":true,"valueName":"search_term_string"}}],"inLanguage":"en-US"},{"@type":"Organization","@id":"https:\/\/streetballstore.com\/#organization","name":"StreetBall Store","url":"https:\/\/streetballstore.com\/","logo":{"@type":"ImageObject","inLanguage":"en-US","@id":"https:\/\/streetballstore.com\/#\/schema\/logo\/image\/","url":"https:\/\/streetballstore.com\/wp-content\/uploads\/2025\/09\/cropped-streetball-store-logo_.png","contentUrl":"https:\/\/streetballstore.com\/wp-content\/uploads\/2025\/09\/cropped-streetball-store-logo_.png","width":520,"height":520,"caption":"StreetBall Store"},"image":{"@id":"https:\/\/streetballstore.com\/#\/schema\/logo\/image\/"},"sameAs":["https:\/\/www.instagram.com\/streetballstore?igsh=MTJqOGloaHlhNGZ2NQ&utm_source=qr"]}]}},"_links":{"self":[{"href":"https:\/\/streetballstore.com\/en\/wp-json\/wp\/v2\/pages\/5935","targetHints":{"allow":["GET"]}}],"collection":[{"href":"https:\/\/streetballstore.com\/en\/wp-json\/wp\/v2\/pages"}],"about":[{"href":"https:\/\/streetballstore.com\/en\/wp-json\/wp\/v2\/types\/page"}],"author":[{"embeddable":true,"href":"https:\/\/streetballstore.com\/en\/wp-json\/wp\/v2\/users\/2"}],"replies":[{"embeddable":true,"href":"https:\/\/streetballstore.com\/en\/wp-json\/wp\/v2\/comments?post=5935"}],"version-history":[{"count":28,"href":"https:\/\/streetballstore.com\/en\/wp-json\/wp\/v2\/pages\/5935\/revisions"}],"predecessor-version":[{"id":6089,"href":"https:\/\/streetballstore.com\/en\/wp-json\/wp\/v2\/pages\/5935\/revisions\/6089"}],"wp:attachment":[{"href":"https:\/\/streetballstore.com\/en\/wp-json\/wp\/v2\/media?parent=5935"}],"curies":[{"name":"wp","href":"https:\/\/api.w.org\/{rel}","templated":true}]}}