{"id":5627,"date":"2025-11-23T18:36:30","date_gmt":"2025-11-23T17:36:30","guid":{"rendered":"https:\/\/streetballstore.com\/?page_id=5627"},"modified":"2025-11-24T15:57:15","modified_gmt":"2025-11-24T14:57:15","slug":"jogging-survetement-personnalise","status":"publish","type":"page","link":"https:\/\/streetballstore.com\/en\/jogging-survetement-personnalise\/","title":{"rendered":"Jogging tracksuit"},"content":{"rendered":"<div data-elementor-type=\"wp-page\" data-elementor-id=\"5627\" class=\"elementor elementor-5627\" data-elementor-post-type=\"page\">\n\t\t\t\t<div class=\"e-con-top elementor-element elementor-element-677c8ea e-flex e-con-boxed e-con e-parent\" data-id=\"677c8ea\" data-element_type=\"container\">\n\t\t\t\t\t<div class=\"e-con-inner\">\n\t\t\t\t\t<\/div>\n\t\t\t\t<\/div>\n\t\t<div class=\"e-con-top elementor-element elementor-element-f477350 e-flex e-con-boxed e-con e-parent\" data-id=\"f477350\" data-element_type=\"container\">\n\t\t\t\t\t<div class=\"e-con-inner\">\n\t\t\t\t<div class=\"elementor-element elementor-element-1088f65 elementor-widget elementor-widget-heading\" data-id=\"1088f65\" data-element_type=\"widget\" data-widget_type=\"heading.default\">\n\t\t\t\t<div class=\"elementor-widget-container\">\n\t\t\t\t\t<h2 class=\"elementor-heading-title elementor-size-default\">A partir de 59\u20ac <br>\nTaille enfants \u00e0 adultes <\/h2>\t\t\t\t<\/div>\n\t\t\t\t<\/div>\n\t\t\t\t\t<\/div>\n\t\t\t\t<\/div>\n\t\t<div class=\"e-con-top elementor-element elementor-element-454505b e-flex e-con-boxed e-con e-parent\" data-id=\"454505b\" data-element_type=\"container\">\n\t\t\t\t\t<div class=\"e-con-inner\">\n\t\t<div class=\"rey-lazyBg elementor-element elementor-element-4a03458 e-con-full e-flex e-con e-child\" data-id=\"4a03458\" data-element_type=\"container\" data-settings=\"{&quot;background_background&quot;:&quot;classic&quot;}\">\n\t\t\t\t<div class=\"elementor-element elementor-element-075c5b1 elementor-widget elementor-widget-image\" data-id=\"075c5b1\" data-element_type=\"widget\" data-widget_type=\"image.default\">\n\t\t\t\t<div class=\"elementor-widget-container\">\n\t\t\t\t\t\t\t\t\t\t\t\t<figure class=\"wp-caption\">\n\t\t\t\t\t\t\t\t\t\t<img fetchpriority=\"high\" decoding=\"async\" width=\"878\" height=\"1024\" src=\"https:\/\/streetballstore.com\/wp-content\/uploads\/2025\/11\/survetement-athlete-noir-878x1024.jpg\" class=\"attachment-large size-large wp-image-5631\" alt=\"\" srcset=\"https:\/\/streetballstore.com\/wp-content\/uploads\/2025\/11\/survetement-athlete-noir-878x1024.jpg 878w, https:\/\/streetballstore.com\/wp-content\/uploads\/2025\/11\/survetement-athlete-noir-257x300.jpg 257w, https:\/\/streetballstore.com\/wp-content\/uploads\/2025\/11\/survetement-athlete-noir-768x896.jpg 768w, https:\/\/streetballstore.com\/wp-content\/uploads\/2025\/11\/survetement-athlete-noir-800x934.jpg 800w, https:\/\/streetballstore.com\/wp-content\/uploads\/2025\/11\/survetement-athlete-noir-900x1050.jpg 900w, https:\/\/streetballstore.com\/wp-content\/uploads\/2025\/11\/survetement-athlete-noir.jpg 1180w\" sizes=\"(max-width: 878px) 100vw, 878px\" \/>\t\t\t\t\t\t\t\t\t\t\t<figcaption class=\"widget-image-caption wp-caption-text\">Surv\u00eatement athletic noir<\/figcaption>\n\t\t\t\t\t\t\t\t\t\t<\/figure>\n\t\t\t\t\t\t\t\t\t<\/div>\n\t\t\t\t<\/div>\n\t\t\t\t<\/div>\n\t\t<div class=\"elementor-element elementor-element-2d4351c e-con-full e-flex e-con e-child\" data-id=\"2d4351c\" data-element_type=\"container\">\n\t\t\t\t<div class=\"elementor-element elementor-element-166209b elementor-widget elementor-widget-image\" data-id=\"166209b\" data-element_type=\"widget\" data-widget_type=\"image.default\">\n\t\t\t\t<div class=\"elementor-widget-container\">\n\t\t\t\t\t\t\t\t\t\t\t\t<figure class=\"wp-caption\">\n\t\t\t\t\t\t\t\t\t\t<img decoding=\"async\" width=\"878\" height=\"1024\" src=\"https:\/\/streetballstore.com\/wp-content\/uploads\/2025\/11\/survetement-athlete-gris-878x1024.jpg\" class=\"attachment-large size-large wp-image-5630\" alt=\"\" srcset=\"https:\/\/streetballstore.com\/wp-content\/uploads\/2025\/11\/survetement-athlete-gris-878x1024.jpg 878w, https:\/\/streetballstore.com\/wp-content\/uploads\/2025\/11\/survetement-athlete-gris-257x300.jpg 257w, https:\/\/streetballstore.com\/wp-content\/uploads\/2025\/11\/survetement-athlete-gris-768x896.jpg 768w, https:\/\/streetballstore.com\/wp-content\/uploads\/2025\/11\/survetement-athlete-gris-800x934.jpg 800w, https:\/\/streetballstore.com\/wp-content\/uploads\/2025\/11\/survetement-athlete-gris-900x1050.jpg 900w, https:\/\/streetballstore.com\/wp-content\/uploads\/2025\/11\/survetement-athlete-gris.jpg 1180w\" sizes=\"(max-width: 878px) 100vw, 878px\" \/>\t\t\t\t\t\t\t\t\t\t\t<figcaption class=\"widget-image-caption wp-caption-text\">Surv\u00eatement athletic gris<\/figcaption>\n\t\t\t\t\t\t\t\t\t\t<\/figure>\n\t\t\t\t\t\t\t\t\t<\/div>\n\t\t\t\t<\/div>\n\t\t\t\t<\/div>\n\t\t<div class=\"elementor-element elementor-element-219581b e-con-full e-flex e-con e-child\" data-id=\"219581b\" data-element_type=\"container\">\n\t\t\t\t<div class=\"elementor-element elementor-element-54e32a9 elementor-widget elementor-widget-image\" data-id=\"54e32a9\" data-element_type=\"widget\" data-widget_type=\"image.default\">\n\t\t\t\t<div class=\"elementor-widget-container\">\n\t\t\t\t\t\t\t\t\t\t\t\t<figure class=\"wp-caption\">\n\t\t\t\t\t\t\t\t\t\t<img decoding=\"async\" width=\"878\" height=\"1024\" src=\"https:\/\/streetballstore.com\/wp-content\/uploads\/2025\/11\/survetement-athlete-blanc-878x1024.jpg\" class=\"attachment-large size-large wp-image-5629\" alt=\"\" srcset=\"https:\/\/streetballstore.com\/wp-content\/uploads\/2025\/11\/survetement-athlete-blanc-878x1024.jpg 878w, https:\/\/streetballstore.com\/wp-content\/uploads\/2025\/11\/survetement-athlete-blanc-257x300.jpg 257w, https:\/\/streetballstore.com\/wp-content\/uploads\/2025\/11\/survetement-athlete-blanc-768x896.jpg 768w, https:\/\/streetballstore.com\/wp-content\/uploads\/2025\/11\/survetement-athlete-blanc-800x934.jpg 800w, https:\/\/streetballstore.com\/wp-content\/uploads\/2025\/11\/survetement-athlete-blanc-900x1050.jpg 900w, https:\/\/streetballstore.com\/wp-content\/uploads\/2025\/11\/survetement-athlete-blanc.jpg 1180w\" sizes=\"(max-width: 878px) 100vw, 878px\" \/>\t\t\t\t\t\t\t\t\t\t\t<figcaption class=\"widget-image-caption wp-caption-text\">Surv\u00eatement athletic blanc<\/figcaption>\n\t\t\t\t\t\t\t\t\t\t<\/figure>\n\t\t\t\t\t\t\t\t\t<\/div>\n\t\t\t\t<\/div>\n\t\t\t\t<\/div>\n\t\t\t\t\t<\/div>\n\t\t\t\t<\/div>\n\t\t<div class=\"e-con-top elementor-element elementor-element-e4b0762 e-flex e-con-boxed e-con e-parent\" data-id=\"e4b0762\" data-element_type=\"container\">\n\t\t\t\t\t<div class=\"e-con-inner\">\n\t\t\t\t<div class=\"elementor-element elementor-element-f6235cb elementor-widget elementor-widget-text-editor\" data-id=\"f6235cb\" data-element_type=\"widget\" data-widget_type=\"text-editor.default\">\n\t\t\t\t<div class=\"elementor-widget-container\">\n\t\t\t\t\t\t\t\t\t<p>Surv\u00eatement athletic premium en coton\/polyester\/\u00e9lasthanne, d\u00e9velopp\u00e9 par NOS. Confort, souplesse et style type Nike Tech. Personnalisable (logos avant\/arri\u00e8re), poches zipp\u00e9es, capuche, trois coloris disponibles. Parfait pour clubs et athl\u00e8tes multisports.<\/p>\t\t\t\t\t\t\t\t<\/div>\n\t\t\t\t<\/div>\n\t\t\t\t\t<\/div>\n\t\t\t\t<\/div>\n\t\t<div class=\"e-con-top elementor-element elementor-element-6ae3714 e-flex e-con-boxed e-con e-parent\" data-id=\"6ae3714\" data-element_type=\"container\">\n\t\t\t\t\t<div class=\"e-con-inner\">\n\t\t\t\t<div class=\"elementor-element elementor-element-f1b1a49 elementor-widget elementor-widget-spacer\" data-id=\"f1b1a49\" data-element_type=\"widget\" data-widget_type=\"spacer.default\">\n\t\t\t\t<div class=\"elementor-widget-container\">\n\t\t\t\t\t\t\t<div class=\"elementor-spacer\">\n\t\t\t<div class=\"elementor-spacer-inner\"><\/div>\n\t\t<\/div>\n\t\t\t\t\t\t<\/div>\n\t\t\t\t<\/div>\n\t\t\t\t\t<\/div>\n\t\t\t\t<\/div>\n\t\t<div class=\"e-con-top elementor-element elementor-element-1b57114 e-flex e-con-boxed e-con e-parent\" data-id=\"1b57114\" data-element_type=\"container\">\n\t\t\t\t\t<div class=\"e-con-inner\">\n\t\t\t\t<div class=\"elementor-element elementor-element-0ef640b elementor-widget elementor-widget-heading\" data-id=\"0ef640b\" data-element_type=\"widget\" data-widget_type=\"heading.default\">\n\t\t\t\t<div class=\"elementor-widget-container\">\n\t\t\t\t\t<h2 class=\"elementor-heading-title elementor-size-default\">Surv\u00eatement polyester \u201csoftshell l\u00e9ger\u201d \/ polyester technique lisse  <br> \u00e0 partir de 49\u20ac<\/h2>\t\t\t\t<\/div>\n\t\t\t\t<\/div>\n\t\t\t\t\t<\/div>\n\t\t\t\t<\/div>\n\t\t<div class=\"e-con-top elementor-element elementor-element-0e037e6 e-flex e-con-boxed e-con e-parent\" data-id=\"0e037e6\" data-element_type=\"container\">\n\t\t\t\t\t<div class=\"e-con-inner\">\n\t\t\t\t<div class=\"elementor-element elementor-element-c230f67 elementor-skin-carousel elementor-arrows-yes elementor-pagination-type-bullets elementor-pagination-position-outside elementor-widget elementor-widget-media-carousel\" data-id=\"c230f67\" data-element_type=\"widget\" data-settings=\"{&quot;skin&quot;:&quot;carousel&quot;,&quot;effect&quot;:&quot;slide&quot;,&quot;show_arrows&quot;:&quot;yes&quot;,&quot;pagination&quot;:&quot;bullets&quot;,&quot;speed&quot;:500,&quot;autoplay&quot;:&quot;yes&quot;,&quot;autoplay_speed&quot;:5000,&quot;loop&quot;:&quot;yes&quot;,&quot;pause_on_hover&quot;:&quot;yes&quot;,&quot;pause_on_interaction&quot;:&quot;yes&quot;,&quot;space_between&quot;:{&quot;unit&quot;:&quot;px&quot;,&quot;size&quot;:10,&quot;sizes&quot;:[]},&quot;space_between_tablet&quot;:{&quot;unit&quot;:&quot;px&quot;,&quot;size&quot;:10,&quot;sizes&quot;:[]},&quot;space_between_mobile&quot;:{&quot;unit&quot;:&quot;px&quot;,&quot;size&quot;:10,&quot;sizes&quot;:[]}}\" data-widget_type=\"media-carousel.default\">\n\t\t\t\t<div class=\"elementor-widget-container\">\n\t\t\t\t\t\t\t\t\t<div class=\"elementor-swiper\">\n\t\t\t\t\t<div class=\"elementor-main-swiper swiper\" role=\"region\" aria-roledescription=\"carousel\" aria-label=\"Slides\">\n\t\t\t\t<div class=\"swiper-wrapper\">\n\t\t\t\t\t\t\t\t\t\t\t<div class=\"swiper-slide\" role=\"group\" aria-roledescription=\"slide\">\n\t\t\t\t\t\t\t\t\t<div class=\"elementor-carousel-image\" role=\"img\" aria-label=\"survetement sport club vert\" style=\"background-image: url(&#039;https:\/\/streetballstore.com\/wp-content\/uploads\/2025\/11\/survetement-sport-club-vert.jpg&#039;)\">\n\n\t\t\t\n\t\t\t\t\t<\/div>\n\t\t\t\t\t\t\t\t<\/div>\n\t\t\t\t\t\t\t\t\t\t\t<div class=\"swiper-slide\" role=\"group\" aria-roledescription=\"slide\">\n\t\t\t\t\t\t\t\t\t<div class=\"elementor-carousel-image\" role=\"img\" aria-label=\"survetement sport\" style=\"background-image: url(&#039;https:\/\/streetballstore.com\/wp-content\/uploads\/2025\/11\/survetement-sport-.jpg&#039;)\">\n\n\t\t\t\n\t\t\t\t\t<\/div>\n\t\t\t\t\t\t\t\t<\/div>\n\t\t\t\t\t\t\t\t\t\t\t<div class=\"swiper-slide\" role=\"group\" aria-roledescription=\"slide\">\n\t\t\t\t\t\t\t\t\t<div class=\"elementor-carousel-image\" role=\"img\" aria-label=\"survetement sport club 3\" style=\"background-image: url(&#039;https:\/\/streetballstore.com\/wp-content\/uploads\/2025\/11\/survetement-sport-club-3.jpg&#039;)\">\n\n\t\t\t\n\t\t\t\t\t<\/div>\n\t\t\t\t\t\t\t\t<\/div>\n\t\t\t\t\t\t\t\t\t<\/div>\n\t\t\t\t\t\t\t\t\t\t\t\t\t\t\t<div class=\"elementor-swiper-button elementor-swiper-button-prev\" role=\"button\" tabindex=\"0\" aria-label=\"Previous\">\n\t\t\t\t\t\t\t<svg aria-hidden=\"true\" class=\"e-font-icon-svg e-eicon-chevron-left\" viewbox=\"0 0 1000 1000\" xmlns=\"http:\/\/www.w3.org\/2000\/svg\"><path d=\"M646 125C629 125 613 133 604 142L308 442C296 454 292 471 292 487 292 504 296 521 308 533L604 854C617 867 629 875 646 875 663 875 679 871 692 858 704 846 713 829 713 812 713 796 708 779 692 767L438 487 692 225C700 217 708 204 708 187 708 171 704 154 692 142 675 129 663 125 646 125Z\"><\/path><\/svg>\t\t\t\t\t\t<\/div>\n\t\t\t\t\t\t<div class=\"elementor-swiper-button elementor-swiper-button-next\" role=\"button\" tabindex=\"0\" aria-label=\"Next\">\n\t\t\t\t\t\t\t<svg aria-hidden=\"true\" class=\"e-font-icon-svg e-eicon-chevron-right\" viewbox=\"0 0 1000 1000\" xmlns=\"http:\/\/www.w3.org\/2000\/svg\"><path d=\"M696 533C708 521 713 504 713 487 713 471 708 454 696 446L400 146C388 133 375 125 354 125 338 125 325 129 313 142 300 154 292 171 292 187 292 204 296 221 308 233L563 492 304 771C292 783 288 800 288 817 288 833 296 850 308 863 321 871 338 875 354 875 371 875 388 867 400 854L696 533Z\"><\/path><\/svg>\t\t\t\t\t\t<\/div>\n\t\t\t\t\t\t\t\t\t\t\t\t\t\t\t\t<div class=\"swiper-pagination\"><\/div>\n\t\t\t\t\t\t\t\t\t\t\t\t<\/div>\n\t\t\t\t<\/div>\n\t\t\t\t\t\t\t\t<\/div>\n\t\t\t\t<\/div>\n\t\t\t\t\t<\/div>\n\t\t\t\t<\/div>\n\t\t<div class=\"e-con-top elementor-element elementor-element-b0ac296 e-flex e-con-boxed e-con e-parent\" data-id=\"b0ac296\" data-element_type=\"container\">\n\t\t\t\t\t<div class=\"e-con-inner\">\n\t\t\t\t<div class=\"elementor-element elementor-element-78e2fa3 elementor-widget elementor-widget-text-editor\" data-id=\"78e2fa3\" data-element_type=\"widget\" data-widget_type=\"text-editor.default\">\n\t\t\t\t<div class=\"elementor-widget-container\">\n\t\t\t\t\t\t\t\t\t<p class=\"p1\"><span class=\"s1\">Ce surv\u00eatement est con\u00e7u sp\u00e9cialement pour les <\/span><span class=\"s2\">clubs de sport<\/span><span class=\"s1\"> qui recherchent une tenue r\u00e9sistante, personnalis\u00e9e et visuellement impactante. R\u00e9alis\u00e9 dans un <\/span><span class=\"s2\">polyester technique<\/span><span class=\"s1\"> \u00e0 la fois l\u00e9ger, l\u00e9g\u00e8rement imperm\u00e9able et tr\u00e8s r\u00e9sistant, ce mod\u00e8le est parfait pour les entra\u00eenements, les d\u00e9placements, l\u2019\u00e9chauffement et les repr\u00e9sentations officielles du club.<\/span><\/p>\t\t\t\t\t\t\t\t<\/div>\n\t\t\t\t<\/div>\n\t\t\t\t\t<\/div>\n\t\t\t\t<\/div>\n\t\t<div class=\"e-con-top elementor-element elementor-element-1d08ea3 e-flex e-con-boxed e-con e-parent\" data-id=\"1d08ea3\" data-element_type=\"container\">\n\t\t\t\t\t<div class=\"e-con-inner\">\n\t\t\t\t<div class=\"elementor-element elementor-element-1ec8683 elementor-widget elementor-widget-text-editor\" data-id=\"1ec8683\" data-element_type=\"widget\" data-widget_type=\"text-editor.default\">\n\t\t\t\t<div class=\"elementor-widget-container\">\n\t\t\t\t\t\t\t\t\t<p class=\"p1\"><span class=\"s1\">To protect our partnerships and avoid direct comparisons with our competitors, we do not publish all our prices online. Please do not hesitate to contact us for further details. <\/span><\/p>\t\t\t\t\t\t\t\t<\/div>\n\t\t\t\t<\/div>\n\t\t\t\t\t<\/div>\n\t\t\t\t<\/div>\n\t\t<div class=\"e-con-top elementor-element elementor-element-54e7d2a e-flex e-con-boxed e-con e-parent\" data-id=\"54e7d2a\" data-element_type=\"container\">\n\t\t\t\t\t<div class=\"e-con-inner\">\n\t\t\t\t<div class=\"elementor-element elementor-element-97434a4 elementor-widget elementor-widget-spacer\" data-id=\"97434a4\" data-element_type=\"widget\" data-widget_type=\"spacer.default\">\n\t\t\t\t<div class=\"elementor-widget-container\">\n\t\t\t\t\t\t\t<div class=\"elementor-spacer\">\n\t\t\t<div class=\"elementor-spacer-inner\"><\/div>\n\t\t<\/div>\n\t\t\t\t\t\t<\/div>\n\t\t\t\t<\/div>\n\t\t\t\t\t<\/div>\n\t\t\t\t<\/div>\n\t\t\t\t<\/div>","protected":false},"excerpt":{"rendered":"<p>A partir de 59\u20ac Taille enfants \u00e0 adultes Surv\u00eatement athletic noir Surv\u00eatement athletic gris Surv\u00eatement athletic blanc Surv\u00eatement athletic premium en coton\/polyester\/\u00e9lasthanne, d\u00e9velopp\u00e9 par NOS. Confort, souplesse et style type Nike Tech. Personnalisable (logos avant\/arri\u00e8re), poches zipp\u00e9es, capuche, trois coloris disponibles. Parfait pour clubs et athl\u00e8tes multisports. Surv\u00eatement polyester \u201csoftshell l\u00e9ger\u201d \/ polyester technique lisse [&hellip;]<\/p>","protected":false},"author":2,"featured_media":0,"parent":0,"menu_order":0,"comment_status":"closed","ping_status":"closed","template":"","meta":{"_acf_changed":false,"footnotes":""},"class_list":["post-5627","page","type-page","status-publish","hentry"],"acf":[],"yoast_head":"<!-- This site is optimized with the Yoast SEO plugin v26.4 - https:\/\/yoast.com\/wordpress\/plugins\/seo\/ -->\n<title>Jogging Surv\u00eatement - StreetBall Store<\/title>\n<meta name=\"description\" content=\"D\u00e9couvrez nos joggings et surv\u00eatements personnalisables pour clubs, marques et \u00e9v\u00e9nements. Production sur mesure, logos brod\u00e9s ou DTF, qualit\u00e9 pro.\" \/>\n<meta name=\"robots\" content=\"index, follow, max-snippet:-1, max-image-preview:large, max-video-preview:-1\" \/>\n<link rel=\"canonical\" href=\"https:\/\/streetballstore.com\/en\/jogging-survetement-personnalise\/\" \/>\n<meta property=\"og:locale\" content=\"en_US\" \/>\n<meta property=\"og:type\" content=\"article\" \/>\n<meta property=\"og:title\" content=\"Jogging Surv\u00eatement - StreetBall Store\" \/>\n<meta property=\"og:description\" content=\"D\u00e9couvrez nos joggings et surv\u00eatements personnalisables pour clubs, marques et \u00e9v\u00e9nements. Production sur mesure, logos brod\u00e9s ou DTF, qualit\u00e9 pro.\" \/>\n<meta property=\"og:url\" content=\"https:\/\/streetballstore.com\/en\/jogging-survetement-personnalise\/\" \/>\n<meta property=\"og:site_name\" content=\"StreetBall Store\" \/>\n<meta property=\"article:modified_time\" content=\"2025-11-24T14:57:15+00:00\" \/>\n<meta property=\"og:image\" content=\"https:\/\/streetballstore.com\/wp-content\/uploads\/2025\/11\/survetement-athlete-noir.jpg\" \/>\n\t<meta property=\"og:image:width\" content=\"1180\" \/>\n\t<meta property=\"og:image:height\" content=\"1377\" \/>\n\t<meta property=\"og:image:type\" content=\"image\/jpeg\" \/>\n<meta name=\"twitter:card\" content=\"summary_large_image\" \/>\n<meta name=\"twitter:label1\" content=\"Est. reading time\" \/>\n\t<meta name=\"twitter:data1\" content=\"2 minutes\" \/>\n<script type=\"application\/ld+json\" class=\"yoast-schema-graph\">{\"@context\":\"https:\/\/schema.org\",\"@graph\":[{\"@type\":\"WebPage\",\"@id\":\"https:\/\/streetballstore.com\/jogging-survetement-personnalise\/\",\"url\":\"https:\/\/streetballstore.com\/jogging-survetement-personnalise\/\",\"name\":\"Jogging Surv\u00eatement - StreetBall Store\",\"isPartOf\":{\"@id\":\"https:\/\/streetballstore.com\/#website\"},\"primaryImageOfPage\":{\"@id\":\"https:\/\/streetballstore.com\/jogging-survetement-personnalise\/#primaryimage\"},\"image\":{\"@id\":\"https:\/\/streetballstore.com\/jogging-survetement-personnalise\/#primaryimage\"},\"thumbnailUrl\":\"https:\/\/streetballstore.com\/wp-content\/uploads\/2025\/11\/survetement-athlete-noir-878x1024.jpg\",\"datePublished\":\"2025-11-23T17:36:30+00:00\",\"dateModified\":\"2025-11-24T14:57:15+00:00\",\"description\":\"D\u00e9couvrez nos joggings et surv\u00eatements personnalisables pour clubs, marques et \u00e9v\u00e9nements. Production sur mesure, logos brod\u00e9s ou DTF, qualit\u00e9 pro.\",\"breadcrumb\":{\"@id\":\"https:\/\/streetballstore.com\/jogging-survetement-personnalise\/#breadcrumb\"},\"inLanguage\":\"en-US\",\"potentialAction\":[{\"@type\":\"ReadAction\",\"target\":[\"https:\/\/streetballstore.com\/jogging-survetement-personnalise\/\"]}]},{\"@type\":\"ImageObject\",\"inLanguage\":\"en-US\",\"@id\":\"https:\/\/streetballstore.com\/jogging-survetement-personnalise\/#primaryimage\",\"url\":\"https:\/\/streetballstore.com\/wp-content\/uploads\/2025\/11\/survetement-athlete-noir-878x1024.jpg\",\"contentUrl\":\"https:\/\/streetballstore.com\/wp-content\/uploads\/2025\/11\/survetement-athlete-noir-878x1024.jpg\"},{\"@type\":\"BreadcrumbList\",\"@id\":\"https:\/\/streetballstore.com\/jogging-survetement-personnalise\/#breadcrumb\",\"itemListElement\":[{\"@type\":\"ListItem\",\"position\":1,\"name\":\"Accueil\",\"item\":\"https:\/\/streetballstore.com\/\"},{\"@type\":\"ListItem\",\"position\":2,\"name\":\"Jogging Surv\u00eatement\"}]},{\"@type\":\"WebSite\",\"@id\":\"https:\/\/streetballstore.com\/#website\",\"url\":\"https:\/\/streetballstore.com\/\",\"name\":\"StreetBall Store \u2013 Boutique de sport et streetwear\",\"description\":\"Where Others Don\u2019t!\",\"publisher\":{\"@id\":\"https:\/\/streetballstore.com\/#organization\"},\"potentialAction\":[{\"@type\":\"SearchAction\",\"target\":{\"@type\":\"EntryPoint\",\"urlTemplate\":\"https:\/\/streetballstore.com\/?s={search_term_string}\"},\"query-input\":{\"@type\":\"PropertyValueSpecification\",\"valueRequired\":true,\"valueName\":\"search_term_string\"}}],\"inLanguage\":\"en-US\"},{\"@type\":\"Organization\",\"@id\":\"https:\/\/streetballstore.com\/#organization\",\"name\":\"StreetBall Store\",\"url\":\"https:\/\/streetballstore.com\/\",\"logo\":{\"@type\":\"ImageObject\",\"inLanguage\":\"en-US\",\"@id\":\"https:\/\/streetballstore.com\/#\/schema\/logo\/image\/\",\"url\":\"https:\/\/streetballstore.com\/wp-content\/uploads\/2025\/09\/cropped-streetball-store-logo_.png\",\"contentUrl\":\"https:\/\/streetballstore.com\/wp-content\/uploads\/2025\/09\/cropped-streetball-store-logo_.png\",\"width\":520,\"height\":520,\"caption\":\"StreetBall Store\"},\"image\":{\"@id\":\"https:\/\/streetballstore.com\/#\/schema\/logo\/image\/\"},\"sameAs\":[\"https:\/\/www.instagram.com\/streetballstore?igsh=MTJqOGloaHlhNGZ2NQ&utm_source=qr\"]}]}<\/script>\n<!-- \/ Yoast SEO plugin. -->","yoast_head_json":{"title":"Jogging Surv\u00eatement - StreetBall Store","description":"D\u00e9couvrez nos joggings et surv\u00eatements personnalisables pour clubs, marques et \u00e9v\u00e9nements. Production sur mesure, logos brod\u00e9s ou DTF, qualit\u00e9 pro.","robots":{"index":"index","follow":"follow","max-snippet":"max-snippet:-1","max-image-preview":"max-image-preview:large","max-video-preview":"max-video-preview:-1"},"canonical":"https:\/\/streetballstore.com\/en\/jogging-survetement-personnalise\/","og_locale":"en_US","og_type":"article","og_title":"Jogging Surv\u00eatement - StreetBall Store","og_description":"D\u00e9couvrez nos joggings et surv\u00eatements personnalisables pour clubs, marques et \u00e9v\u00e9nements. Production sur mesure, logos brod\u00e9s ou DTF, qualit\u00e9 pro.","og_url":"https:\/\/streetballstore.com\/en\/jogging-survetement-personnalise\/","og_site_name":"StreetBall Store","article_modified_time":"2025-11-24T14:57:15+00:00","og_image":[{"width":1180,"height":1377,"url":"https:\/\/streetballstore.com\/wp-content\/uploads\/2025\/11\/survetement-athlete-noir.jpg","type":"image\/jpeg"}],"twitter_card":"summary_large_image","twitter_misc":{"Est. reading time":"2 minutes"},"schema":{"@context":"https:\/\/schema.org","@graph":[{"@type":"WebPage","@id":"https:\/\/streetballstore.com\/jogging-survetement-personnalise\/","url":"https:\/\/streetballstore.com\/jogging-survetement-personnalise\/","name":"Jogging Surv\u00eatement - StreetBall Store","isPartOf":{"@id":"https:\/\/streetballstore.com\/#website"},"primaryImageOfPage":{"@id":"https:\/\/streetballstore.com\/jogging-survetement-personnalise\/#primaryimage"},"image":{"@id":"https:\/\/streetballstore.com\/jogging-survetement-personnalise\/#primaryimage"},"thumbnailUrl":"https:\/\/streetballstore.com\/wp-content\/uploads\/2025\/11\/survetement-athlete-noir-878x1024.jpg","datePublished":"2025-11-23T17:36:30+00:00","dateModified":"2025-11-24T14:57:15+00:00","description":"D\u00e9couvrez nos joggings et surv\u00eatements personnalisables pour clubs, marques et \u00e9v\u00e9nements. Production sur mesure, logos brod\u00e9s ou DTF, qualit\u00e9 pro.","breadcrumb":{"@id":"https:\/\/streetballstore.com\/jogging-survetement-personnalise\/#breadcrumb"},"inLanguage":"en-US","potentialAction":[{"@type":"ReadAction","target":["https:\/\/streetballstore.com\/jogging-survetement-personnalise\/"]}]},{"@type":"ImageObject","inLanguage":"en-US","@id":"https:\/\/streetballstore.com\/jogging-survetement-personnalise\/#primaryimage","url":"https:\/\/streetballstore.com\/wp-content\/uploads\/2025\/11\/survetement-athlete-noir-878x1024.jpg","contentUrl":"https:\/\/streetballstore.com\/wp-content\/uploads\/2025\/11\/survetement-athlete-noir-878x1024.jpg"},{"@type":"BreadcrumbList","@id":"https:\/\/streetballstore.com\/jogging-survetement-personnalise\/#breadcrumb","itemListElement":[{"@type":"ListItem","position":1,"name":"Accueil","item":"https:\/\/streetballstore.com\/"},{"@type":"ListItem","position":2,"name":"Jogging Surv\u00eatement"}]},{"@type":"WebSite","@id":"https:\/\/streetballstore.com\/#website","url":"https:\/\/streetballstore.com\/","name":"StreetBall Store \u2013 Boutique de sport et streetwear","description":"Where Others Don't!","publisher":{"@id":"https:\/\/streetballstore.com\/#organization"},"potentialAction":[{"@type":"SearchAction","target":{"@type":"EntryPoint","urlTemplate":"https:\/\/streetballstore.com\/?s={search_term_string}"},"query-input":{"@type":"PropertyValueSpecification","valueRequired":true,"valueName":"search_term_string"}}],"inLanguage":"en-US"},{"@type":"Organization","@id":"https:\/\/streetballstore.com\/#organization","name":"StreetBall Store","url":"https:\/\/streetballstore.com\/","logo":{"@type":"ImageObject","inLanguage":"en-US","@id":"https:\/\/streetballstore.com\/#\/schema\/logo\/image\/","url":"https:\/\/streetballstore.com\/wp-content\/uploads\/2025\/09\/cropped-streetball-store-logo_.png","contentUrl":"https:\/\/streetballstore.com\/wp-content\/uploads\/2025\/09\/cropped-streetball-store-logo_.png","width":520,"height":520,"caption":"StreetBall Store"},"image":{"@id":"https:\/\/streetballstore.com\/#\/schema\/logo\/image\/"},"sameAs":["https:\/\/www.instagram.com\/streetballstore?igsh=MTJqOGloaHlhNGZ2NQ&utm_source=qr"]}]}},"_links":{"self":[{"href":"https:\/\/streetballstore.com\/en\/wp-json\/wp\/v2\/pages\/5627","targetHints":{"allow":["GET"]}}],"collection":[{"href":"https:\/\/streetballstore.com\/en\/wp-json\/wp\/v2\/pages"}],"about":[{"href":"https:\/\/streetballstore.com\/en\/wp-json\/wp\/v2\/types\/page"}],"author":[{"embeddable":true,"href":"https:\/\/streetballstore.com\/en\/wp-json\/wp\/v2\/users\/2"}],"replies":[{"embeddable":true,"href":"https:\/\/streetballstore.com\/en\/wp-json\/wp\/v2\/comments?post=5627"}],"version-history":[{"count":34,"href":"https:\/\/streetballstore.com\/en\/wp-json\/wp\/v2\/pages\/5627\/revisions"}],"predecessor-version":[{"id":5732,"href":"https:\/\/streetballstore.com\/en\/wp-json\/wp\/v2\/pages\/5627\/revisions\/5732"}],"wp:attachment":[{"href":"https:\/\/streetballstore.com\/en\/wp-json\/wp\/v2\/media?parent=5627"}],"curies":[{"name":"wp","href":"https:\/\/api.w.org\/{rel}","templated":true}]}}