{"id":5171,"date":"2025-11-17T21:07:52","date_gmt":"2025-11-17T20:07:52","guid":{"rendered":"https:\/\/streetballstore.com\/?page_id=5171"},"modified":"2025-11-19T11:17:04","modified_gmt":"2025-11-19T10:17:04","slug":"sport-fight","status":"publish","type":"page","link":"https:\/\/streetballstore.com\/en\/sport-fight\/","title":{"rendered":"Sport Fight"},"content":{"rendered":"<div data-elementor-type=\"wp-page\" data-elementor-id=\"5171\" class=\"elementor elementor-5171\" data-elementor-post-type=\"page\">\n\t\t\t\t<div class=\"rey-lazyBg e-con-top elementor-element elementor-element-693137d rey-section-stretched e-flex e-con-boxed e-con e-parent\" data-id=\"693137d\" data-element_type=\"container\" data-settings=\"{&quot;background_background&quot;:&quot;classic&quot;}\">\n\t\t\t\t\t<div class=\"e-con-inner\">\n\t\t\t\t<div class=\"elementor-element elementor-element-de2f4c7 elementor-absolute elementor-widget elementor-widget-heading\" data-id=\"de2f4c7\" data-element_type=\"widget\" data-settings=\"{&quot;_position&quot;:&quot;absolute&quot;}\" data-widget_type=\"heading.default\">\n\t\t\t\t<div class=\"elementor-widget-container\">\n\t\t\t\t\t<h2 class=\"elementor-heading-title elementor-size-default\">Fighting<\/h2>\t\t\t\t<\/div>\n\t\t\t\t<\/div>\n\t\t\t\t\t<\/div>\n\t\t\t\t<\/div>\n\t\t<div class=\"e-con-top elementor-element elementor-element-75aead2 rey-section-stretched e-con-full e-flex e-con e-parent\" data-id=\"75aead2\" data-element_type=\"container\">\n\t\t<div class=\"elementor-element elementor-element-b8ec171 e-con-full e-flex e-con e-child\" data-id=\"b8ec171\" data-element_type=\"container\">\n\t\t\t\t<div class=\"elementor-element elementor-element-c307535 elementor-widget elementor-widget-text-editor\" data-id=\"c307535\" data-element_type=\"widget\" data-widget_type=\"text-editor.default\">\n\t\t\t\t<div class=\"elementor-widget-container\">\n\t\t\t\t\t\t\t\t\t<h3><span class=\"s1\">Boxing \u2022 MMA \u2022 Fighting \u2013 On vous \u00e9quipe de A \u00e0 Z<\/span><\/h3><p class=\"p3\"><span class=\"s2\">Que vous soyez <\/span><span class=\"s3\">boxeur<\/span><span class=\"s2\">, <\/span><span class=\"s3\">combattant de MMA<\/span><span class=\"s2\">, pratiquant de <\/span><span class=\"s3\">kickboxing<\/span><span class=\"s2\">, <\/span><span class=\"s3\">muay tha\u00ef<\/span><span class=\"s2\">, <\/span><span class=\"s3\">judo<\/span><span class=\"s2\">, <\/span><span class=\"s3\">karat\u00e9<\/span><span class=\"s2\">, <\/span><span class=\"s3\">grappling<\/span><span class=\"s2\"> ou toute autre discipline de combat, <\/span><span class=\"s3\">StreetBallStore<\/span><span class=\"s2\"> est l\u00e0 pour vous \u00e9quiper <\/span><span class=\"s3\">des pieds jusqu\u2019\u00e0 la t\u00eate<\/span><span class=\"s2\">.<\/span><\/p><p class=\"p3\"><span class=\"s2\">Gants, protections, tenues d\u2019entra\u00eenement, \u00e9quipements techniques, accessoires\u2026 nous s\u00e9lectionnons du mat\u00e9riel <\/span><span class=\"s3\">fiable<\/span><span class=\"s2\">, <\/span><span class=\"s3\">confortable<\/span><span class=\"s2\"> et <\/span><span class=\"s3\">adapt\u00e9<\/span><span class=\"s2\"> aux besoins de tous les niveaux : d\u00e9butants, amateurs, ou fighters confirm\u00e9s.<\/span><\/p>\t\t\t\t\t\t\t\t<\/div>\n\t\t\t\t<\/div>\n\t\t\t\t<\/div>\n\t\t<div class=\"elementor-element elementor-element-082d6c9 e-con-full e-flex e-con e-child\" data-id=\"082d6c9\" data-element_type=\"container\">\n\t\t\t\t<div class=\"elementor-element elementor-element-4c18033 elementor-widget elementor-widget-image\" data-id=\"4c18033\" data-element_type=\"widget\" data-widget_type=\"image.default\">\n\t\t\t\t<div class=\"elementor-widget-container\">\n\t\t\t\t\t\t\t\t\t\t\t\t\t\t\t<img fetchpriority=\"high\" decoding=\"async\" width=\"1024\" height=\"532\" src=\"https:\/\/streetballstore.com\/wp-content\/uploads\/2025\/11\/tenue-boxe-Oba-1024x532.jpg\" class=\"attachment-large size-large wp-image-5191\" alt=\"\" srcset=\"https:\/\/streetballstore.com\/wp-content\/uploads\/2025\/11\/tenue-boxe-Oba-1024x532.jpg 1024w, https:\/\/streetballstore.com\/wp-content\/uploads\/2025\/11\/tenue-boxe-Oba-300x156.jpg 300w, https:\/\/streetballstore.com\/wp-content\/uploads\/2025\/11\/tenue-boxe-Oba-768x399.jpg 768w, https:\/\/streetballstore.com\/wp-content\/uploads\/2025\/11\/tenue-boxe-Oba-1536x798.jpg 1536w, https:\/\/streetballstore.com\/wp-content\/uploads\/2025\/11\/tenue-boxe-Oba-2048x1064.jpg 2048w, https:\/\/streetballstore.com\/wp-content\/uploads\/2025\/11\/tenue-boxe-Oba-800x416.jpg 800w, https:\/\/streetballstore.com\/wp-content\/uploads\/2025\/11\/tenue-boxe-Oba-900x468.jpg 900w\" sizes=\"(max-width: 1024px) 100vw, 1024px\" \/>\t\t\t\t\t\t\t\t\t\t\t\t\t\t\t<\/div>\n\t\t\t\t<\/div>\n\t\t\t\t<\/div>\n\t\t\t\t<\/div>\n\t\t<div class=\"e-con-top elementor-element elementor-element-ca95496 e-flex e-con-boxed e-con e-parent\" data-id=\"ca95496\" data-element_type=\"container\">\n\t\t\t\t\t<div class=\"e-con-inner\">\n\t\t\t\t<div class=\"elementor-element elementor-element-24dd087 elementor-widget elementor-widget-spacer\" data-id=\"24dd087\" data-element_type=\"widget\" data-widget_type=\"spacer.default\">\n\t\t\t\t<div class=\"elementor-widget-container\">\n\t\t\t\t\t\t\t<div class=\"elementor-spacer\">\n\t\t\t<div class=\"elementor-spacer-inner\"><\/div>\n\t\t<\/div>\n\t\t\t\t\t\t<\/div>\n\t\t\t\t<\/div>\n\t\t\t\t\t<\/div>\n\t\t\t\t<\/div>\n\t\t<div class=\"e-con-top elementor-element elementor-element-037164b e-flex e-con-boxed e-con e-parent\" data-id=\"037164b\" data-element_type=\"container\">\n\t\t\t\t\t<div class=\"e-con-inner\">\n\t\t\t\t<div class=\"elementor-element elementor-element-8503141 elementor-arrows-position-inside elementor-pagination-position-outside elementor-widget elementor-widget-image-carousel\" data-id=\"8503141\" data-element_type=\"widget\" data-settings=\"{&quot;slides_to_show&quot;:&quot;2&quot;,&quot;navigation&quot;:&quot;both&quot;,&quot;autoplay&quot;:&quot;yes&quot;,&quot;pause_on_hover&quot;:&quot;yes&quot;,&quot;pause_on_interaction&quot;:&quot;yes&quot;,&quot;autoplay_speed&quot;:5000,&quot;infinite&quot;:&quot;yes&quot;,&quot;speed&quot;:500}\" data-widget_type=\"image-carousel.default\">\n\t\t\t\t<div class=\"elementor-widget-container\">\n\t\t\t\t\t\t\t<div data-carousel-id=\"#carousel-6909f4eca10aa\" class=\"elementor-image-carousel-wrapper swiper\" role=\"region\" aria-roledescription=\"carousel\" aria-label=\"Image carousel\" dir=\"ltr\">\n\t\t\t<div class=\"elementor-image-carousel swiper-wrapper\" aria-live=\"off\">\n\t\t\t\t\t\t\t\t<div class=\"swiper-slide\" role=\"group\" aria-roledescription=\"slide\" aria-label=\"1 of 2\"><figure class=\"swiper-slide-inner\"><img decoding=\"async\" class=\"swiper-slide-image\" src=\"https:\/\/streetballstore.com\/wp-content\/uploads\/2025\/11\/tenue-de-boxe-rouge.jpg\" alt=\"tenue de boxe rouge\" \/><\/figure><\/div><div class=\"swiper-slide\" role=\"group\" aria-roledescription=\"slide\" aria-label=\"2 of 2\"><figure class=\"swiper-slide-inner\"><img decoding=\"async\" class=\"swiper-slide-image\" src=\"https:\/\/streetballstore.com\/wp-content\/uploads\/2025\/11\/tenue-de-boxe.jpg\" alt=\"tenue de boxe\" \/><\/figure><\/div>\t\t\t<\/div>\n\t\t\t\t\t\t\t\t\t\t\t\t<div class=\"elementor-swiper-button elementor-swiper-button-prev\" role=\"button\" tabindex=\"0\">\n\t\t\t\t\t\t<svg aria-hidden=\"true\" class=\"e-font-icon-svg e-eicon-chevron-left\" viewbox=\"0 0 1000 1000\" xmlns=\"http:\/\/www.w3.org\/2000\/svg\"><path d=\"M646 125C629 125 613 133 604 142L308 442C296 454 292 471 292 487 292 504 296 521 308 533L604 854C617 867 629 875 646 875 663 875 679 871 692 858 704 846 713 829 713 812 713 796 708 779 692 767L438 487 692 225C700 217 708 204 708 187 708 171 704 154 692 142 675 129 663 125 646 125Z\"><\/path><\/svg>\t\t\t\t\t<\/div>\n\t\t\t\t\t<div class=\"elementor-swiper-button elementor-swiper-button-next\" role=\"button\" tabindex=\"0\">\n\t\t\t\t\t\t<svg aria-hidden=\"true\" class=\"e-font-icon-svg e-eicon-chevron-right\" viewbox=\"0 0 1000 1000\" xmlns=\"http:\/\/www.w3.org\/2000\/svg\"><path d=\"M696 533C708 521 713 504 713 487 713 471 708 454 696 446L400 146C388 133 375 125 354 125 338 125 325 129 313 142 300 154 292 171 292 187 292 204 296 221 308 233L563 492 304 771C292 783 288 800 288 817 288 833 296 850 308 863 321 871 338 875 354 875 371 875 388 867 400 854L696 533Z\"><\/path><\/svg>\t\t\t\t\t<\/div>\n\t\t\t\t\n\t\t\t\t\t\t\t\t\t<div class=\"swiper-pagination\"><\/div>\n\t\t\t\t\t\t\t\t\t<\/div>\n\t\t\t\t\t\t<\/div>\n\t\t\t\t<\/div>\n\t\t\t\t\t<\/div>\n\t\t\t\t<\/div>\n\t\t<div class=\"e-con-top elementor-element elementor-element-bbebaed e-flex e-con-boxed e-con e-parent\" data-id=\"bbebaed\" data-element_type=\"container\">\n\t\t\t\t\t<div class=\"e-con-inner\">\n\t\t\t\t<div class=\"elementor-element elementor-element-eea4cef elementor-widget elementor-widget-spacer\" data-id=\"eea4cef\" data-element_type=\"widget\" data-widget_type=\"spacer.default\">\n\t\t\t\t<div class=\"elementor-widget-container\">\n\t\t\t\t\t\t\t<div class=\"elementor-spacer\">\n\t\t\t<div class=\"elementor-spacer-inner\"><\/div>\n\t\t<\/div>\n\t\t\t\t\t\t<\/div>\n\t\t\t\t<\/div>\n\t\t\t\t\t<\/div>\n\t\t\t\t<\/div>\n\t\t\t\t<\/div>","protected":false},"excerpt":{"rendered":"<p>Fighting Boxing \u2022 MMA \u2022 Fighting \u2013 On vous \u00e9quipe de A \u00e0 Z Que vous soyez boxeur, combattant de MMA, pratiquant de kickboxing, muay tha\u00ef, judo, karat\u00e9, grappling ou toute autre discipline de combat, StreetBallStore est l\u00e0 pour vous \u00e9quiper des pieds jusqu\u2019\u00e0 la t\u00eate. Gants, protections, tenues d\u2019entra\u00eenement, \u00e9quipements techniques, accessoires\u2026 nous s\u00e9lectionnons [&hellip;]<\/p>","protected":false},"author":2,"featured_media":0,"parent":0,"menu_order":0,"comment_status":"closed","ping_status":"closed","template":"","meta":{"_acf_changed":false,"footnotes":""},"class_list":["post-5171","page","type-page","status-publish","hentry"],"acf":[],"yoast_head":"<!-- This site is optimized with the Yoast SEO plugin v26.4 - https:\/\/yoast.com\/wordpress\/plugins\/seo\/ -->\n<title>Sport Fight - StreetBall Store<\/title>\n<meta name=\"robots\" content=\"index, follow, max-snippet:-1, max-image-preview:large, max-video-preview:-1\" \/>\n<link rel=\"canonical\" href=\"https:\/\/streetballstore.com\/en\/sport-fight\/\" \/>\n<meta property=\"og:locale\" content=\"en_US\" \/>\n<meta property=\"og:type\" content=\"article\" \/>\n<meta property=\"og:title\" content=\"Sport Fight - StreetBall Store\" \/>\n<meta property=\"og:description\" content=\"Fighting Boxing \u2022 MMA \u2022 Fighting \u2013 On vous \u00e9quipe de A \u00e0 Z Que vous soyez boxeur, combattant de MMA, pratiquant de kickboxing, muay tha\u00ef, judo, karat\u00e9, grappling ou toute autre discipline de combat, StreetBallStore est l\u00e0 pour vous \u00e9quiper des pieds jusqu\u2019\u00e0 la t\u00eate. Gants, protections, tenues d\u2019entra\u00eenement, \u00e9quipements techniques, accessoires\u2026 nous s\u00e9lectionnons [&hellip;]\" \/>\n<meta property=\"og:url\" content=\"https:\/\/streetballstore.com\/en\/sport-fight\/\" \/>\n<meta property=\"og:site_name\" content=\"StreetBall Store\" \/>\n<meta property=\"article:modified_time\" content=\"2025-11-19T10:17:04+00:00\" \/>\n<meta property=\"og:image\" content=\"https:\/\/streetballstore.com\/wp-content\/uploads\/2025\/11\/tenue-boxe-Oba.jpg\" \/>\n\t<meta property=\"og:image:width\" content=\"2409\" \/>\n\t<meta property=\"og:image:height\" content=\"1252\" \/>\n\t<meta property=\"og:image:type\" content=\"image\/jpeg\" \/>\n<meta name=\"twitter:card\" content=\"summary_large_image\" \/>\n<meta name=\"twitter:label1\" content=\"Est. reading time\" \/>\n\t<meta name=\"twitter:data1\" content=\"2 minutes\" \/>\n<script type=\"application\/ld+json\" class=\"yoast-schema-graph\">{\"@context\":\"https:\/\/schema.org\",\"@graph\":[{\"@type\":\"WebPage\",\"@id\":\"https:\/\/streetballstore.com\/sport-fight\/\",\"url\":\"https:\/\/streetballstore.com\/sport-fight\/\",\"name\":\"Sport Fight - StreetBall Store\",\"isPartOf\":{\"@id\":\"https:\/\/streetballstore.com\/#website\"},\"primaryImageOfPage\":{\"@id\":\"https:\/\/streetballstore.com\/sport-fight\/#primaryimage\"},\"image\":{\"@id\":\"https:\/\/streetballstore.com\/sport-fight\/#primaryimage\"},\"thumbnailUrl\":\"https:\/\/streetballstore.com\/wp-content\/uploads\/2025\/11\/tenue-boxe-Oba-1024x532.jpg\",\"datePublished\":\"2025-11-17T20:07:52+00:00\",\"dateModified\":\"2025-11-19T10:17:04+00:00\",\"breadcrumb\":{\"@id\":\"https:\/\/streetballstore.com\/sport-fight\/#breadcrumb\"},\"inLanguage\":\"en-US\",\"potentialAction\":[{\"@type\":\"ReadAction\",\"target\":[\"https:\/\/streetballstore.com\/sport-fight\/\"]}]},{\"@type\":\"ImageObject\",\"inLanguage\":\"en-US\",\"@id\":\"https:\/\/streetballstore.com\/sport-fight\/#primaryimage\",\"url\":\"https:\/\/streetballstore.com\/wp-content\/uploads\/2025\/11\/tenue-boxe-Oba-1024x532.jpg\",\"contentUrl\":\"https:\/\/streetballstore.com\/wp-content\/uploads\/2025\/11\/tenue-boxe-Oba-1024x532.jpg\"},{\"@type\":\"BreadcrumbList\",\"@id\":\"https:\/\/streetballstore.com\/sport-fight\/#breadcrumb\",\"itemListElement\":[{\"@type\":\"ListItem\",\"position\":1,\"name\":\"Accueil\",\"item\":\"https:\/\/streetballstore.com\/\"},{\"@type\":\"ListItem\",\"position\":2,\"name\":\"Sport Fight\"}]},{\"@type\":\"WebSite\",\"@id\":\"https:\/\/streetballstore.com\/#website\",\"url\":\"https:\/\/streetballstore.com\/\",\"name\":\"StreetBall Store \u2013 Boutique de sport et streetwear\",\"description\":\"Where Others Don\u2019t!\",\"publisher\":{\"@id\":\"https:\/\/streetballstore.com\/#organization\"},\"potentialAction\":[{\"@type\":\"SearchAction\",\"target\":{\"@type\":\"EntryPoint\",\"urlTemplate\":\"https:\/\/streetballstore.com\/?s={search_term_string}\"},\"query-input\":{\"@type\":\"PropertyValueSpecification\",\"valueRequired\":true,\"valueName\":\"search_term_string\"}}],\"inLanguage\":\"en-US\"},{\"@type\":\"Organization\",\"@id\":\"https:\/\/streetballstore.com\/#organization\",\"name\":\"StreetBall Store\",\"url\":\"https:\/\/streetballstore.com\/\",\"logo\":{\"@type\":\"ImageObject\",\"inLanguage\":\"en-US\",\"@id\":\"https:\/\/streetballstore.com\/#\/schema\/logo\/image\/\",\"url\":\"https:\/\/streetballstore.com\/wp-content\/uploads\/2025\/09\/cropped-streetball-store-logo_.png\",\"contentUrl\":\"https:\/\/streetballstore.com\/wp-content\/uploads\/2025\/09\/cropped-streetball-store-logo_.png\",\"width\":520,\"height\":520,\"caption\":\"StreetBall Store\"},\"image\":{\"@id\":\"https:\/\/streetballstore.com\/#\/schema\/logo\/image\/\"},\"sameAs\":[\"https:\/\/www.instagram.com\/streetballstore?igsh=MTJqOGloaHlhNGZ2NQ&utm_source=qr\"]}]}<\/script>\n<!-- \/ Yoast SEO plugin. -->","yoast_head_json":{"title":"Sport Fight - StreetBall Store","robots":{"index":"index","follow":"follow","max-snippet":"max-snippet:-1","max-image-preview":"max-image-preview:large","max-video-preview":"max-video-preview:-1"},"canonical":"https:\/\/streetballstore.com\/en\/sport-fight\/","og_locale":"en_US","og_type":"article","og_title":"Sport Fight - StreetBall Store","og_description":"Fighting Boxing \u2022 MMA \u2022 Fighting \u2013 On vous \u00e9quipe de A \u00e0 Z Que vous soyez boxeur, combattant de MMA, pratiquant de kickboxing, muay tha\u00ef, judo, karat\u00e9, grappling ou toute autre discipline de combat, StreetBallStore est l\u00e0 pour vous \u00e9quiper des pieds jusqu\u2019\u00e0 la t\u00eate. Gants, protections, tenues d\u2019entra\u00eenement, \u00e9quipements techniques, accessoires\u2026 nous s\u00e9lectionnons [&hellip;]","og_url":"https:\/\/streetballstore.com\/en\/sport-fight\/","og_site_name":"StreetBall Store","article_modified_time":"2025-11-19T10:17:04+00:00","og_image":[{"width":2409,"height":1252,"url":"https:\/\/streetballstore.com\/wp-content\/uploads\/2025\/11\/tenue-boxe-Oba.jpg","type":"image\/jpeg"}],"twitter_card":"summary_large_image","twitter_misc":{"Est. reading time":"2 minutes"},"schema":{"@context":"https:\/\/schema.org","@graph":[{"@type":"WebPage","@id":"https:\/\/streetballstore.com\/sport-fight\/","url":"https:\/\/streetballstore.com\/sport-fight\/","name":"Sport Fight - StreetBall Store","isPartOf":{"@id":"https:\/\/streetballstore.com\/#website"},"primaryImageOfPage":{"@id":"https:\/\/streetballstore.com\/sport-fight\/#primaryimage"},"image":{"@id":"https:\/\/streetballstore.com\/sport-fight\/#primaryimage"},"thumbnailUrl":"https:\/\/streetballstore.com\/wp-content\/uploads\/2025\/11\/tenue-boxe-Oba-1024x532.jpg","datePublished":"2025-11-17T20:07:52+00:00","dateModified":"2025-11-19T10:17:04+00:00","breadcrumb":{"@id":"https:\/\/streetballstore.com\/sport-fight\/#breadcrumb"},"inLanguage":"en-US","potentialAction":[{"@type":"ReadAction","target":["https:\/\/streetballstore.com\/sport-fight\/"]}]},{"@type":"ImageObject","inLanguage":"en-US","@id":"https:\/\/streetballstore.com\/sport-fight\/#primaryimage","url":"https:\/\/streetballstore.com\/wp-content\/uploads\/2025\/11\/tenue-boxe-Oba-1024x532.jpg","contentUrl":"https:\/\/streetballstore.com\/wp-content\/uploads\/2025\/11\/tenue-boxe-Oba-1024x532.jpg"},{"@type":"BreadcrumbList","@id":"https:\/\/streetballstore.com\/sport-fight\/#breadcrumb","itemListElement":[{"@type":"ListItem","position":1,"name":"Accueil","item":"https:\/\/streetballstore.com\/"},{"@type":"ListItem","position":2,"name":"Sport Fight"}]},{"@type":"WebSite","@id":"https:\/\/streetballstore.com\/#website","url":"https:\/\/streetballstore.com\/","name":"StreetBall Store \u2013 Boutique de sport et streetwear","description":"Where Others Don't!","publisher":{"@id":"https:\/\/streetballstore.com\/#organization"},"potentialAction":[{"@type":"SearchAction","target":{"@type":"EntryPoint","urlTemplate":"https:\/\/streetballstore.com\/?s={search_term_string}"},"query-input":{"@type":"PropertyValueSpecification","valueRequired":true,"valueName":"search_term_string"}}],"inLanguage":"en-US"},{"@type":"Organization","@id":"https:\/\/streetballstore.com\/#organization","name":"StreetBall Store","url":"https:\/\/streetballstore.com\/","logo":{"@type":"ImageObject","inLanguage":"en-US","@id":"https:\/\/streetballstore.com\/#\/schema\/logo\/image\/","url":"https:\/\/streetballstore.com\/wp-content\/uploads\/2025\/09\/cropped-streetball-store-logo_.png","contentUrl":"https:\/\/streetballstore.com\/wp-content\/uploads\/2025\/09\/cropped-streetball-store-logo_.png","width":520,"height":520,"caption":"StreetBall Store"},"image":{"@id":"https:\/\/streetballstore.com\/#\/schema\/logo\/image\/"},"sameAs":["https:\/\/www.instagram.com\/streetballstore?igsh=MTJqOGloaHlhNGZ2NQ&utm_source=qr"]}]}},"_links":{"self":[{"href":"https:\/\/streetballstore.com\/en\/wp-json\/wp\/v2\/pages\/5171","targetHints":{"allow":["GET"]}}],"collection":[{"href":"https:\/\/streetballstore.com\/en\/wp-json\/wp\/v2\/pages"}],"about":[{"href":"https:\/\/streetballstore.com\/en\/wp-json\/wp\/v2\/types\/page"}],"author":[{"embeddable":true,"href":"https:\/\/streetballstore.com\/en\/wp-json\/wp\/v2\/users\/2"}],"replies":[{"embeddable":true,"href":"https:\/\/streetballstore.com\/en\/wp-json\/wp\/v2\/comments?post=5171"}],"version-history":[{"count":23,"href":"https:\/\/streetballstore.com\/en\/wp-json\/wp\/v2\/pages\/5171\/revisions"}],"predecessor-version":[{"id":5290,"href":"https:\/\/streetballstore.com\/en\/wp-json\/wp\/v2\/pages\/5171\/revisions\/5290"}],"wp:attachment":[{"href":"https:\/\/streetballstore.com\/en\/wp-json\/wp\/v2\/media?parent=5171"}],"curies":[{"name":"wp","href":"https:\/\/api.w.org\/{rel}","templated":true}]}}