{"id":4259,"date":"2025-10-29T23:53:43","date_gmt":"2025-10-29T22:53:43","guid":{"rendered":"https:\/\/streetballstore.com\/?page_id=4259"},"modified":"2026-01-23T17:15:11","modified_gmt":"2026-01-23T16:15:11","slug":"banger-jersey","status":"publish","type":"page","link":"https:\/\/streetballstore.com\/en\/banger-jersey\/","title":{"rendered":"Banger Jersey"},"content":{"rendered":"<div data-elementor-type=\"wp-page\" data-elementor-id=\"4259\" class=\"elementor elementor-4259\" data-elementor-post-type=\"page\">\n\t\t\t\t<div class=\"e-con-top elementor-element elementor-element-c1c615e rey-section-stretched e-con-full e-flex e-con e-parent\" data-id=\"c1c615e\" data-element_type=\"container\" data-settings=\"{&quot;background_background&quot;:&quot;video&quot;,&quot;background_video_link&quot;:&quot;https:\\\/\\\/vimeo.com\\\/1156582557?fl=ip&amp;fe=ec&quot;,&quot;background_play_on_mobile&quot;:&quot;yes&quot;}\">\n\t\t<div class=\"elementor-background-video-container\" aria-hidden=\"true\">\n\t\t\t\t\t\t\t<div class=\"elementor-background-video-embed\"><\/div>\n\t\t\t\t\t\t<\/div>\t\t<div class=\"elementor-element elementor-element-93c1126 elementor-widget elementor-widget-image\" data-id=\"93c1126\" data-element_type=\"widget\" data-widget_type=\"image.default\">\n\t\t\t\t<div class=\"elementor-widget-container\">\n\t\t\t\t\t\t\t\t\t\t\t\t\t\t\t<img decoding=\"async\" width=\"150\" height=\"150\" src=\"https:\/\/streetballstore.com\/wp-content\/uploads\/2026\/01\/banger-jersey-blanc-150x150.png\" class=\"attachment-thumbnail size-thumbnail wp-image-6790\" alt=\"\" srcset=\"https:\/\/streetballstore.com\/wp-content\/uploads\/2026\/01\/banger-jersey-blanc-150x150.png 150w, https:\/\/streetballstore.com\/wp-content\/uploads\/2026\/01\/banger-jersey-blanc-100x100.png 100w\" sizes=\"(max-width: 150px) 100vw, 150px\" \/>\t\t\t\t\t\t\t\t\t\t\t\t\t\t\t<\/div>\n\t\t\t\t<\/div>\n\t\t\t\t<\/div>\n\t\t<div class=\"e-con-top elementor-element elementor-element-4400799 e-flex e-con-boxed e-con e-parent\" data-id=\"4400799\" data-element_type=\"container\">\n\t\t\t\t\t<div class=\"e-con-inner\">\n\t\t\t\t<div class=\"elementor-element elementor-element-942ac97 elementor-widget elementor-widget-text-editor\" data-id=\"942ac97\" data-element_type=\"widget\" data-widget_type=\"text-editor.default\">\n\t\t\t\t<div class=\"elementor-widget-container\">\n\t\t\t\t\t\t\t\t\t<p class=\"p1\"><span class=\"s1\">BANGER JERSEY\u00ae<\/span><span class=\"s2\"> est une marque d\u00e9di\u00e9e aux <\/span><span class=\"s1\">maillots r\u00e9tro<\/span><span class=\"s2\"> et \u00e0 l\u2019h\u00e9ritage du basketball universitaire et old school.<\/span><\/p><p class=\"p1\"><span class=\"s2\">Chaque pi\u00e8ce raconte une histoire : celle des <\/span><span class=\"s1\">l\u00e9gendes avant qu\u2019elles ne deviennent des stars<\/span><span class=\"s2\">, lorsqu\u2019elles portaient fi\u00e8rement les couleurs de leur universit\u00e9 ou de leur \u00e9quipe d\u2019origine.<\/span><\/p><p class=\"p1\"><span class=\"s2\">Notre mission est de <\/span><span class=\"s1\">faire revivre l\u2019authenticit\u00e9 du jeu<\/span><span class=\"s2\">, \u00e0 travers des jerseys embl\u00e9matiques, rares et charg\u00e9s d\u2019histoire.<\/span><\/p><p class=\"p1\"><span class=\"s2\">Entre <\/span><span class=\"s1\">collection et culture<\/span><span class=\"s2\">, <\/span><span class=\"s1\">BANGER JERSEY\u00ae<\/span><span class=\"s2\"> rend hommage \u00e0 une \u00e9poque o\u00f9 le style et la passion parlaient plus fort que les statistiques.<\/span><\/p><p class=\"p1\"><span class=\"s2\">Parce qu\u2019un vrai maillot n\u2019est pas qu\u2019un v\u00eatement <\/span><\/p>\t\t\t\t\t\t\t\t<\/div>\n\t\t\t\t<\/div>\n\t\t\t\t\t<\/div>\n\t\t\t\t<\/div>\n\t\t<div class=\"e-con-top elementor-element elementor-element-ba4abff e-flex e-con-boxed e-con e-parent\" data-id=\"ba4abff\" data-element_type=\"container\">\n\t\t\t\t\t<div class=\"e-con-inner\">\n\t\t\t\t<div class=\"elementor-element elementor-element-3a6a5e6 elementor-widget elementor-widget-heading\" data-id=\"3a6a5e6\" data-element_type=\"widget\" data-widget_type=\"heading.default\">\n\t\t\t\t<div class=\"elementor-widget-container\">\n\t\t\t\t\t<h2 class=\"elementor-heading-title elementor-size-default\">DECOUVREZ BIENTOT LA BOUTIQUE<\/h2>\t\t\t\t<\/div>\n\t\t\t\t<\/div>\n\t\t\t\t\t<\/div>\n\t\t\t\t<\/div>\n\t\t<div class=\"e-con-top elementor-element elementor-element-c35393a e-flex e-con-boxed e-con e-parent\" data-id=\"c35393a\" data-element_type=\"container\">\n\t\t\t\t\t<div class=\"e-con-inner\">\n\t\t\t\t<div class=\"elementor-element elementor-element-abf38b7 elementor-widget elementor-widget-spacer\" data-id=\"abf38b7\" data-element_type=\"widget\" data-widget_type=\"spacer.default\">\n\t\t\t\t<div class=\"elementor-widget-container\">\n\t\t\t\t\t\t\t<div class=\"elementor-spacer\">\n\t\t\t<div class=\"elementor-spacer-inner\"><\/div>\n\t\t<\/div>\n\t\t\t\t\t\t<\/div>\n\t\t\t\t<\/div>\n\t\t\t\t\t<\/div>\n\t\t\t\t<\/div>\n\t\t\t\t<\/div>","protected":false},"excerpt":{"rendered":"<p>BANGER JERSEY\u00ae est une marque d\u00e9di\u00e9e aux maillots r\u00e9tro et \u00e0 l\u2019h\u00e9ritage du basketball universitaire et old school. Chaque pi\u00e8ce raconte une histoire : celle des l\u00e9gendes avant qu\u2019elles ne deviennent des stars, lorsqu\u2019elles portaient fi\u00e8rement les couleurs de leur universit\u00e9 ou de leur \u00e9quipe d\u2019origine. Notre mission est de faire revivre l\u2019authenticit\u00e9 du jeu, [&hellip;]<\/p>","protected":false},"author":2,"featured_media":0,"parent":0,"menu_order":0,"comment_status":"closed","ping_status":"closed","template":"","meta":{"_acf_changed":false,"footnotes":""},"class_list":["post-4259","page","type-page","status-publish","hentry"],"acf":[],"yoast_head":"<!-- This site is optimized with the Yoast SEO plugin v26.4 - https:\/\/yoast.com\/wordpress\/plugins\/seo\/ -->\n<title>Banger Jersey - StreetBall Store<\/title>\n<meta name=\"robots\" content=\"index, follow, max-snippet:-1, max-image-preview:large, max-video-preview:-1\" \/>\n<link rel=\"canonical\" href=\"https:\/\/streetballstore.com\/en\/banger-jersey\/\" \/>\n<meta property=\"og:locale\" content=\"en_US\" \/>\n<meta property=\"og:type\" content=\"article\" \/>\n<meta property=\"og:title\" content=\"Banger Jersey - StreetBall Store\" \/>\n<meta property=\"og:description\" content=\"BANGER JERSEY\u00ae est une marque d\u00e9di\u00e9e aux maillots r\u00e9tro et \u00e0 l\u2019h\u00e9ritage du basketball universitaire et old school. Chaque pi\u00e8ce raconte une histoire : celle des l\u00e9gendes avant qu\u2019elles ne deviennent des stars, lorsqu\u2019elles portaient fi\u00e8rement les couleurs de leur universit\u00e9 ou de leur \u00e9quipe d\u2019origine. Notre mission est de faire revivre l\u2019authenticit\u00e9 du jeu, [&hellip;]\" \/>\n<meta property=\"og:url\" content=\"https:\/\/streetballstore.com\/en\/banger-jersey\/\" \/>\n<meta property=\"og:site_name\" content=\"StreetBall Store\" \/>\n<meta property=\"article:modified_time\" content=\"2026-01-23T16:15:11+00:00\" \/>\n<meta property=\"og:image\" content=\"https:\/\/streetballstore.com\/wp-content\/uploads\/2026\/01\/banger-jersey-blanc.png\" \/>\n\t<meta property=\"og:image:width\" content=\"1812\" \/>\n\t<meta property=\"og:image:height\" content=\"1454\" \/>\n\t<meta property=\"og:image:type\" content=\"image\/png\" \/>\n<meta name=\"twitter:card\" content=\"summary_large_image\" \/>\n<meta name=\"twitter:label1\" content=\"Est. reading time\" \/>\n\t<meta name=\"twitter:data1\" content=\"1 minute\" \/>\n<script type=\"application\/ld+json\" class=\"yoast-schema-graph\">{\"@context\":\"https:\/\/schema.org\",\"@graph\":[{\"@type\":\"WebPage\",\"@id\":\"https:\/\/streetballstore.com\/banger-jersey\/\",\"url\":\"https:\/\/streetballstore.com\/banger-jersey\/\",\"name\":\"Banger Jersey - StreetBall Store\",\"isPartOf\":{\"@id\":\"https:\/\/streetballstore.com\/#website\"},\"primaryImageOfPage\":{\"@id\":\"https:\/\/streetballstore.com\/banger-jersey\/#primaryimage\"},\"image\":{\"@id\":\"https:\/\/streetballstore.com\/banger-jersey\/#primaryimage\"},\"thumbnailUrl\":\"https:\/\/streetballstore.com\/wp-content\/uploads\/2026\/01\/banger-jersey-blanc-150x150.png\",\"datePublished\":\"2025-10-29T22:53:43+00:00\",\"dateModified\":\"2026-01-23T16:15:11+00:00\",\"breadcrumb\":{\"@id\":\"https:\/\/streetballstore.com\/banger-jersey\/#breadcrumb\"},\"inLanguage\":\"en-US\",\"potentialAction\":[{\"@type\":\"ReadAction\",\"target\":[\"https:\/\/streetballstore.com\/banger-jersey\/\"]}]},{\"@type\":\"ImageObject\",\"inLanguage\":\"en-US\",\"@id\":\"https:\/\/streetballstore.com\/banger-jersey\/#primaryimage\",\"url\":\"https:\/\/streetballstore.com\/wp-content\/uploads\/2026\/01\/banger-jersey-blanc-150x150.png\",\"contentUrl\":\"https:\/\/streetballstore.com\/wp-content\/uploads\/2026\/01\/banger-jersey-blanc-150x150.png\"},{\"@type\":\"BreadcrumbList\",\"@id\":\"https:\/\/streetballstore.com\/banger-jersey\/#breadcrumb\",\"itemListElement\":[{\"@type\":\"ListItem\",\"position\":1,\"name\":\"Accueil\",\"item\":\"https:\/\/streetballstore.com\/\"},{\"@type\":\"ListItem\",\"position\":2,\"name\":\"Banger Jersey\"}]},{\"@type\":\"WebSite\",\"@id\":\"https:\/\/streetballstore.com\/#website\",\"url\":\"https:\/\/streetballstore.com\/\",\"name\":\"StreetBall Store \u2013 Boutique de sport et streetwear\",\"description\":\"Where Others Don\u2019t!\",\"publisher\":{\"@id\":\"https:\/\/streetballstore.com\/#organization\"},\"potentialAction\":[{\"@type\":\"SearchAction\",\"target\":{\"@type\":\"EntryPoint\",\"urlTemplate\":\"https:\/\/streetballstore.com\/?s={search_term_string}\"},\"query-input\":{\"@type\":\"PropertyValueSpecification\",\"valueRequired\":true,\"valueName\":\"search_term_string\"}}],\"inLanguage\":\"en-US\"},{\"@type\":\"Organization\",\"@id\":\"https:\/\/streetballstore.com\/#organization\",\"name\":\"StreetBall Store\",\"url\":\"https:\/\/streetballstore.com\/\",\"logo\":{\"@type\":\"ImageObject\",\"inLanguage\":\"en-US\",\"@id\":\"https:\/\/streetballstore.com\/#\/schema\/logo\/image\/\",\"url\":\"https:\/\/streetballstore.com\/wp-content\/uploads\/2025\/09\/cropped-streetball-store-logo_.png\",\"contentUrl\":\"https:\/\/streetballstore.com\/wp-content\/uploads\/2025\/09\/cropped-streetball-store-logo_.png\",\"width\":520,\"height\":520,\"caption\":\"StreetBall Store\"},\"image\":{\"@id\":\"https:\/\/streetballstore.com\/#\/schema\/logo\/image\/\"},\"sameAs\":[\"https:\/\/www.instagram.com\/streetballstore?igsh=MTJqOGloaHlhNGZ2NQ&utm_source=qr\"]}]}<\/script>\n<!-- \/ Yoast SEO plugin. -->","yoast_head_json":{"title":"Banger Jersey - StreetBall Store","robots":{"index":"index","follow":"follow","max-snippet":"max-snippet:-1","max-image-preview":"max-image-preview:large","max-video-preview":"max-video-preview:-1"},"canonical":"https:\/\/streetballstore.com\/en\/banger-jersey\/","og_locale":"en_US","og_type":"article","og_title":"Banger Jersey - StreetBall Store","og_description":"BANGER JERSEY\u00ae est une marque d\u00e9di\u00e9e aux maillots r\u00e9tro et \u00e0 l\u2019h\u00e9ritage du basketball universitaire et old school. Chaque pi\u00e8ce raconte une histoire : celle des l\u00e9gendes avant qu\u2019elles ne deviennent des stars, lorsqu\u2019elles portaient fi\u00e8rement les couleurs de leur universit\u00e9 ou de leur \u00e9quipe d\u2019origine. Notre mission est de faire revivre l\u2019authenticit\u00e9 du jeu, [&hellip;]","og_url":"https:\/\/streetballstore.com\/en\/banger-jersey\/","og_site_name":"StreetBall Store","article_modified_time":"2026-01-23T16:15:11+00:00","og_image":[{"width":1812,"height":1454,"url":"https:\/\/streetballstore.com\/wp-content\/uploads\/2026\/01\/banger-jersey-blanc.png","type":"image\/png"}],"twitter_card":"summary_large_image","twitter_misc":{"Est. reading time":"1 minute"},"schema":{"@context":"https:\/\/schema.org","@graph":[{"@type":"WebPage","@id":"https:\/\/streetballstore.com\/banger-jersey\/","url":"https:\/\/streetballstore.com\/banger-jersey\/","name":"Banger Jersey - StreetBall Store","isPartOf":{"@id":"https:\/\/streetballstore.com\/#website"},"primaryImageOfPage":{"@id":"https:\/\/streetballstore.com\/banger-jersey\/#primaryimage"},"image":{"@id":"https:\/\/streetballstore.com\/banger-jersey\/#primaryimage"},"thumbnailUrl":"https:\/\/streetballstore.com\/wp-content\/uploads\/2026\/01\/banger-jersey-blanc-150x150.png","datePublished":"2025-10-29T22:53:43+00:00","dateModified":"2026-01-23T16:15:11+00:00","breadcrumb":{"@id":"https:\/\/streetballstore.com\/banger-jersey\/#breadcrumb"},"inLanguage":"en-US","potentialAction":[{"@type":"ReadAction","target":["https:\/\/streetballstore.com\/banger-jersey\/"]}]},{"@type":"ImageObject","inLanguage":"en-US","@id":"https:\/\/streetballstore.com\/banger-jersey\/#primaryimage","url":"https:\/\/streetballstore.com\/wp-content\/uploads\/2026\/01\/banger-jersey-blanc-150x150.png","contentUrl":"https:\/\/streetballstore.com\/wp-content\/uploads\/2026\/01\/banger-jersey-blanc-150x150.png"},{"@type":"BreadcrumbList","@id":"https:\/\/streetballstore.com\/banger-jersey\/#breadcrumb","itemListElement":[{"@type":"ListItem","position":1,"name":"Accueil","item":"https:\/\/streetballstore.com\/"},{"@type":"ListItem","position":2,"name":"Banger Jersey"}]},{"@type":"WebSite","@id":"https:\/\/streetballstore.com\/#website","url":"https:\/\/streetballstore.com\/","name":"StreetBall Store \u2013 Boutique de sport et streetwear","description":"Where Others Don't!","publisher":{"@id":"https:\/\/streetballstore.com\/#organization"},"potentialAction":[{"@type":"SearchAction","target":{"@type":"EntryPoint","urlTemplate":"https:\/\/streetballstore.com\/?s={search_term_string}"},"query-input":{"@type":"PropertyValueSpecification","valueRequired":true,"valueName":"search_term_string"}}],"inLanguage":"en-US"},{"@type":"Organization","@id":"https:\/\/streetballstore.com\/#organization","name":"StreetBall Store","url":"https:\/\/streetballstore.com\/","logo":{"@type":"ImageObject","inLanguage":"en-US","@id":"https:\/\/streetballstore.com\/#\/schema\/logo\/image\/","url":"https:\/\/streetballstore.com\/wp-content\/uploads\/2025\/09\/cropped-streetball-store-logo_.png","contentUrl":"https:\/\/streetballstore.com\/wp-content\/uploads\/2025\/09\/cropped-streetball-store-logo_.png","width":520,"height":520,"caption":"StreetBall Store"},"image":{"@id":"https:\/\/streetballstore.com\/#\/schema\/logo\/image\/"},"sameAs":["https:\/\/www.instagram.com\/streetballstore?igsh=MTJqOGloaHlhNGZ2NQ&utm_source=qr"]}]}},"_links":{"self":[{"href":"https:\/\/streetballstore.com\/en\/wp-json\/wp\/v2\/pages\/4259","targetHints":{"allow":["GET"]}}],"collection":[{"href":"https:\/\/streetballstore.com\/en\/wp-json\/wp\/v2\/pages"}],"about":[{"href":"https:\/\/streetballstore.com\/en\/wp-json\/wp\/v2\/types\/page"}],"author":[{"embeddable":true,"href":"https:\/\/streetballstore.com\/en\/wp-json\/wp\/v2\/users\/2"}],"replies":[{"embeddable":true,"href":"https:\/\/streetballstore.com\/en\/wp-json\/wp\/v2\/comments?post=4259"}],"version-history":[{"count":79,"href":"https:\/\/streetballstore.com\/en\/wp-json\/wp\/v2\/pages\/4259\/revisions"}],"predecessor-version":[{"id":6803,"href":"https:\/\/streetballstore.com\/en\/wp-json\/wp\/v2\/pages\/4259\/revisions\/6803"}],"wp:attachment":[{"href":"https:\/\/streetballstore.com\/en\/wp-json\/wp\/v2\/media?parent=4259"}],"curies":[{"name":"wp","href":"https:\/\/api.w.org\/{rel}","templated":true}]}}